{"id":10200,"date":"2014-12-22T17:13:17","date_gmt":"2014-12-22T16:13:17","guid":{"rendered":"http:\/\/asepta.com\/mentions-legales\/"},"modified":"2019-10-15T08:23:34","modified_gmt":"2019-10-15T07:23:34","slug":"rechtliche-hinweise","status":"publish","type":"page","link":"https:\/\/www.asepta.com\/de\/rechtliche-hinweise\/","title":{"rendered":"Rechtliche Hinweise"},"content":{"rendered":"<p>LABORATOIRES ASEPTA<br \/>\nAktiengesellschaft monegassischen Rechts mit einem Kapital von 1 520 000 \u20ac<br \/>\nSitz der Gesellschaft: 1-3 Avenue Albert II \u2013 Fontvieille \u2013 98000 F\u00dcRSTENTUM VON MONACO<br \/>\nTelefon: +377 92 05 75 51<br \/>\nE-Mail: laboratoires@asepta.mc<\/p>\n<p>Eintrag im Handelsregister von Monaco: RCI 56 S 00055<br \/>\nInnergemeinschaftliche USt.-Nr.: FR 06 00000 3102<\/p>\n<p>Gesch\u00e4ftsf\u00fchrung: Anne-Marie NOIR, Vorstandsvorsitzende<br \/>\nVerantwortlich f\u00fcr diese Ver\u00f6ffentlichung: Brice FROMION, Exportleiter<\/p>\n<p>Konzept und Gesaltung dieser Website:<br \/>\nFEDERALL, S.A.R.L. Testa, Fedenucci &#038; Canepari mit einem Kapital von 32 000 \u20ac<br \/>\nSitz der Gesellschaft: 36 avenue de l&#8217;Annonciade &#8211; Tour Od\u00e9on \u2013 98000 PRINCIPAUTE DE MONACO<br \/>\nTelefon: +377 99 99 99 97<\/p>\n<p>Eintrag im Handelsregister von Monaco: RCI 03 S 04144<br \/>\nInnergemeinschaftliche USt.-Nr.: FR 10 0000 63890<\/p>\n<p>Hosting der Website:<br \/>\nMONACO TELECOM S.A.M.<br \/>\nAktiengesellschaft monegassischen Rechts mit einem Kapital von 1 687 640 \u20ac<br \/>\nSitz der Gesellschaft: 25 Bd de Suisse &#8211; BP 377 &#8211; 98008 MONACO CEDEX<br \/>\nTelefon: +377 99 66 33 00<\/p>\n<p>Eintrag im Handelsregister von Monaco: RCI 97 S 03277<br \/>\nInnergemeinschaftliche USt.-Nr.: FR 73 0000 42183<\/p>\n<p>Geistiges Eigentum<\/p>\n<p>S\u00e4mtliche Marken und Logos auf der Website www.asepta.com sind das Eigentum der LABORATOIRES ASEPTA. Es werden keinerlei Nutzungs- oder Lizenzrechte an den auf der Website enthaltenen Marken bzw. Logos erteilt. Ihre Nutzung ist dementsprechend ohne die vorherige Einwilligung des Eigent\u00fcmers nicht gestattet.<\/p>\n<p>Eine Vervielf\u00e4ltigung der auf der Website ver\u00f6ffentlichen Dokumente darf nur zu privaten Informationszwecken erfolgen. Jede gewerbliche Nutzung ist ohne die vorherige Einwilligung der LABORATOIRES ASEPTA ausdr\u00fccklich verboten.<\/p>\n<p>Die LABORATOIRES ASEPTA behalten sich (straf)rechtliche Schritte bei einer missbr\u00e4uchlichen Nutzung ihrer Eigentumsanspr\u00fcche vor.<\/p>\n<p>Datenschutzbestimmungen<\/p>\n<p>Gem\u00e4\u00df dem franz\u00f6sischen Datenschutzgesetz (Loi Informatique et Libert\u00e9s) Nr. 78-17 vom 6. Januar 1978 und Nr. 2004-801 vom 6. August 2004 hat jeder, der pers\u00f6nliche Angaben auf der Website hinterlassen hat, Anspruch auf Einsichtnahme, Berichtigung bzw. L\u00f6schung derselben. Um diese Rechte wahrnehmen zu k\u00f6nnen, wenden Sie sich bitte per E-Mail an laboratoires@asepta.mc oder per Brief an LABORATOIRES ASEPTA \u2013 Service Juridique \u2013 1-3 Avenue Albert II \u2013 BP 649, MC 98013 MONACO CEDEX.<br \/>\nDie LABORATOIRES ASEPTA behalten sich das Recht vor, den Zugang zur Website jederzeit ganz oder teilweise zu \u00e4ndern, zu sperren oder auszusetzen, wobei sie f\u00fcr die Folgen dieser Ma\u00dfnahme nicht haftbar gemacht werden k\u00f6nnen.<\/p>\n<p>Diese rechtlichen Hinweise unterliegen franz\u00f6sischem Recht. Gerichtsstand bei Streitigkeiten ist Paris (FRANKREICH).<\/p>\n<p>Haftung<\/p>\n<p>Die Les LABORATOIRES ASEPTA \u00fcbernehmen keine Haftung f\u00fcr die Genauigkeit, Vollst\u00e4ndigkeit und Fehlerfreiheit der Angaben auf dieser Website. Die Produktfotos unserer LABORATOIRES-Linien auf dieser Website sind rechtlich nicht bindend. Es wird keine Gew\u00e4hr f\u00fcr die Genauigkeit der auf dieser Website enthaltenen Angaben geboten.<\/p>\n<p>Die LABORATOIRES ASEPTA haften nicht f\u00fcr die Folgen des Zugriffs auf diese Website bzw. der Nutzung derselben. Dies gilt auch f\u00fcr an dem IT-Material des Nutzers entstandene Sch\u00e4den bzw. im Falle eines Virenbefalls.<\/p>\n<p>Der Nutzer verpflichtet sich, keinerlei Informationen dieser Website weiterzugeben, die zivil- oder strafrechtliche Konsequenzen haben k\u00f6nnen. In diesem Zusammenhang hat er es zu unterlassen, illegale, die \u00f6ffentliche Ordnung st\u00f6rende oder verleumderische Informationen \u00fcber dieses Portal zu verbreiten.<\/p>\n<p>Die LABORATOIRES ASEPTA haften nicht f\u00fcr andere, dritte Websites mit einer Verkn\u00fcpfung zur Website der LABORATOIRES ASEPTA. Dementsprechend haften die LABORATOIRES ASEPTA auch nicht f\u00fcr den Inhalt solcher Portale. Diese Verkn\u00fcpfungen zu anderen Internetportalen bringen in keinem Fall eine Billigung derselben oder eine Partnerschaft mit diesen Portalen zum Ausdruck. Auf Letztere sind deren eigene Nutzungsbedingungen und Datenschutzvorschriften anwendbar.<br \/>\nDar\u00fcber hinaus ist es nat\u00fcrlichen und juristischen Personen untersagt, eine Verkn\u00fcpfung zur Website www.asepta.com anzulegen, soweit die LABORATOIRES ASEPTA darin nicht zuvor ausdr\u00fccklich eingewilligt haben.<\/p>\n","protected":false},"excerpt":{"rendered":"<p>LABORATOIRES ASEPTA Aktiengesellschaft monegassischen Rechts mit einem Kapital von 1 520 000 \u20ac Sitz der Gesellschaft: 1-3 Avenue Albert II \u2013 Fontvieille \u2013 98000 F\u00dcRSTENTUM VON MONACO Telefon: +377 92 05 75 51 E-Mail: laboratoires@asepta.mc Eintrag im Handelsregister von Monaco: RCI 56 S 00055 Innergemeinschaftliche USt.-Nr.: FR 06 00000 3102 Gesch\u00e4ftsf\u00fchrung: Anne-Marie NOIR, Vorstandsvorsitzende Verantwortlich [&hellip;]<\/p>\n","protected":false},"author":3,"featured_media":8544,"parent":0,"menu_order":41,"comment_status":"closed","ping_status":"closed","template":"","meta":{"_acf_changed":false,"footnotes":""},"class_list":["post-10200","page","type-page","status-publish","has-post-thumbnail","hentry"],"acf":[],"yoast_head":"<!-- This site is optimized with the Yoast SEO plugin v27.3 - https:\/\/yoast.com\/product\/yoast-seo-wordpress\/ -->\n<title>Rechtliche Hinweise - Laboratoires ASEPTA Monaco<\/title>\n<meta name=\"robots\" content=\"noindex, nofollow\" \/>\n<meta property=\"og:locale\" content=\"de_DE\" \/>\n<meta property=\"og:type\" content=\"article\" \/>\n<meta property=\"og:title\" content=\"Rechtliche Hinweise - Laboratoires ASEPTA Monaco\" \/>\n<meta property=\"og:description\" content=\"LABORATOIRES ASEPTA Aktiengesellschaft monegassischen Rechts mit einem Kapital von 1 520 000 \u20ac Sitz der Gesellschaft: 1-3 Avenue Albert II \u2013 Fontvieille \u2013 98000 F\u00dcRSTENTUM VON MONACO Telefon: +377 92 05 75 51 E-Mail: laboratoires@asepta.mc Eintrag im Handelsregister von Monaco: RCI 56 S 00055 Innergemeinschaftliche USt.-Nr.: FR 06 00000 3102 Gesch\u00e4ftsf\u00fchrung: Anne-Marie NOIR, Vorstandsvorsitzende Verantwortlich [&hellip;]\" \/>\n<meta property=\"og:url\" content=\"https:\/\/www.asepta.com\/de\/rechtliche-hinweise\/\" \/>\n<meta property=\"og:site_name\" content=\"Laboratoires ASEPTA Monaco\" \/>\n<meta property=\"article:publisher\" content=\"https:\/\/www.facebook.com\/laboasepta\/\" \/>\n<meta property=\"article:modified_time\" content=\"2019-10-15T07:23:34+00:00\" \/>\n<meta property=\"og:image\" content=\"https:\/\/www.asepta.com\/wp-content\/uploads\/2019\/05\/mediterranean-sea-2742232_1920.jpg\" \/>\n\t<meta property=\"og:image:width\" content=\"1920\" \/>\n\t<meta property=\"og:image:height\" content=\"1440\" \/>\n\t<meta property=\"og:image:type\" content=\"image\/jpeg\" \/>\n<meta name=\"twitter:card\" content=\"summary_large_image\" \/>\n<meta name=\"twitter:site\" content=\"@laboasepta\" \/>\n<meta name=\"twitter:label1\" content=\"Gesch\u00e4tzte Lesezeit\" \/>\n\t<meta name=\"twitter:data1\" content=\"3\u00a0Minuten\" \/>\n<script type=\"application\/ld+json\" class=\"yoast-schema-graph\">{\"@context\":\"https:\\\/\\\/schema.org\",\"@graph\":[{\"@type\":\"WebPage\",\"@id\":\"https:\\\/\\\/www.asepta.com\\\/de\\\/rechtliche-hinweise\\\/\",\"url\":\"https:\\\/\\\/www.asepta.com\\\/de\\\/rechtliche-hinweise\\\/\",\"name\":\"Rechtliche Hinweise - Laboratoires ASEPTA Monaco\",\"isPartOf\":{\"@id\":\"https:\\\/\\\/www.asepta.com\\\/de\\\/#website\"},\"primaryImageOfPage\":{\"@id\":\"https:\\\/\\\/www.asepta.com\\\/de\\\/rechtliche-hinweise\\\/#primaryimage\"},\"image\":{\"@id\":\"https:\\\/\\\/www.asepta.com\\\/de\\\/rechtliche-hinweise\\\/#primaryimage\"},\"thumbnailUrl\":\"https:\\\/\\\/www.asepta.com\\\/wp-content\\\/uploads\\\/2019\\\/05\\\/mediterranean-sea-2742232_1920.jpg\",\"datePublished\":\"2014-12-22T16:13:17+00:00\",\"dateModified\":\"2019-10-15T07:23:34+00:00\",\"breadcrumb\":{\"@id\":\"https:\\\/\\\/www.asepta.com\\\/de\\\/rechtliche-hinweise\\\/#breadcrumb\"},\"inLanguage\":\"de\",\"potentialAction\":[{\"@type\":\"ReadAction\",\"target\":[\"https:\\\/\\\/www.asepta.com\\\/de\\\/rechtliche-hinweise\\\/\"]}]},{\"@type\":\"ImageObject\",\"inLanguage\":\"de\",\"@id\":\"https:\\\/\\\/www.asepta.com\\\/de\\\/rechtliche-hinweise\\\/#primaryimage\",\"url\":\"https:\\\/\\\/www.asepta.com\\\/wp-content\\\/uploads\\\/2019\\\/05\\\/mediterranean-sea-2742232_1920.jpg\",\"contentUrl\":\"https:\\\/\\\/www.asepta.com\\\/wp-content\\\/uploads\\\/2019\\\/05\\\/mediterranean-sea-2742232_1920.jpg\",\"width\":1920,\"height\":1440},{\"@type\":\"BreadcrumbList\",\"@id\":\"https:\\\/\\\/www.asepta.com\\\/de\\\/rechtliche-hinweise\\\/#breadcrumb\",\"itemListElement\":[{\"@type\":\"ListItem\",\"position\":1,\"name\":\"Accueil\",\"item\":\"https:\\\/\\\/www.asepta.com\\\/de\\\/\"},{\"@type\":\"ListItem\",\"position\":2,\"name\":\"Rechtliche Hinweise\"}]},{\"@type\":\"WebSite\",\"@id\":\"https:\\\/\\\/www.asepta.com\\\/de\\\/#website\",\"url\":\"https:\\\/\\\/www.asepta.com\\\/de\\\/\",\"name\":\"Laboratoires ASEPTA Monaco\",\"description\":\"Sp\u00e9cialistes en Dermo-Cosm\u00e9tiques\",\"potentialAction\":[{\"@type\":\"SearchAction\",\"target\":{\"@type\":\"EntryPoint\",\"urlTemplate\":\"https:\\\/\\\/www.asepta.com\\\/de\\\/?s={search_term_string}\"},\"query-input\":{\"@type\":\"PropertyValueSpecification\",\"valueRequired\":true,\"valueName\":\"search_term_string\"}}],\"inLanguage\":\"de\"}]}<\/script>\n<!-- \/ Yoast SEO plugin. -->","yoast_head_json":{"title":"Rechtliche Hinweise - Laboratoires ASEPTA Monaco","robots":{"index":"noindex","follow":"nofollow"},"og_locale":"de_DE","og_type":"article","og_title":"Rechtliche Hinweise - Laboratoires ASEPTA Monaco","og_description":"LABORATOIRES ASEPTA Aktiengesellschaft monegassischen Rechts mit einem Kapital von 1 520 000 \u20ac Sitz der Gesellschaft: 1-3 Avenue Albert II \u2013 Fontvieille \u2013 98000 F\u00dcRSTENTUM VON MONACO Telefon: +377 92 05 75 51 E-Mail: laboratoires@asepta.mc Eintrag im Handelsregister von Monaco: RCI 56 S 00055 Innergemeinschaftliche USt.-Nr.: FR 06 00000 3102 Gesch\u00e4ftsf\u00fchrung: Anne-Marie NOIR, Vorstandsvorsitzende Verantwortlich [&hellip;]","og_url":"https:\/\/www.asepta.com\/de\/rechtliche-hinweise\/","og_site_name":"Laboratoires ASEPTA Monaco","article_publisher":"https:\/\/www.facebook.com\/laboasepta\/","article_modified_time":"2019-10-15T07:23:34+00:00","og_image":[{"width":1920,"height":1440,"url":"https:\/\/www.asepta.com\/wp-content\/uploads\/2019\/05\/mediterranean-sea-2742232_1920.jpg","type":"image\/jpeg"}],"twitter_card":"summary_large_image","twitter_site":"@laboasepta","twitter_misc":{"Gesch\u00e4tzte Lesezeit":"3\u00a0Minuten"},"schema":{"@context":"https:\/\/schema.org","@graph":[{"@type":"WebPage","@id":"https:\/\/www.asepta.com\/de\/rechtliche-hinweise\/","url":"https:\/\/www.asepta.com\/de\/rechtliche-hinweise\/","name":"Rechtliche Hinweise - Laboratoires ASEPTA Monaco","isPartOf":{"@id":"https:\/\/www.asepta.com\/de\/#website"},"primaryImageOfPage":{"@id":"https:\/\/www.asepta.com\/de\/rechtliche-hinweise\/#primaryimage"},"image":{"@id":"https:\/\/www.asepta.com\/de\/rechtliche-hinweise\/#primaryimage"},"thumbnailUrl":"https:\/\/www.asepta.com\/wp-content\/uploads\/2019\/05\/mediterranean-sea-2742232_1920.jpg","datePublished":"2014-12-22T16:13:17+00:00","dateModified":"2019-10-15T07:23:34+00:00","breadcrumb":{"@id":"https:\/\/www.asepta.com\/de\/rechtliche-hinweise\/#breadcrumb"},"inLanguage":"de","potentialAction":[{"@type":"ReadAction","target":["https:\/\/www.asepta.com\/de\/rechtliche-hinweise\/"]}]},{"@type":"ImageObject","inLanguage":"de","@id":"https:\/\/www.asepta.com\/de\/rechtliche-hinweise\/#primaryimage","url":"https:\/\/www.asepta.com\/wp-content\/uploads\/2019\/05\/mediterranean-sea-2742232_1920.jpg","contentUrl":"https:\/\/www.asepta.com\/wp-content\/uploads\/2019\/05\/mediterranean-sea-2742232_1920.jpg","width":1920,"height":1440},{"@type":"BreadcrumbList","@id":"https:\/\/www.asepta.com\/de\/rechtliche-hinweise\/#breadcrumb","itemListElement":[{"@type":"ListItem","position":1,"name":"Accueil","item":"https:\/\/www.asepta.com\/de\/"},{"@type":"ListItem","position":2,"name":"Rechtliche Hinweise"}]},{"@type":"WebSite","@id":"https:\/\/www.asepta.com\/de\/#website","url":"https:\/\/www.asepta.com\/de\/","name":"Laboratoires ASEPTA Monaco","description":"Sp\u00e9cialistes en Dermo-Cosm\u00e9tiques","potentialAction":[{"@type":"SearchAction","target":{"@type":"EntryPoint","urlTemplate":"https:\/\/www.asepta.com\/de\/?s={search_term_string}"},"query-input":{"@type":"PropertyValueSpecification","valueRequired":true,"valueName":"search_term_string"}}],"inLanguage":"de"}]}},"_links":{"self":[{"href":"https:\/\/www.asepta.com\/de\/wp-json\/wp\/v2\/pages\/10200","targetHints":{"allow":["GET"]}}],"collection":[{"href":"https:\/\/www.asepta.com\/de\/wp-json\/wp\/v2\/pages"}],"about":[{"href":"https:\/\/www.asepta.com\/de\/wp-json\/wp\/v2\/types\/page"}],"author":[{"embeddable":true,"href":"https:\/\/www.asepta.com\/de\/wp-json\/wp\/v2\/users\/3"}],"replies":[{"embeddable":true,"href":"https:\/\/www.asepta.com\/de\/wp-json\/wp\/v2\/comments?post=10200"}],"version-history":[{"count":3,"href":"https:\/\/www.asepta.com\/de\/wp-json\/wp\/v2\/pages\/10200\/revisions"}],"predecessor-version":[{"id":12034,"href":"https:\/\/www.asepta.com\/de\/wp-json\/wp\/v2\/pages\/10200\/revisions\/12034"}],"wp:featuredmedia":[{"embeddable":true,"href":"https:\/\/www.asepta.com\/de\/wp-json\/wp\/v2\/media\/8544"}],"wp:attachment":[{"href":"https:\/\/www.asepta.com\/de\/wp-json\/wp\/v2\/media?parent=10200"}],"curies":[{"name":"wp","href":"https:\/\/api.w.org\/{rel}","templated":true}]}}