{"id":10205,"date":"2014-08-12T08:51:22","date_gmt":"2014-08-12T07:51:22","guid":{"rendered":"http:\/\/asepta.com\/ou-nous-trouver\/"},"modified":"2022-06-03T11:23:52","modified_gmt":"2022-06-03T10:23:52","slug":"wo-finden-sie-unsere-produkte","status":"publish","type":"page","link":"https:\/\/www.asepta.com\/de\/wo-finden-sie-unsere-produkte\/","title":{"rendered":"Wo finden sie unsere produkte ?"},"content":{"rendered":"<p>Alle Produkte der Linien AKILE\u00cfNE\u00ae, COUP D\u2019ECLAT\u00ae, D\u2019\u00c2ME NATURE\u00ae, ECRINAL\u00ae und VITA CITRAL\u00ae sind in Frankreich in Apotheken, in sogenannten Parapharmazien sowie in Gesundheitsabteilungen erh\u00e4ltlich.<\/p>\n<p>Wenn ein Produkt nicht verf\u00fcgbar ist, k\u00f6nnen Sie die ACL-Nummer (diese Nummer finden Sie auf der jeweiligen Produktseite) angeben, um die Produktsuche zu erleichtern.<\/p>\n<p>Um Ihre n\u00e4chstgelegene Verkaufsstelle in Frankreich ausfindig zu machen, k\u00f6nnen Sie sich gerne in der Rubrik Kontakt an uns wenden.<\/p>\n<p>Entdecken Sie <a href=\"https:\/\/asepta.com\/de\/das-labor\/asepta-weltweit\/\">hier<\/a> auch unsere internationale Pr\u00e4senz.<\/p>\n","protected":false},"excerpt":{"rendered":"<p>Alle Produkte der Linien AKILE\u00cfNE\u00ae, COUP D\u2019ECLAT\u00ae, D\u2019\u00c2ME NATURE\u00ae, ECRINAL\u00ae und VITA CITRAL\u00ae sind in Frankreich in Apotheken, in sogenannten Parapharmazien sowie in Gesundheitsabteilungen erh\u00e4ltlich. Wenn ein Produkt nicht verf\u00fcgbar ist, k\u00f6nnen Sie die ACL-Nummer (diese Nummer finden Sie auf der jeweiligen Produktseite) angeben, um die Produktsuche zu erleichtern. Um Ihre n\u00e4chstgelegene Verkaufsstelle in Frankreich [&hellip;]<\/p>\n","protected":false},"author":1533,"featured_media":8479,"parent":0,"menu_order":100,"comment_status":"closed","ping_status":"closed","template":"","meta":{"_acf_changed":false,"footnotes":""},"class_list":["post-10205","page","type-page","status-publish","has-post-thumbnail","hentry"],"acf":[],"yoast_head":"<!-- This site is optimized with the Yoast SEO plugin v27.3 - https:\/\/yoast.com\/product\/yoast-seo-wordpress\/ -->\n<title>Wo finden sie unsere produkte ? - Laboratoires ASEPTA Monaco<\/title>\n<meta name=\"robots\" content=\"index, follow, max-snippet:-1, max-image-preview:large, max-video-preview:-1\" \/>\n<link rel=\"canonical\" href=\"https:\/\/www.asepta.com\/de\/wo-finden-sie-unsere-produkte\/\" \/>\n<meta property=\"og:locale\" content=\"de_DE\" \/>\n<meta property=\"og:type\" content=\"article\" \/>\n<meta property=\"og:title\" content=\"Wo finden sie unsere produkte ? - Laboratoires ASEPTA Monaco\" \/>\n<meta property=\"og:description\" content=\"Alle Produkte der Linien AKILE\u00cfNE\u00ae, COUP D\u2019ECLAT\u00ae, D\u2019\u00c2ME NATURE\u00ae, ECRINAL\u00ae und VITA CITRAL\u00ae sind in Frankreich in Apotheken, in sogenannten Parapharmazien sowie in Gesundheitsabteilungen erh\u00e4ltlich. Wenn ein Produkt nicht verf\u00fcgbar ist, k\u00f6nnen Sie die ACL-Nummer (diese Nummer finden Sie auf der jeweiligen Produktseite) angeben, um die Produktsuche zu erleichtern. Um Ihre n\u00e4chstgelegene Verkaufsstelle in Frankreich [&hellip;]\" \/>\n<meta property=\"og:url\" content=\"https:\/\/www.asepta.com\/de\/wo-finden-sie-unsere-produkte\/\" \/>\n<meta property=\"og:site_name\" content=\"Laboratoires ASEPTA Monaco\" \/>\n<meta property=\"article:publisher\" content=\"https:\/\/www.facebook.com\/laboasepta\/\" \/>\n<meta property=\"article:modified_time\" content=\"2022-06-03T10:23:52+00:00\" \/>\n<meta property=\"og:image\" content=\"https:\/\/www.asepta.com\/wp-content\/uploads\/2019\/05\/localisation.jpg\" \/>\n\t<meta property=\"og:image:width\" content=\"1920\" \/>\n\t<meta property=\"og:image:height\" content=\"1003\" \/>\n\t<meta property=\"og:image:type\" content=\"image\/jpeg\" \/>\n<meta name=\"twitter:card\" content=\"summary_large_image\" \/>\n<meta name=\"twitter:site\" content=\"@laboasepta\" \/>\n<script type=\"application\/ld+json\" class=\"yoast-schema-graph\">{\"@context\":\"https:\\\/\\\/schema.org\",\"@graph\":[{\"@type\":\"WebPage\",\"@id\":\"https:\\\/\\\/www.asepta.com\\\/de\\\/wo-finden-sie-unsere-produkte\\\/\",\"url\":\"https:\\\/\\\/www.asepta.com\\\/de\\\/wo-finden-sie-unsere-produkte\\\/\",\"name\":\"Wo finden sie unsere produkte ? - Laboratoires ASEPTA Monaco\",\"isPartOf\":{\"@id\":\"https:\\\/\\\/www.asepta.com\\\/de\\\/#website\"},\"primaryImageOfPage\":{\"@id\":\"https:\\\/\\\/www.asepta.com\\\/de\\\/wo-finden-sie-unsere-produkte\\\/#primaryimage\"},\"image\":{\"@id\":\"https:\\\/\\\/www.asepta.com\\\/de\\\/wo-finden-sie-unsere-produkte\\\/#primaryimage\"},\"thumbnailUrl\":\"https:\\\/\\\/www.asepta.com\\\/wp-content\\\/uploads\\\/2019\\\/05\\\/localisation.jpg\",\"datePublished\":\"2014-08-12T07:51:22+00:00\",\"dateModified\":\"2022-06-03T10:23:52+00:00\",\"breadcrumb\":{\"@id\":\"https:\\\/\\\/www.asepta.com\\\/de\\\/wo-finden-sie-unsere-produkte\\\/#breadcrumb\"},\"inLanguage\":\"de\",\"potentialAction\":[{\"@type\":\"ReadAction\",\"target\":[\"https:\\\/\\\/www.asepta.com\\\/de\\\/wo-finden-sie-unsere-produkte\\\/\"]}]},{\"@type\":\"ImageObject\",\"inLanguage\":\"de\",\"@id\":\"https:\\\/\\\/www.asepta.com\\\/de\\\/wo-finden-sie-unsere-produkte\\\/#primaryimage\",\"url\":\"https:\\\/\\\/www.asepta.com\\\/wp-content\\\/uploads\\\/2019\\\/05\\\/localisation.jpg\",\"contentUrl\":\"https:\\\/\\\/www.asepta.com\\\/wp-content\\\/uploads\\\/2019\\\/05\\\/localisation.jpg\",\"width\":1920,\"height\":1003},{\"@type\":\"BreadcrumbList\",\"@id\":\"https:\\\/\\\/www.asepta.com\\\/de\\\/wo-finden-sie-unsere-produkte\\\/#breadcrumb\",\"itemListElement\":[{\"@type\":\"ListItem\",\"position\":1,\"name\":\"Accueil\",\"item\":\"https:\\\/\\\/www.asepta.com\\\/de\\\/\"},{\"@type\":\"ListItem\",\"position\":2,\"name\":\"Wo finden sie unsere produkte ?\"}]},{\"@type\":\"WebSite\",\"@id\":\"https:\\\/\\\/www.asepta.com\\\/de\\\/#website\",\"url\":\"https:\\\/\\\/www.asepta.com\\\/de\\\/\",\"name\":\"Laboratoires ASEPTA Monaco\",\"description\":\"Sp\u00e9cialistes en Dermo-Cosm\u00e9tiques\",\"potentialAction\":[{\"@type\":\"SearchAction\",\"target\":{\"@type\":\"EntryPoint\",\"urlTemplate\":\"https:\\\/\\\/www.asepta.com\\\/de\\\/?s={search_term_string}\"},\"query-input\":{\"@type\":\"PropertyValueSpecification\",\"valueRequired\":true,\"valueName\":\"search_term_string\"}}],\"inLanguage\":\"de\"}]}<\/script>\n<!-- \/ Yoast SEO plugin. -->","yoast_head_json":{"title":"Wo finden sie unsere produkte ? - Laboratoires ASEPTA Monaco","robots":{"index":"index","follow":"follow","max-snippet":"max-snippet:-1","max-image-preview":"max-image-preview:large","max-video-preview":"max-video-preview:-1"},"canonical":"https:\/\/www.asepta.com\/de\/wo-finden-sie-unsere-produkte\/","og_locale":"de_DE","og_type":"article","og_title":"Wo finden sie unsere produkte ? - Laboratoires ASEPTA Monaco","og_description":"Alle Produkte der Linien AKILE\u00cfNE\u00ae, COUP D\u2019ECLAT\u00ae, D\u2019\u00c2ME NATURE\u00ae, ECRINAL\u00ae und VITA CITRAL\u00ae sind in Frankreich in Apotheken, in sogenannten Parapharmazien sowie in Gesundheitsabteilungen erh\u00e4ltlich. Wenn ein Produkt nicht verf\u00fcgbar ist, k\u00f6nnen Sie die ACL-Nummer (diese Nummer finden Sie auf der jeweiligen Produktseite) angeben, um die Produktsuche zu erleichtern. Um Ihre n\u00e4chstgelegene Verkaufsstelle in Frankreich [&hellip;]","og_url":"https:\/\/www.asepta.com\/de\/wo-finden-sie-unsere-produkte\/","og_site_name":"Laboratoires ASEPTA Monaco","article_publisher":"https:\/\/www.facebook.com\/laboasepta\/","article_modified_time":"2022-06-03T10:23:52+00:00","og_image":[{"width":1920,"height":1003,"url":"https:\/\/www.asepta.com\/wp-content\/uploads\/2019\/05\/localisation.jpg","type":"image\/jpeg"}],"twitter_card":"summary_large_image","twitter_site":"@laboasepta","schema":{"@context":"https:\/\/schema.org","@graph":[{"@type":"WebPage","@id":"https:\/\/www.asepta.com\/de\/wo-finden-sie-unsere-produkte\/","url":"https:\/\/www.asepta.com\/de\/wo-finden-sie-unsere-produkte\/","name":"Wo finden sie unsere produkte ? - Laboratoires ASEPTA Monaco","isPartOf":{"@id":"https:\/\/www.asepta.com\/de\/#website"},"primaryImageOfPage":{"@id":"https:\/\/www.asepta.com\/de\/wo-finden-sie-unsere-produkte\/#primaryimage"},"image":{"@id":"https:\/\/www.asepta.com\/de\/wo-finden-sie-unsere-produkte\/#primaryimage"},"thumbnailUrl":"https:\/\/www.asepta.com\/wp-content\/uploads\/2019\/05\/localisation.jpg","datePublished":"2014-08-12T07:51:22+00:00","dateModified":"2022-06-03T10:23:52+00:00","breadcrumb":{"@id":"https:\/\/www.asepta.com\/de\/wo-finden-sie-unsere-produkte\/#breadcrumb"},"inLanguage":"de","potentialAction":[{"@type":"ReadAction","target":["https:\/\/www.asepta.com\/de\/wo-finden-sie-unsere-produkte\/"]}]},{"@type":"ImageObject","inLanguage":"de","@id":"https:\/\/www.asepta.com\/de\/wo-finden-sie-unsere-produkte\/#primaryimage","url":"https:\/\/www.asepta.com\/wp-content\/uploads\/2019\/05\/localisation.jpg","contentUrl":"https:\/\/www.asepta.com\/wp-content\/uploads\/2019\/05\/localisation.jpg","width":1920,"height":1003},{"@type":"BreadcrumbList","@id":"https:\/\/www.asepta.com\/de\/wo-finden-sie-unsere-produkte\/#breadcrumb","itemListElement":[{"@type":"ListItem","position":1,"name":"Accueil","item":"https:\/\/www.asepta.com\/de\/"},{"@type":"ListItem","position":2,"name":"Wo finden sie unsere produkte ?"}]},{"@type":"WebSite","@id":"https:\/\/www.asepta.com\/de\/#website","url":"https:\/\/www.asepta.com\/de\/","name":"Laboratoires ASEPTA Monaco","description":"Sp\u00e9cialistes en Dermo-Cosm\u00e9tiques","potentialAction":[{"@type":"SearchAction","target":{"@type":"EntryPoint","urlTemplate":"https:\/\/www.asepta.com\/de\/?s={search_term_string}"},"query-input":{"@type":"PropertyValueSpecification","valueRequired":true,"valueName":"search_term_string"}}],"inLanguage":"de"}]}},"_links":{"self":[{"href":"https:\/\/www.asepta.com\/de\/wp-json\/wp\/v2\/pages\/10205","targetHints":{"allow":["GET"]}}],"collection":[{"href":"https:\/\/www.asepta.com\/de\/wp-json\/wp\/v2\/pages"}],"about":[{"href":"https:\/\/www.asepta.com\/de\/wp-json\/wp\/v2\/types\/page"}],"author":[{"embeddable":true,"href":"https:\/\/www.asepta.com\/de\/wp-json\/wp\/v2\/users\/1533"}],"replies":[{"embeddable":true,"href":"https:\/\/www.asepta.com\/de\/wp-json\/wp\/v2\/comments?post=10205"}],"version-history":[{"count":4,"href":"https:\/\/www.asepta.com\/de\/wp-json\/wp\/v2\/pages\/10205\/revisions"}],"predecessor-version":[{"id":842323,"href":"https:\/\/www.asepta.com\/de\/wp-json\/wp\/v2\/pages\/10205\/revisions\/842323"}],"wp:featuredmedia":[{"embeddable":true,"href":"https:\/\/www.asepta.com\/de\/wp-json\/wp\/v2\/media\/8479"}],"wp:attachment":[{"href":"https:\/\/www.asepta.com\/de\/wp-json\/wp\/v2\/media?parent=10205"}],"curies":[{"name":"wp","href":"https:\/\/api.w.org\/{rel}","templated":true}]}}