{"id":10230,"date":"2014-08-12T08:50:06","date_gmt":"2014-08-12T07:50:06","guid":{"rendered":"http:\/\/asepta.com\/notre-histoire\/"},"modified":"2020-01-21T10:45:52","modified_gmt":"2020-01-21T09:45:52","slug":"asepta-75-jahre-geschichte","status":"publish","type":"page","link":"https:\/\/www.asepta.com\/de\/das-labor\/asepta-75-jahre-geschichte\/","title":{"rendered":"ASEPTA : 75 Jahre Geschichte"},"content":{"rendered":"<p>Die Geschichte der LABORATOIRES ASEPTA ist eng mit dem F\u00fcrstentum Monaco und insbesondere mit seinem Casino verbunden.<\/p>\n<p>Ende der 30er Jahre wenden sich die Croupiers des Casinos von Monte-Carlo mit einer sehr speziellen Bitte an einen Apotheker: eine Creme gegen schmerzende F\u00fc\u00dfe. Die Croupiers, die oft viele Stunden in den Spiels\u00e4len stehen, ben\u00f6tigen dringend ein wirksames Mittel gegen ihre Schmerzen.<\/p>\n<p>Henri ADAM, der seine Pharmacie Anglaise gerade an Charles CAMPORA und Paul LACROIX abgetreten hat, entwickelt daraufhin eine Formel auf Basis einer schmerzlindernden Pflanze, der Schafgarbe. 1947 entsteht die Marke AKILE\u00cfNE\u00ae und die Saga kann beginnen.<\/p>\n<p>Zu dieser Zeit wird das Gr\u00fcnderteam durch Henri MAS, einem Jugendfreund von Paul LACROIX, erg\u00e4nzt.<\/p>\n<p>Der Start von ASEPTA verl\u00e4uft stockend, denn in der Nachkriegszeit sind nur wenige Personen an Komfortprodukten interessiert. Dennoch gelingt es Paul LACROIX und Henri MAS nach und nach zun\u00e4chst die Apotheken an der C\u00f4te d\u2019Azur und dann auch die in Paris und Stra\u00dfburg erfolgreich als Kunden zu gewinnen. Trotz des schwierigen wirtschaftlichen Kontextss sind sie in der Lage, eine Nachfrage f\u00fcr das ungew\u00f6hnliche Produkt zu schaffen.<\/p>\n<p>1952 entwickeln die LABORATOIRES ASEPTA die Handpflege VITA CITRAL\u00ae. Diese neue Marke bedeutet eine erste Diversifikation der Aktivit\u00e4ten des Labors, das zwanzig Jahre sp\u00e4ter auch die Pflege von Haaren, N\u00e4geln und Wimpern in seine Produktpalette aufnimmt: ECRINAL\u00ae kommt auf den Markt. 1977 folgt die Gesichtspflege mit COUP D\u2019ECLAT\u00ae und der unvergleichlichen und revolution\u00e4ren Lifting-Ampulle.<\/p>\n<p>Heute stellen die LABORATOIRES ASEPTA \u00fcber 6 Millionen Einheiten pro Jahr her und haben sich in den Bereichen Fu\u00dfpflege mit AKILE\u00cfNE\u00ae und Nagelpflege mit ECRINAL\u00ae in franz\u00f6sischen Apotheken als Marktf\u00fchrer etabliert.<\/p>\n<p>Mehr als 75 Jahre nach ihrer Gr\u00fcndung haben sich die LABORATOIRES ASEPTA, die nach wie vor unabh\u00e4ngig und von den Familien der Gr\u00fcnder gef\u00fchrt werden, zu einer Unternehmensgruppe entwickelt, die im F\u00fcrstentum Monaco eine breite Palette an Kosmetikprodukten herstellt.<\/p>\n<p>Die LABORATOIRES ASEPTA besch\u00e4ftigen 200 Personen in einer modernen Struktur, die den internationalen Standards in der Kosmetikbranche entspricht. Dank ihres Vertriebsnetzwerks, sind die LABORATOIRES ASEPTA in \u00fcber 60 L\u00e4ndern auf 5 Kontinenten vertreten und verf\u00fcgen in 5 L\u00e4ndern \u00fcber Tochtergesellschaften: Deutschland, Belgien, Schweiz, Tunesien und Kanada.<\/p>\n","protected":false},"excerpt":{"rendered":"<p>Die Geschichte der LABORATOIRES ASEPTA ist eng mit dem F\u00fcrstentum Monaco und insbesondere mit seinem Casino verbunden. Ende der 30er Jahre wenden sich die Croupiers des Casinos von Monte-Carlo mit einer sehr speziellen Bitte an einen Apotheker: eine Creme gegen schmerzende F\u00fc\u00dfe. Die Croupiers, die oft viele Stunden in den Spiels\u00e4len stehen, ben\u00f6tigen dringend ein [&hellip;]<\/p>\n","protected":false},"author":1533,"featured_media":5084,"parent":10240,"menu_order":71,"comment_status":"closed","ping_status":"closed","template":"","meta":{"_acf_changed":false,"footnotes":""},"class_list":["post-10230","page","type-page","status-publish","has-post-thumbnail","hentry"],"acf":[],"yoast_head":"<!-- This site is optimized with the Yoast SEO plugin v27.5 - https:\/\/yoast.com\/product\/yoast-seo-wordpress\/ -->\n<title>ASEPTA : 75 Jahre Geschichte - Laboratoires ASEPTA Monaco<\/title>\n<meta name=\"robots\" content=\"index, follow, max-snippet:-1, max-image-preview:large, max-video-preview:-1\" \/>\n<link rel=\"canonical\" href=\"https:\/\/www.asepta.com\/de\/das-labor\/asepta-75-jahre-geschichte\/\" \/>\n<meta property=\"og:locale\" content=\"de_DE\" \/>\n<meta property=\"og:type\" content=\"article\" \/>\n<meta property=\"og:title\" content=\"ASEPTA : 75 Jahre Geschichte - Laboratoires ASEPTA Monaco\" \/>\n<meta property=\"og:description\" content=\"Die Geschichte der LABORATOIRES ASEPTA ist eng mit dem F\u00fcrstentum Monaco und insbesondere mit seinem Casino verbunden. Ende der 30er Jahre wenden sich die Croupiers des Casinos von Monte-Carlo mit einer sehr speziellen Bitte an einen Apotheker: eine Creme gegen schmerzende F\u00fc\u00dfe. Die Croupiers, die oft viele Stunden in den Spiels\u00e4len stehen, ben\u00f6tigen dringend ein [&hellip;]\" \/>\n<meta property=\"og:url\" content=\"https:\/\/www.asepta.com\/de\/das-labor\/asepta-75-jahre-geschichte\/\" \/>\n<meta property=\"og:site_name\" content=\"Laboratoires ASEPTA Monaco\" \/>\n<meta property=\"article:publisher\" content=\"https:\/\/www.facebook.com\/laboasepta\/\" \/>\n<meta property=\"article:modified_time\" content=\"2020-01-21T09:45:52+00:00\" \/>\n<meta property=\"og:image\" content=\"https:\/\/www.asepta.com\/wp-content\/uploads\/2014\/08\/photo-1950.jpg\" \/>\n\t<meta property=\"og:image:width\" content=\"1950\" \/>\n\t<meta property=\"og:image:height\" content=\"1299\" \/>\n\t<meta property=\"og:image:type\" content=\"image\/jpeg\" \/>\n<meta name=\"twitter:card\" content=\"summary_large_image\" \/>\n<meta name=\"twitter:site\" content=\"@laboasepta\" \/>\n<meta name=\"twitter:label1\" content=\"Gesch\u00e4tzte Lesezeit\" \/>\n\t<meta name=\"twitter:data1\" content=\"2\u00a0Minuten\" \/>\n<script type=\"application\/ld+json\" class=\"yoast-schema-graph\">{\"@context\":\"https:\\\/\\\/schema.org\",\"@graph\":[{\"@type\":\"WebPage\",\"@id\":\"https:\\\/\\\/www.asepta.com\\\/de\\\/das-labor\\\/asepta-75-jahre-geschichte\\\/\",\"url\":\"https:\\\/\\\/www.asepta.com\\\/de\\\/das-labor\\\/asepta-75-jahre-geschichte\\\/\",\"name\":\"ASEPTA : 75 Jahre Geschichte - Laboratoires ASEPTA Monaco\",\"isPartOf\":{\"@id\":\"https:\\\/\\\/www.asepta.com\\\/de\\\/#website\"},\"primaryImageOfPage\":{\"@id\":\"https:\\\/\\\/www.asepta.com\\\/de\\\/das-labor\\\/asepta-75-jahre-geschichte\\\/#primaryimage\"},\"image\":{\"@id\":\"https:\\\/\\\/www.asepta.com\\\/de\\\/das-labor\\\/asepta-75-jahre-geschichte\\\/#primaryimage\"},\"thumbnailUrl\":\"https:\\\/\\\/www.asepta.com\\\/wp-content\\\/uploads\\\/2014\\\/08\\\/photo-1950.jpg\",\"datePublished\":\"2014-08-12T07:50:06+00:00\",\"dateModified\":\"2020-01-21T09:45:52+00:00\",\"breadcrumb\":{\"@id\":\"https:\\\/\\\/www.asepta.com\\\/de\\\/das-labor\\\/asepta-75-jahre-geschichte\\\/#breadcrumb\"},\"inLanguage\":\"de\",\"potentialAction\":[{\"@type\":\"ReadAction\",\"target\":[\"https:\\\/\\\/www.asepta.com\\\/de\\\/das-labor\\\/asepta-75-jahre-geschichte\\\/\"]}]},{\"@type\":\"ImageObject\",\"inLanguage\":\"de\",\"@id\":\"https:\\\/\\\/www.asepta.com\\\/de\\\/das-labor\\\/asepta-75-jahre-geschichte\\\/#primaryimage\",\"url\":\"https:\\\/\\\/www.asepta.com\\\/wp-content\\\/uploads\\\/2014\\\/08\\\/photo-1950.jpg\",\"contentUrl\":\"https:\\\/\\\/www.asepta.com\\\/wp-content\\\/uploads\\\/2014\\\/08\\\/photo-1950.jpg\",\"width\":1950,\"height\":1299},{\"@type\":\"BreadcrumbList\",\"@id\":\"https:\\\/\\\/www.asepta.com\\\/de\\\/das-labor\\\/asepta-75-jahre-geschichte\\\/#breadcrumb\",\"itemListElement\":[{\"@type\":\"ListItem\",\"position\":1,\"name\":\"Accueil\",\"item\":\"https:\\\/\\\/www.asepta.com\\\/de\\\/\"},{\"@type\":\"ListItem\",\"position\":2,\"name\":\"Das Labor\",\"item\":\"https:\\\/\\\/www.asepta.com\\\/de\\\/das-labor\\\/\"},{\"@type\":\"ListItem\",\"position\":3,\"name\":\"ASEPTA : 75 Jahre Geschichte\"}]},{\"@type\":\"WebSite\",\"@id\":\"https:\\\/\\\/www.asepta.com\\\/de\\\/#website\",\"url\":\"https:\\\/\\\/www.asepta.com\\\/de\\\/\",\"name\":\"Laboratoires ASEPTA Monaco\",\"description\":\"Sp\u00e9cialistes en Dermo-Cosm\u00e9tiques\",\"potentialAction\":[{\"@type\":\"SearchAction\",\"target\":{\"@type\":\"EntryPoint\",\"urlTemplate\":\"https:\\\/\\\/www.asepta.com\\\/de\\\/?s={search_term_string}\"},\"query-input\":{\"@type\":\"PropertyValueSpecification\",\"valueRequired\":true,\"valueName\":\"search_term_string\"}}],\"inLanguage\":\"de\"}]}<\/script>\n<!-- \/ Yoast SEO plugin. -->","yoast_head_json":{"title":"ASEPTA : 75 Jahre Geschichte - Laboratoires ASEPTA Monaco","robots":{"index":"index","follow":"follow","max-snippet":"max-snippet:-1","max-image-preview":"max-image-preview:large","max-video-preview":"max-video-preview:-1"},"canonical":"https:\/\/www.asepta.com\/de\/das-labor\/asepta-75-jahre-geschichte\/","og_locale":"de_DE","og_type":"article","og_title":"ASEPTA : 75 Jahre Geschichte - Laboratoires ASEPTA Monaco","og_description":"Die Geschichte der LABORATOIRES ASEPTA ist eng mit dem F\u00fcrstentum Monaco und insbesondere mit seinem Casino verbunden. Ende der 30er Jahre wenden sich die Croupiers des Casinos von Monte-Carlo mit einer sehr speziellen Bitte an einen Apotheker: eine Creme gegen schmerzende F\u00fc\u00dfe. Die Croupiers, die oft viele Stunden in den Spiels\u00e4len stehen, ben\u00f6tigen dringend ein [&hellip;]","og_url":"https:\/\/www.asepta.com\/de\/das-labor\/asepta-75-jahre-geschichte\/","og_site_name":"Laboratoires ASEPTA Monaco","article_publisher":"https:\/\/www.facebook.com\/laboasepta\/","article_modified_time":"2020-01-21T09:45:52+00:00","og_image":[{"width":1950,"height":1299,"url":"https:\/\/www.asepta.com\/wp-content\/uploads\/2014\/08\/photo-1950.jpg","type":"image\/jpeg"}],"twitter_card":"summary_large_image","twitter_site":"@laboasepta","twitter_misc":{"Gesch\u00e4tzte Lesezeit":"2\u00a0Minuten"},"schema":{"@context":"https:\/\/schema.org","@graph":[{"@type":"WebPage","@id":"https:\/\/www.asepta.com\/de\/das-labor\/asepta-75-jahre-geschichte\/","url":"https:\/\/www.asepta.com\/de\/das-labor\/asepta-75-jahre-geschichte\/","name":"ASEPTA : 75 Jahre Geschichte - Laboratoires ASEPTA Monaco","isPartOf":{"@id":"https:\/\/www.asepta.com\/de\/#website"},"primaryImageOfPage":{"@id":"https:\/\/www.asepta.com\/de\/das-labor\/asepta-75-jahre-geschichte\/#primaryimage"},"image":{"@id":"https:\/\/www.asepta.com\/de\/das-labor\/asepta-75-jahre-geschichte\/#primaryimage"},"thumbnailUrl":"https:\/\/www.asepta.com\/wp-content\/uploads\/2014\/08\/photo-1950.jpg","datePublished":"2014-08-12T07:50:06+00:00","dateModified":"2020-01-21T09:45:52+00:00","breadcrumb":{"@id":"https:\/\/www.asepta.com\/de\/das-labor\/asepta-75-jahre-geschichte\/#breadcrumb"},"inLanguage":"de","potentialAction":[{"@type":"ReadAction","target":["https:\/\/www.asepta.com\/de\/das-labor\/asepta-75-jahre-geschichte\/"]}]},{"@type":"ImageObject","inLanguage":"de","@id":"https:\/\/www.asepta.com\/de\/das-labor\/asepta-75-jahre-geschichte\/#primaryimage","url":"https:\/\/www.asepta.com\/wp-content\/uploads\/2014\/08\/photo-1950.jpg","contentUrl":"https:\/\/www.asepta.com\/wp-content\/uploads\/2014\/08\/photo-1950.jpg","width":1950,"height":1299},{"@type":"BreadcrumbList","@id":"https:\/\/www.asepta.com\/de\/das-labor\/asepta-75-jahre-geschichte\/#breadcrumb","itemListElement":[{"@type":"ListItem","position":1,"name":"Accueil","item":"https:\/\/www.asepta.com\/de\/"},{"@type":"ListItem","position":2,"name":"Das Labor","item":"https:\/\/www.asepta.com\/de\/das-labor\/"},{"@type":"ListItem","position":3,"name":"ASEPTA : 75 Jahre Geschichte"}]},{"@type":"WebSite","@id":"https:\/\/www.asepta.com\/de\/#website","url":"https:\/\/www.asepta.com\/de\/","name":"Laboratoires ASEPTA Monaco","description":"Sp\u00e9cialistes en Dermo-Cosm\u00e9tiques","potentialAction":[{"@type":"SearchAction","target":{"@type":"EntryPoint","urlTemplate":"https:\/\/www.asepta.com\/de\/?s={search_term_string}"},"query-input":{"@type":"PropertyValueSpecification","valueRequired":true,"valueName":"search_term_string"}}],"inLanguage":"de"}]}},"_links":{"self":[{"href":"https:\/\/www.asepta.com\/de\/wp-json\/wp\/v2\/pages\/10230","targetHints":{"allow":["GET"]}}],"collection":[{"href":"https:\/\/www.asepta.com\/de\/wp-json\/wp\/v2\/pages"}],"about":[{"href":"https:\/\/www.asepta.com\/de\/wp-json\/wp\/v2\/types\/page"}],"author":[{"embeddable":true,"href":"https:\/\/www.asepta.com\/de\/wp-json\/wp\/v2\/users\/1533"}],"replies":[{"embeddable":true,"href":"https:\/\/www.asepta.com\/de\/wp-json\/wp\/v2\/comments?post=10230"}],"version-history":[{"count":4,"href":"https:\/\/www.asepta.com\/de\/wp-json\/wp\/v2\/pages\/10230\/revisions"}],"predecessor-version":[{"id":155797,"href":"https:\/\/www.asepta.com\/de\/wp-json\/wp\/v2\/pages\/10230\/revisions\/155797"}],"up":[{"embeddable":true,"href":"https:\/\/www.asepta.com\/de\/wp-json\/wp\/v2\/pages\/10240"}],"wp:featuredmedia":[{"embeddable":true,"href":"https:\/\/www.asepta.com\/de\/wp-json\/wp\/v2\/media\/5084"}],"wp:attachment":[{"href":"https:\/\/www.asepta.com\/de\/wp-json\/wp\/v2\/media?parent=10230"}],"curies":[{"name":"wp","href":"https:\/\/api.w.org\/{rel}","templated":true}]}}