{"id":10235,"date":"2014-08-12T08:49:56","date_gmt":"2014-08-12T07:49:56","guid":{"rendered":"http:\/\/asepta.com\/notre-engagement\/"},"modified":"2019-07-26T07:44:55","modified_gmt":"2019-07-26T06:44:55","slug":"unsere-verpflichtungen","status":"publish","type":"page","link":"https:\/\/www.asepta.com\/de\/das-labor\/unsere-verpflichtungen\/","title":{"rendered":"Unsere Verpflichtungen"},"content":{"rendered":"<p><strong>1. Die dermatologische Sicherheit<\/strong><br \/>\nDie LABORATOIRES ASEPTA verpflichten sich, nur die Inhaltsstoffe zu verwenden, die f\u00fcr eine optimale Toleranz und gute Wirksamkeit n\u00f6tig sind. Wir w\u00e4hlen immer die leistungsf\u00e4higsten Wirkstoffe in der passenden Dosierung.<\/p>\n<p><strong>2. Die Normen<\/strong><br \/>\nDie LABORATOIRES ASEPTA gen\u00fcgen den aktuell in der Kosmetikindustrie geltenden internationalen Regeln und Normen.<\/p>\n<p><strong>3. Die Patente<\/strong><br \/>\nAlle Produkte der Produktlinien AKILE\u00cfNE\u00ae, COUP D\u2019ECLAT\u00ae, ECRINAL\u00ae und VITA CITRAL\u00ae werden von Teams erfahrener Chemiker und Pharmazeuten formuliert. Unsere Patente sind exklusiv und einzigartig und d\u00fcrfen von externen Labors nicht vermarktet werden.<\/p>\n<p><strong>4. Wirkstoffe &amp; Rohstoffe<\/strong><br \/>\nAlle von den LABORATOIRES ASEPTA ausgew\u00e4hlten Inhaltsstoffe und Komponenten gew\u00e4hrleisten dermatologische Sicherheit und biologische Wirksamkeit. Die Rohstoffe f\u00fcr unsere Produkte werden sorgf\u00e4ltig ausgew\u00e4hlt und sind f\u00fcr ihre Wirksamkeit und Unbedenklichkeit bekannt.<\/p>\n<p><strong>5. R\u00fcckverfolgbarkeit<\/strong><br \/>\nDie LABORATOIRES ASEPTA verpflichten sich zu einer strengen Kontrolle der Herkunft und der Qualit\u00e4t der Rohstoffe. Die R\u00fcckverfolgbarkeit aller Inhaltsstoffe sowie der Endprodukte erfolgt mit optimaler Konformit\u00e4t.<\/p>\n<p><strong>6. Die Tests<\/strong><br \/>\nAlle Produkte der LABORATOIRES ASEPTA durchlaufen Unbedenklichkeits- und Wirksamkeitstests, um der Gesetzgebung auf dem Gebiet der Kosmetika zu entsprechen und im besten Interesse der Kunden zu handeln. Klinische und dermatologische Studien werden durchgef\u00fchrt und von kompetenten Experten gepr\u00fcft. Jedes Produkt wird unter realen Nutzungsbedingungen getestet.<\/p>\n","protected":false},"excerpt":{"rendered":"<p>1. Die dermatologische Sicherheit Die LABORATOIRES ASEPTA verpflichten sich, nur die Inhaltsstoffe zu verwenden, die f\u00fcr eine optimale Toleranz und gute Wirksamkeit n\u00f6tig sind. Wir w\u00e4hlen immer die leistungsf\u00e4higsten Wirkstoffe in der passenden Dosierung. 2. Die Normen Die LABORATOIRES ASEPTA gen\u00fcgen den aktuell in der Kosmetikindustrie geltenden internationalen Regeln und Normen. 3. Die Patente Alle [&hellip;]<\/p>\n","protected":false},"author":1533,"featured_media":8424,"parent":10240,"menu_order":65,"comment_status":"closed","ping_status":"closed","template":"","meta":{"_acf_changed":false,"footnotes":""},"class_list":["post-10235","page","type-page","status-publish","has-post-thumbnail","hentry"],"acf":[],"yoast_head":"<!-- This site is optimized with the Yoast SEO plugin v27.5 - https:\/\/yoast.com\/product\/yoast-seo-wordpress\/ -->\n<title>Unsere Verpflichtungen - Laboratoires ASEPTA Monaco<\/title>\n<meta name=\"robots\" content=\"index, follow, max-snippet:-1, max-image-preview:large, max-video-preview:-1\" \/>\n<link rel=\"canonical\" href=\"https:\/\/www.asepta.com\/de\/das-labor\/unsere-verpflichtungen\/\" \/>\n<meta property=\"og:locale\" content=\"de_DE\" \/>\n<meta property=\"og:type\" content=\"article\" \/>\n<meta property=\"og:title\" content=\"Unsere Verpflichtungen - Laboratoires ASEPTA Monaco\" \/>\n<meta property=\"og:description\" content=\"1. Die dermatologische Sicherheit Die LABORATOIRES ASEPTA verpflichten sich, nur die Inhaltsstoffe zu verwenden, die f\u00fcr eine optimale Toleranz und gute Wirksamkeit n\u00f6tig sind. Wir w\u00e4hlen immer die leistungsf\u00e4higsten Wirkstoffe in der passenden Dosierung. 2. Die Normen Die LABORATOIRES ASEPTA gen\u00fcgen den aktuell in der Kosmetikindustrie geltenden internationalen Regeln und Normen. 3. Die Patente Alle [&hellip;]\" \/>\n<meta property=\"og:url\" content=\"https:\/\/www.asepta.com\/de\/das-labor\/unsere-verpflichtungen\/\" \/>\n<meta property=\"og:site_name\" content=\"Laboratoires ASEPTA Monaco\" \/>\n<meta property=\"article:publisher\" content=\"https:\/\/www.facebook.com\/laboasepta\/\" \/>\n<meta property=\"article:modified_time\" content=\"2019-07-26T06:44:55+00:00\" \/>\n<meta property=\"og:image\" content=\"https:\/\/www.asepta.com\/wp-content\/uploads\/2019\/05\/Asepta-228.jpg\" \/>\n\t<meta property=\"og:image:width\" content=\"1920\" \/>\n\t<meta property=\"og:image:height\" content=\"1146\" \/>\n\t<meta property=\"og:image:type\" content=\"image\/jpeg\" \/>\n<meta name=\"twitter:card\" content=\"summary_large_image\" \/>\n<meta name=\"twitter:site\" content=\"@laboasepta\" \/>\n<meta name=\"twitter:label1\" content=\"Gesch\u00e4tzte Lesezeit\" \/>\n\t<meta name=\"twitter:data1\" content=\"1\u00a0Minute\" \/>\n<script type=\"application\/ld+json\" class=\"yoast-schema-graph\">{\"@context\":\"https:\\\/\\\/schema.org\",\"@graph\":[{\"@type\":\"WebPage\",\"@id\":\"https:\\\/\\\/www.asepta.com\\\/de\\\/das-labor\\\/unsere-verpflichtungen\\\/\",\"url\":\"https:\\\/\\\/www.asepta.com\\\/de\\\/das-labor\\\/unsere-verpflichtungen\\\/\",\"name\":\"Unsere Verpflichtungen - Laboratoires ASEPTA Monaco\",\"isPartOf\":{\"@id\":\"https:\\\/\\\/www.asepta.com\\\/de\\\/#website\"},\"primaryImageOfPage\":{\"@id\":\"https:\\\/\\\/www.asepta.com\\\/de\\\/das-labor\\\/unsere-verpflichtungen\\\/#primaryimage\"},\"image\":{\"@id\":\"https:\\\/\\\/www.asepta.com\\\/de\\\/das-labor\\\/unsere-verpflichtungen\\\/#primaryimage\"},\"thumbnailUrl\":\"https:\\\/\\\/www.asepta.com\\\/wp-content\\\/uploads\\\/2019\\\/05\\\/Asepta-228.jpg\",\"datePublished\":\"2014-08-12T07:49:56+00:00\",\"dateModified\":\"2019-07-26T06:44:55+00:00\",\"breadcrumb\":{\"@id\":\"https:\\\/\\\/www.asepta.com\\\/de\\\/das-labor\\\/unsere-verpflichtungen\\\/#breadcrumb\"},\"inLanguage\":\"de\",\"potentialAction\":[{\"@type\":\"ReadAction\",\"target\":[\"https:\\\/\\\/www.asepta.com\\\/de\\\/das-labor\\\/unsere-verpflichtungen\\\/\"]}]},{\"@type\":\"ImageObject\",\"inLanguage\":\"de\",\"@id\":\"https:\\\/\\\/www.asepta.com\\\/de\\\/das-labor\\\/unsere-verpflichtungen\\\/#primaryimage\",\"url\":\"https:\\\/\\\/www.asepta.com\\\/wp-content\\\/uploads\\\/2019\\\/05\\\/Asepta-228.jpg\",\"contentUrl\":\"https:\\\/\\\/www.asepta.com\\\/wp-content\\\/uploads\\\/2019\\\/05\\\/Asepta-228.jpg\",\"width\":1920,\"height\":1146},{\"@type\":\"BreadcrumbList\",\"@id\":\"https:\\\/\\\/www.asepta.com\\\/de\\\/das-labor\\\/unsere-verpflichtungen\\\/#breadcrumb\",\"itemListElement\":[{\"@type\":\"ListItem\",\"position\":1,\"name\":\"Accueil\",\"item\":\"https:\\\/\\\/www.asepta.com\\\/de\\\/\"},{\"@type\":\"ListItem\",\"position\":2,\"name\":\"Das Labor\",\"item\":\"https:\\\/\\\/www.asepta.com\\\/de\\\/das-labor\\\/\"},{\"@type\":\"ListItem\",\"position\":3,\"name\":\"Unsere Verpflichtungen\"}]},{\"@type\":\"WebSite\",\"@id\":\"https:\\\/\\\/www.asepta.com\\\/de\\\/#website\",\"url\":\"https:\\\/\\\/www.asepta.com\\\/de\\\/\",\"name\":\"Laboratoires ASEPTA Monaco\",\"description\":\"Sp\u00e9cialistes en Dermo-Cosm\u00e9tiques\",\"potentialAction\":[{\"@type\":\"SearchAction\",\"target\":{\"@type\":\"EntryPoint\",\"urlTemplate\":\"https:\\\/\\\/www.asepta.com\\\/de\\\/?s={search_term_string}\"},\"query-input\":{\"@type\":\"PropertyValueSpecification\",\"valueRequired\":true,\"valueName\":\"search_term_string\"}}],\"inLanguage\":\"de\"}]}<\/script>\n<!-- \/ Yoast SEO plugin. -->","yoast_head_json":{"title":"Unsere Verpflichtungen - Laboratoires ASEPTA Monaco","robots":{"index":"index","follow":"follow","max-snippet":"max-snippet:-1","max-image-preview":"max-image-preview:large","max-video-preview":"max-video-preview:-1"},"canonical":"https:\/\/www.asepta.com\/de\/das-labor\/unsere-verpflichtungen\/","og_locale":"de_DE","og_type":"article","og_title":"Unsere Verpflichtungen - Laboratoires ASEPTA Monaco","og_description":"1. Die dermatologische Sicherheit Die LABORATOIRES ASEPTA verpflichten sich, nur die Inhaltsstoffe zu verwenden, die f\u00fcr eine optimale Toleranz und gute Wirksamkeit n\u00f6tig sind. Wir w\u00e4hlen immer die leistungsf\u00e4higsten Wirkstoffe in der passenden Dosierung. 2. Die Normen Die LABORATOIRES ASEPTA gen\u00fcgen den aktuell in der Kosmetikindustrie geltenden internationalen Regeln und Normen. 3. Die Patente Alle [&hellip;]","og_url":"https:\/\/www.asepta.com\/de\/das-labor\/unsere-verpflichtungen\/","og_site_name":"Laboratoires ASEPTA Monaco","article_publisher":"https:\/\/www.facebook.com\/laboasepta\/","article_modified_time":"2019-07-26T06:44:55+00:00","og_image":[{"width":1920,"height":1146,"url":"https:\/\/www.asepta.com\/wp-content\/uploads\/2019\/05\/Asepta-228.jpg","type":"image\/jpeg"}],"twitter_card":"summary_large_image","twitter_site":"@laboasepta","twitter_misc":{"Gesch\u00e4tzte Lesezeit":"1\u00a0Minute"},"schema":{"@context":"https:\/\/schema.org","@graph":[{"@type":"WebPage","@id":"https:\/\/www.asepta.com\/de\/das-labor\/unsere-verpflichtungen\/","url":"https:\/\/www.asepta.com\/de\/das-labor\/unsere-verpflichtungen\/","name":"Unsere Verpflichtungen - Laboratoires ASEPTA Monaco","isPartOf":{"@id":"https:\/\/www.asepta.com\/de\/#website"},"primaryImageOfPage":{"@id":"https:\/\/www.asepta.com\/de\/das-labor\/unsere-verpflichtungen\/#primaryimage"},"image":{"@id":"https:\/\/www.asepta.com\/de\/das-labor\/unsere-verpflichtungen\/#primaryimage"},"thumbnailUrl":"https:\/\/www.asepta.com\/wp-content\/uploads\/2019\/05\/Asepta-228.jpg","datePublished":"2014-08-12T07:49:56+00:00","dateModified":"2019-07-26T06:44:55+00:00","breadcrumb":{"@id":"https:\/\/www.asepta.com\/de\/das-labor\/unsere-verpflichtungen\/#breadcrumb"},"inLanguage":"de","potentialAction":[{"@type":"ReadAction","target":["https:\/\/www.asepta.com\/de\/das-labor\/unsere-verpflichtungen\/"]}]},{"@type":"ImageObject","inLanguage":"de","@id":"https:\/\/www.asepta.com\/de\/das-labor\/unsere-verpflichtungen\/#primaryimage","url":"https:\/\/www.asepta.com\/wp-content\/uploads\/2019\/05\/Asepta-228.jpg","contentUrl":"https:\/\/www.asepta.com\/wp-content\/uploads\/2019\/05\/Asepta-228.jpg","width":1920,"height":1146},{"@type":"BreadcrumbList","@id":"https:\/\/www.asepta.com\/de\/das-labor\/unsere-verpflichtungen\/#breadcrumb","itemListElement":[{"@type":"ListItem","position":1,"name":"Accueil","item":"https:\/\/www.asepta.com\/de\/"},{"@type":"ListItem","position":2,"name":"Das Labor","item":"https:\/\/www.asepta.com\/de\/das-labor\/"},{"@type":"ListItem","position":3,"name":"Unsere Verpflichtungen"}]},{"@type":"WebSite","@id":"https:\/\/www.asepta.com\/de\/#website","url":"https:\/\/www.asepta.com\/de\/","name":"Laboratoires ASEPTA Monaco","description":"Sp\u00e9cialistes en Dermo-Cosm\u00e9tiques","potentialAction":[{"@type":"SearchAction","target":{"@type":"EntryPoint","urlTemplate":"https:\/\/www.asepta.com\/de\/?s={search_term_string}"},"query-input":{"@type":"PropertyValueSpecification","valueRequired":true,"valueName":"search_term_string"}}],"inLanguage":"de"}]}},"_links":{"self":[{"href":"https:\/\/www.asepta.com\/de\/wp-json\/wp\/v2\/pages\/10235","targetHints":{"allow":["GET"]}}],"collection":[{"href":"https:\/\/www.asepta.com\/de\/wp-json\/wp\/v2\/pages"}],"about":[{"href":"https:\/\/www.asepta.com\/de\/wp-json\/wp\/v2\/types\/page"}],"author":[{"embeddable":true,"href":"https:\/\/www.asepta.com\/de\/wp-json\/wp\/v2\/users\/1533"}],"replies":[{"embeddable":true,"href":"https:\/\/www.asepta.com\/de\/wp-json\/wp\/v2\/comments?post=10235"}],"version-history":[{"count":2,"href":"https:\/\/www.asepta.com\/de\/wp-json\/wp\/v2\/pages\/10235\/revisions"}],"predecessor-version":[{"id":11751,"href":"https:\/\/www.asepta.com\/de\/wp-json\/wp\/v2\/pages\/10235\/revisions\/11751"}],"up":[{"embeddable":true,"href":"https:\/\/www.asepta.com\/de\/wp-json\/wp\/v2\/pages\/10240"}],"wp:featuredmedia":[{"embeddable":true,"href":"https:\/\/www.asepta.com\/de\/wp-json\/wp\/v2\/media\/8424"}],"wp:attachment":[{"href":"https:\/\/www.asepta.com\/de\/wp-json\/wp\/v2\/media?parent=10235"}],"curies":[{"name":"wp","href":"https:\/\/api.w.org\/{rel}","templated":true}]}}