{"id":10240,"date":"2014-07-01T15:43:07","date_gmt":"2014-07-01T14:43:07","guid":{"rendered":"http:\/\/asepta.com\/le-laboratoire\/"},"modified":"2019-09-27T14:42:10","modified_gmt":"2019-09-27T13:42:10","slug":"das-labor","status":"publish","type":"page","link":"https:\/\/www.asepta.com\/de\/das-labor\/","title":{"rendered":"Das Labor"},"content":{"rendered":"<p>Seit \u00fcber 75 Jahren produzieren und vertreiben die LABORATOIRES ASEPTA dermokosmetische Produkte.<\/p>\n<p>Die vollst\u00e4ndig im F\u00fcrstentum Monaco entworfenen und hergestellten ASEPTA Produkte sind das Ergebnis der j\u00fcngsten kosmetologischen Forschung.<br \/>\nDank der Arbeit des Zentrums f\u00fcr Forschung und Entwicklung sowie der kontinuierlichen Qualit\u00e4ts- und Innovationspolitik wurden in Frankreich und im Ausland folgende erfolgreiche Produktreihen eingef\u00fchrt:<\/p>\n<p>&#8211; AKILE\u00cfNE\u00ae : Fu\u00dfpflege<br \/>\n&#8211; COUP D\u2019\u00c9CLAT\u00ae: Gesichtspflege<br \/>\n&#8211; D\u2019\u00c2ME NATURE\u00ae: Aus nat\u00fcrlichen Inhaltsstoffen bestehende Pflegeprodukte<br \/>\n&#8211; ECRINAL\u00ae: Pflege der Hautanhangsgebilde (N\u00e4gel, Haare und Wimpern)<br \/>\n&#8211; SPORTS AKILE\u00cfNE\u00ae: Spezialprodukte f\u00fcr Sportler<br \/>\n&#8211; VITA CITRAL\u00ae: Hand- und Lippen-Pflege<\/p>\n<p>Heute ist AKILE\u00cfNE\u00ae die f\u00fchrende Fu\u00dfpflege-Reihe in Frankreich und ECRINAL\u00ae f\u00fchrt die Nagelpflege-Reihen an.<br \/>\nDie LABORATOIRES ASEPTA bieten Ihnen \u00fcber 200 Rezepturen f\u00fcr Ihr pers\u00f6nliches Wohlbefinden von Kopf bis Fu\u00df!<\/p>\n","protected":false},"excerpt":{"rendered":"<p>Seit \u00fcber 75 Jahren produzieren und vertreiben die LABORATOIRES ASEPTA dermokosmetische Produkte. Die vollst\u00e4ndig im F\u00fcrstentum Monaco entworfenen und hergestellten ASEPTA Produkte sind das Ergebnis der j\u00fcngsten kosmetologischen Forschung. Dank der Arbeit des Zentrums f\u00fcr Forschung und Entwicklung sowie der kontinuierlichen Qualit\u00e4ts- und Innovationspolitik wurden in Frankreich und im Ausland folgende erfolgreiche Produktreihen eingef\u00fchrt: &#8211; [&hellip;]<\/p>\n","protected":false},"author":1533,"featured_media":8424,"parent":0,"menu_order":56,"comment_status":"closed","ping_status":"closed","template":"","meta":{"_acf_changed":false,"footnotes":""},"class_list":["post-10240","page","type-page","status-publish","has-post-thumbnail","hentry"],"acf":[],"yoast_head":"<!-- This site is optimized with the Yoast SEO plugin v27.5 - https:\/\/yoast.com\/product\/yoast-seo-wordpress\/ -->\n<title>Das Labor - Laboratoires ASEPTA Monaco<\/title>\n<meta name=\"robots\" content=\"index, follow, max-snippet:-1, max-image-preview:large, max-video-preview:-1\" \/>\n<link rel=\"canonical\" href=\"https:\/\/www.asepta.com\/de\/das-labor\/\" \/>\n<meta property=\"og:locale\" content=\"de_DE\" \/>\n<meta property=\"og:type\" content=\"article\" \/>\n<meta property=\"og:title\" content=\"Das Labor - Laboratoires ASEPTA Monaco\" \/>\n<meta property=\"og:description\" content=\"Seit \u00fcber 75 Jahren produzieren und vertreiben die LABORATOIRES ASEPTA dermokosmetische Produkte. Die vollst\u00e4ndig im F\u00fcrstentum Monaco entworfenen und hergestellten ASEPTA Produkte sind das Ergebnis der j\u00fcngsten kosmetologischen Forschung. Dank der Arbeit des Zentrums f\u00fcr Forschung und Entwicklung sowie der kontinuierlichen Qualit\u00e4ts- und Innovationspolitik wurden in Frankreich und im Ausland folgende erfolgreiche Produktreihen eingef\u00fchrt: &#8211; [&hellip;]\" \/>\n<meta property=\"og:url\" content=\"https:\/\/www.asepta.com\/de\/das-labor\/\" \/>\n<meta property=\"og:site_name\" content=\"Laboratoires ASEPTA Monaco\" \/>\n<meta property=\"article:publisher\" content=\"https:\/\/www.facebook.com\/laboasepta\/\" \/>\n<meta property=\"article:modified_time\" content=\"2019-09-27T13:42:10+00:00\" \/>\n<meta property=\"og:image\" content=\"https:\/\/www.asepta.com\/wp-content\/uploads\/2019\/05\/Asepta-228.jpg\" \/>\n\t<meta property=\"og:image:width\" content=\"1920\" \/>\n\t<meta property=\"og:image:height\" content=\"1146\" \/>\n\t<meta property=\"og:image:type\" content=\"image\/jpeg\" \/>\n<meta name=\"twitter:card\" content=\"summary_large_image\" \/>\n<meta name=\"twitter:site\" content=\"@laboasepta\" \/>\n<meta name=\"twitter:label1\" content=\"Gesch\u00e4tzte Lesezeit\" \/>\n\t<meta name=\"twitter:data1\" content=\"1\u00a0Minute\" \/>\n<script type=\"application\/ld+json\" class=\"yoast-schema-graph\">{\"@context\":\"https:\\\/\\\/schema.org\",\"@graph\":[{\"@type\":\"WebPage\",\"@id\":\"https:\\\/\\\/www.asepta.com\\\/de\\\/das-labor\\\/\",\"url\":\"https:\\\/\\\/www.asepta.com\\\/de\\\/das-labor\\\/\",\"name\":\"Das Labor - Laboratoires ASEPTA Monaco\",\"isPartOf\":{\"@id\":\"https:\\\/\\\/www.asepta.com\\\/de\\\/#website\"},\"primaryImageOfPage\":{\"@id\":\"https:\\\/\\\/www.asepta.com\\\/de\\\/das-labor\\\/#primaryimage\"},\"image\":{\"@id\":\"https:\\\/\\\/www.asepta.com\\\/de\\\/das-labor\\\/#primaryimage\"},\"thumbnailUrl\":\"https:\\\/\\\/www.asepta.com\\\/wp-content\\\/uploads\\\/2019\\\/05\\\/Asepta-228.jpg\",\"datePublished\":\"2014-07-01T14:43:07+00:00\",\"dateModified\":\"2019-09-27T13:42:10+00:00\",\"breadcrumb\":{\"@id\":\"https:\\\/\\\/www.asepta.com\\\/de\\\/das-labor\\\/#breadcrumb\"},\"inLanguage\":\"de\",\"potentialAction\":[{\"@type\":\"ReadAction\",\"target\":[\"https:\\\/\\\/www.asepta.com\\\/de\\\/das-labor\\\/\"]}]},{\"@type\":\"ImageObject\",\"inLanguage\":\"de\",\"@id\":\"https:\\\/\\\/www.asepta.com\\\/de\\\/das-labor\\\/#primaryimage\",\"url\":\"https:\\\/\\\/www.asepta.com\\\/wp-content\\\/uploads\\\/2019\\\/05\\\/Asepta-228.jpg\",\"contentUrl\":\"https:\\\/\\\/www.asepta.com\\\/wp-content\\\/uploads\\\/2019\\\/05\\\/Asepta-228.jpg\",\"width\":1920,\"height\":1146},{\"@type\":\"BreadcrumbList\",\"@id\":\"https:\\\/\\\/www.asepta.com\\\/de\\\/das-labor\\\/#breadcrumb\",\"itemListElement\":[{\"@type\":\"ListItem\",\"position\":1,\"name\":\"Accueil\",\"item\":\"https:\\\/\\\/www.asepta.com\\\/de\\\/\"},{\"@type\":\"ListItem\",\"position\":2,\"name\":\"Das Labor\"}]},{\"@type\":\"WebSite\",\"@id\":\"https:\\\/\\\/www.asepta.com\\\/de\\\/#website\",\"url\":\"https:\\\/\\\/www.asepta.com\\\/de\\\/\",\"name\":\"Laboratoires ASEPTA Monaco\",\"description\":\"Sp\u00e9cialistes en Dermo-Cosm\u00e9tiques\",\"potentialAction\":[{\"@type\":\"SearchAction\",\"target\":{\"@type\":\"EntryPoint\",\"urlTemplate\":\"https:\\\/\\\/www.asepta.com\\\/de\\\/?s={search_term_string}\"},\"query-input\":{\"@type\":\"PropertyValueSpecification\",\"valueRequired\":true,\"valueName\":\"search_term_string\"}}],\"inLanguage\":\"de\"}]}<\/script>\n<!-- \/ Yoast SEO plugin. -->","yoast_head_json":{"title":"Das Labor - Laboratoires ASEPTA Monaco","robots":{"index":"index","follow":"follow","max-snippet":"max-snippet:-1","max-image-preview":"max-image-preview:large","max-video-preview":"max-video-preview:-1"},"canonical":"https:\/\/www.asepta.com\/de\/das-labor\/","og_locale":"de_DE","og_type":"article","og_title":"Das Labor - Laboratoires ASEPTA Monaco","og_description":"Seit \u00fcber 75 Jahren produzieren und vertreiben die LABORATOIRES ASEPTA dermokosmetische Produkte. Die vollst\u00e4ndig im F\u00fcrstentum Monaco entworfenen und hergestellten ASEPTA Produkte sind das Ergebnis der j\u00fcngsten kosmetologischen Forschung. Dank der Arbeit des Zentrums f\u00fcr Forschung und Entwicklung sowie der kontinuierlichen Qualit\u00e4ts- und Innovationspolitik wurden in Frankreich und im Ausland folgende erfolgreiche Produktreihen eingef\u00fchrt: &#8211; [&hellip;]","og_url":"https:\/\/www.asepta.com\/de\/das-labor\/","og_site_name":"Laboratoires ASEPTA Monaco","article_publisher":"https:\/\/www.facebook.com\/laboasepta\/","article_modified_time":"2019-09-27T13:42:10+00:00","og_image":[{"width":1920,"height":1146,"url":"https:\/\/www.asepta.com\/wp-content\/uploads\/2019\/05\/Asepta-228.jpg","type":"image\/jpeg"}],"twitter_card":"summary_large_image","twitter_site":"@laboasepta","twitter_misc":{"Gesch\u00e4tzte Lesezeit":"1\u00a0Minute"},"schema":{"@context":"https:\/\/schema.org","@graph":[{"@type":"WebPage","@id":"https:\/\/www.asepta.com\/de\/das-labor\/","url":"https:\/\/www.asepta.com\/de\/das-labor\/","name":"Das Labor - Laboratoires ASEPTA Monaco","isPartOf":{"@id":"https:\/\/www.asepta.com\/de\/#website"},"primaryImageOfPage":{"@id":"https:\/\/www.asepta.com\/de\/das-labor\/#primaryimage"},"image":{"@id":"https:\/\/www.asepta.com\/de\/das-labor\/#primaryimage"},"thumbnailUrl":"https:\/\/www.asepta.com\/wp-content\/uploads\/2019\/05\/Asepta-228.jpg","datePublished":"2014-07-01T14:43:07+00:00","dateModified":"2019-09-27T13:42:10+00:00","breadcrumb":{"@id":"https:\/\/www.asepta.com\/de\/das-labor\/#breadcrumb"},"inLanguage":"de","potentialAction":[{"@type":"ReadAction","target":["https:\/\/www.asepta.com\/de\/das-labor\/"]}]},{"@type":"ImageObject","inLanguage":"de","@id":"https:\/\/www.asepta.com\/de\/das-labor\/#primaryimage","url":"https:\/\/www.asepta.com\/wp-content\/uploads\/2019\/05\/Asepta-228.jpg","contentUrl":"https:\/\/www.asepta.com\/wp-content\/uploads\/2019\/05\/Asepta-228.jpg","width":1920,"height":1146},{"@type":"BreadcrumbList","@id":"https:\/\/www.asepta.com\/de\/das-labor\/#breadcrumb","itemListElement":[{"@type":"ListItem","position":1,"name":"Accueil","item":"https:\/\/www.asepta.com\/de\/"},{"@type":"ListItem","position":2,"name":"Das Labor"}]},{"@type":"WebSite","@id":"https:\/\/www.asepta.com\/de\/#website","url":"https:\/\/www.asepta.com\/de\/","name":"Laboratoires ASEPTA Monaco","description":"Sp\u00e9cialistes en Dermo-Cosm\u00e9tiques","potentialAction":[{"@type":"SearchAction","target":{"@type":"EntryPoint","urlTemplate":"https:\/\/www.asepta.com\/de\/?s={search_term_string}"},"query-input":{"@type":"PropertyValueSpecification","valueRequired":true,"valueName":"search_term_string"}}],"inLanguage":"de"}]}},"_links":{"self":[{"href":"https:\/\/www.asepta.com\/de\/wp-json\/wp\/v2\/pages\/10240","targetHints":{"allow":["GET"]}}],"collection":[{"href":"https:\/\/www.asepta.com\/de\/wp-json\/wp\/v2\/pages"}],"about":[{"href":"https:\/\/www.asepta.com\/de\/wp-json\/wp\/v2\/types\/page"}],"author":[{"embeddable":true,"href":"https:\/\/www.asepta.com\/de\/wp-json\/wp\/v2\/users\/1533"}],"replies":[{"embeddable":true,"href":"https:\/\/www.asepta.com\/de\/wp-json\/wp\/v2\/comments?post=10240"}],"version-history":[{"count":3,"href":"https:\/\/www.asepta.com\/de\/wp-json\/wp\/v2\/pages\/10240\/revisions"}],"predecessor-version":[{"id":11956,"href":"https:\/\/www.asepta.com\/de\/wp-json\/wp\/v2\/pages\/10240\/revisions\/11956"}],"wp:featuredmedia":[{"embeddable":true,"href":"https:\/\/www.asepta.com\/de\/wp-json\/wp\/v2\/media\/8424"}],"wp:attachment":[{"href":"https:\/\/www.asepta.com\/de\/wp-json\/wp\/v2\/media?parent=10240"}],"curies":[{"name":"wp","href":"https:\/\/api.w.org\/{rel}","templated":true}]}}