{"id":10229,"date":"2014-08-12T08:50:06","date_gmt":"2014-08-12T07:50:06","guid":{"rendered":"http:\/\/asepta.com\/notre-histoire\/"},"modified":"2019-07-17T10:53:05","modified_gmt":"2019-07-17T09:53:05","slug":"asepta-70-years-of-history","status":"publish","type":"page","link":"https:\/\/www.asepta.com\/en\/the-laboratory\/asepta-70-years-of-history\/","title":{"rendered":"ASEPTA : 70 years of history"},"content":{"rendered":"<p>LABORATOIRES ASEPTA\u2019s history is closely linked to the Principality of Monaco and particularly to its Casino.<\/p>\n<p>At the end of the 1930\u2019s, some Croupiers of Monte-Carlo\u2019s Casino made an original request to a Pharmacist: a cream against painful feet. Indeed, these Croupiers who could stand for hours on the Casino carpets were in need of an efficient remedy to soothe them.<\/p>\n<p>Henri ADAM who just sold his Pharmacy to Charles CAMPORA and Paul LACROIX, created a formula made of a soothing plant called achillea. In 1947, the trademark Akile\u00efne\u00ae was patented and the legend could start!<\/p>\n<p>At this time, the founding team is enlarged with Henri MAS, a Paul LACROIX\u2019s childhood friend.<br \/>\nLABORATOIRES ASEPTA\u2019s beginnings were slow in that after-war period where very few consumers paid attention to products of comfort. However, Paul LACROIX and Henri MAS succeeded in selling their products in the pharmacies of the Riviera, then in Paris and Strasburg. They also achieved in creating a demand for an unusual product in a slow-motion economical context.<\/p>\n<p>In 1952, VITA CITRAL\u00ae is created by ASEPTA and focuses on handcare. This new line came to diversify the laboratory\u2019s activities that decided to launch another range 20 years after: ECRINAL\u00ae for the care of hair, lashes and nails. Skincare is not put aside thanks to the creation of COUP D\u2019ECLAT\u00ae in 1978 with the emblematic Lifting Ampoule !<\/p>\n<p>In 1993, the laboratory innovates with the launch of the very first footcare product dedicated to diabetics : AKILDIA.<\/p>\n<p>Today, LABORATOIRES ASEPTA manufacture more than 6 million units per year and have succeeded in becoming leaders in French pharmacies for footcare with AKILE\u00cfNE\u00ae as well as nailcare with ECRINAL\u00ae.<\/p>\n<p>More than 75 years after their creation, LABORATOIRES ASEPTA, always independent and managed by the founders\u2019 descendants, are still an important group producing many dermo-cosmetic lines in the Principality of Monaco which gain an international reputation.<\/p>\n<p>\u00ab Quality and Innovation \u00bb has always been the laboratory\u2019s motto, being a dynamical partner of the dermo-pharmacy and modern cosmetics, thanks to numerous patents and innovation. This has been acclaimed with many awars: Prix Norx (1988), Best Brand Award (1989), Riviera Trade Club (1997), Leader d\u2019Exportation (1999), Monaco Business Award (2000), Label Eur\u00eaka (2005), Troph\u00e9e Club Eco de Monaco (2013) and the Troph\u00e9e Femmes de L\u2019Economie (2015).<\/p>\n<p style=\"text-align: justify;\">About 200 persons are employed by the laboratory in a state of the art Monaco-based structure respecting all international cosmetic standards. Their worldwide presence is settled on more than 60 countries on the 5 continents thanks to a network of local distributors widened by 5 subsidiaries in Belgium, Germany, Switzerland, Tunisia and Canada.<\/p>\n","protected":false},"excerpt":{"rendered":"<p>LABORATOIRES ASEPTA\u2019s history is closely linked to the Principality of Monaco and particularly to its Casino. At the end of the 1930\u2019s, some Croupiers of Monte-Carlo\u2019s Casino made an original request to a Pharmacist: a cream against painful feet. Indeed, these Croupiers who could stand for hours on the Casino carpets were in need of [&hellip;]<\/p>\n","protected":false},"author":1533,"featured_media":5083,"parent":10239,"menu_order":70,"comment_status":"closed","ping_status":"closed","template":"","meta":{"_acf_changed":false,"footnotes":""},"class_list":["post-10229","page","type-page","status-publish","has-post-thumbnail","hentry"],"acf":[],"yoast_head":"<!-- This site is optimized with the Yoast SEO plugin v27.5 - https:\/\/yoast.com\/product\/yoast-seo-wordpress\/ -->\n<title>ASEPTA : 70 years of history - Laboratoires ASEPTA Monaco<\/title>\n<meta name=\"robots\" content=\"index, follow, max-snippet:-1, max-image-preview:large, max-video-preview:-1\" \/>\n<link rel=\"canonical\" href=\"https:\/\/www.asepta.com\/en\/the-laboratory\/asepta-70-years-of-history\/\" \/>\n<meta property=\"og:locale\" content=\"en_US\" \/>\n<meta property=\"og:type\" content=\"article\" \/>\n<meta property=\"og:title\" content=\"ASEPTA : 70 years of history - Laboratoires ASEPTA Monaco\" \/>\n<meta property=\"og:description\" content=\"LABORATOIRES ASEPTA\u2019s history is closely linked to the Principality of Monaco and particularly to its Casino. At the end of the 1930\u2019s, some Croupiers of Monte-Carlo\u2019s Casino made an original request to a Pharmacist: a cream against painful feet. Indeed, these Croupiers who could stand for hours on the Casino carpets were in need of [&hellip;]\" \/>\n<meta property=\"og:url\" content=\"https:\/\/www.asepta.com\/en\/the-laboratory\/asepta-70-years-of-history\/\" \/>\n<meta property=\"og:site_name\" content=\"Laboratoires ASEPTA Monaco\" \/>\n<meta property=\"article:publisher\" content=\"https:\/\/www.facebook.com\/laboasepta\/\" \/>\n<meta property=\"article:modified_time\" content=\"2019-07-17T09:53:05+00:00\" \/>\n<meta property=\"og:image\" content=\"https:\/\/www.asepta.com\/wp-content\/uploads\/2014\/08\/photo-1950.jpg\" \/>\n\t<meta property=\"og:image:width\" content=\"1950\" \/>\n\t<meta property=\"og:image:height\" content=\"1299\" \/>\n\t<meta property=\"og:image:type\" content=\"image\/jpeg\" \/>\n<meta name=\"twitter:card\" content=\"summary_large_image\" \/>\n<meta name=\"twitter:site\" content=\"@laboasepta\" \/>\n<meta name=\"twitter:label1\" content=\"Est. reading time\" \/>\n\t<meta name=\"twitter:data1\" content=\"2 minutes\" \/>\n<script type=\"application\/ld+json\" class=\"yoast-schema-graph\">{\"@context\":\"https:\\\/\\\/schema.org\",\"@graph\":[{\"@type\":\"WebPage\",\"@id\":\"https:\\\/\\\/www.asepta.com\\\/en\\\/the-laboratory\\\/asepta-70-years-of-history\\\/\",\"url\":\"https:\\\/\\\/www.asepta.com\\\/en\\\/the-laboratory\\\/asepta-70-years-of-history\\\/\",\"name\":\"ASEPTA : 70 years of history - Laboratoires ASEPTA Monaco\",\"isPartOf\":{\"@id\":\"https:\\\/\\\/www.asepta.com\\\/en\\\/#website\"},\"primaryImageOfPage\":{\"@id\":\"https:\\\/\\\/www.asepta.com\\\/en\\\/the-laboratory\\\/asepta-70-years-of-history\\\/#primaryimage\"},\"image\":{\"@id\":\"https:\\\/\\\/www.asepta.com\\\/en\\\/the-laboratory\\\/asepta-70-years-of-history\\\/#primaryimage\"},\"thumbnailUrl\":\"https:\\\/\\\/www.asepta.com\\\/wp-content\\\/uploads\\\/2014\\\/08\\\/photo-1950.jpg\",\"datePublished\":\"2014-08-12T07:50:06+00:00\",\"dateModified\":\"2019-07-17T09:53:05+00:00\",\"breadcrumb\":{\"@id\":\"https:\\\/\\\/www.asepta.com\\\/en\\\/the-laboratory\\\/asepta-70-years-of-history\\\/#breadcrumb\"},\"inLanguage\":\"en-US\",\"potentialAction\":[{\"@type\":\"ReadAction\",\"target\":[\"https:\\\/\\\/www.asepta.com\\\/en\\\/the-laboratory\\\/asepta-70-years-of-history\\\/\"]}]},{\"@type\":\"ImageObject\",\"inLanguage\":\"en-US\",\"@id\":\"https:\\\/\\\/www.asepta.com\\\/en\\\/the-laboratory\\\/asepta-70-years-of-history\\\/#primaryimage\",\"url\":\"https:\\\/\\\/www.asepta.com\\\/wp-content\\\/uploads\\\/2014\\\/08\\\/photo-1950.jpg\",\"contentUrl\":\"https:\\\/\\\/www.asepta.com\\\/wp-content\\\/uploads\\\/2014\\\/08\\\/photo-1950.jpg\",\"width\":1950,\"height\":1299},{\"@type\":\"BreadcrumbList\",\"@id\":\"https:\\\/\\\/www.asepta.com\\\/en\\\/the-laboratory\\\/asepta-70-years-of-history\\\/#breadcrumb\",\"itemListElement\":[{\"@type\":\"ListItem\",\"position\":1,\"name\":\"Accueil\",\"item\":\"https:\\\/\\\/www.asepta.com\\\/en\\\/\"},{\"@type\":\"ListItem\",\"position\":2,\"name\":\"The Laboratory\",\"item\":\"https:\\\/\\\/www.asepta.com\\\/en\\\/the-laboratory\\\/\"},{\"@type\":\"ListItem\",\"position\":3,\"name\":\"ASEPTA : 70 years of history\"}]},{\"@type\":\"WebSite\",\"@id\":\"https:\\\/\\\/www.asepta.com\\\/en\\\/#website\",\"url\":\"https:\\\/\\\/www.asepta.com\\\/en\\\/\",\"name\":\"Laboratoires ASEPTA Monaco\",\"description\":\"Sp\u00e9cialistes en Dermo-Cosm\u00e9tiques\",\"potentialAction\":[{\"@type\":\"SearchAction\",\"target\":{\"@type\":\"EntryPoint\",\"urlTemplate\":\"https:\\\/\\\/www.asepta.com\\\/en\\\/?s={search_term_string}\"},\"query-input\":{\"@type\":\"PropertyValueSpecification\",\"valueRequired\":true,\"valueName\":\"search_term_string\"}}],\"inLanguage\":\"en-US\"}]}<\/script>\n<!-- \/ Yoast SEO plugin. -->","yoast_head_json":{"title":"ASEPTA : 70 years of history - Laboratoires ASEPTA Monaco","robots":{"index":"index","follow":"follow","max-snippet":"max-snippet:-1","max-image-preview":"max-image-preview:large","max-video-preview":"max-video-preview:-1"},"canonical":"https:\/\/www.asepta.com\/en\/the-laboratory\/asepta-70-years-of-history\/","og_locale":"en_US","og_type":"article","og_title":"ASEPTA : 70 years of history - Laboratoires ASEPTA Monaco","og_description":"LABORATOIRES ASEPTA\u2019s history is closely linked to the Principality of Monaco and particularly to its Casino. At the end of the 1930\u2019s, some Croupiers of Monte-Carlo\u2019s Casino made an original request to a Pharmacist: a cream against painful feet. Indeed, these Croupiers who could stand for hours on the Casino carpets were in need of [&hellip;]","og_url":"https:\/\/www.asepta.com\/en\/the-laboratory\/asepta-70-years-of-history\/","og_site_name":"Laboratoires ASEPTA Monaco","article_publisher":"https:\/\/www.facebook.com\/laboasepta\/","article_modified_time":"2019-07-17T09:53:05+00:00","og_image":[{"width":1950,"height":1299,"url":"https:\/\/www.asepta.com\/wp-content\/uploads\/2014\/08\/photo-1950.jpg","type":"image\/jpeg"}],"twitter_card":"summary_large_image","twitter_site":"@laboasepta","twitter_misc":{"Est. reading time":"2 minutes"},"schema":{"@context":"https:\/\/schema.org","@graph":[{"@type":"WebPage","@id":"https:\/\/www.asepta.com\/en\/the-laboratory\/asepta-70-years-of-history\/","url":"https:\/\/www.asepta.com\/en\/the-laboratory\/asepta-70-years-of-history\/","name":"ASEPTA : 70 years of history - Laboratoires ASEPTA Monaco","isPartOf":{"@id":"https:\/\/www.asepta.com\/en\/#website"},"primaryImageOfPage":{"@id":"https:\/\/www.asepta.com\/en\/the-laboratory\/asepta-70-years-of-history\/#primaryimage"},"image":{"@id":"https:\/\/www.asepta.com\/en\/the-laboratory\/asepta-70-years-of-history\/#primaryimage"},"thumbnailUrl":"https:\/\/www.asepta.com\/wp-content\/uploads\/2014\/08\/photo-1950.jpg","datePublished":"2014-08-12T07:50:06+00:00","dateModified":"2019-07-17T09:53:05+00:00","breadcrumb":{"@id":"https:\/\/www.asepta.com\/en\/the-laboratory\/asepta-70-years-of-history\/#breadcrumb"},"inLanguage":"en-US","potentialAction":[{"@type":"ReadAction","target":["https:\/\/www.asepta.com\/en\/the-laboratory\/asepta-70-years-of-history\/"]}]},{"@type":"ImageObject","inLanguage":"en-US","@id":"https:\/\/www.asepta.com\/en\/the-laboratory\/asepta-70-years-of-history\/#primaryimage","url":"https:\/\/www.asepta.com\/wp-content\/uploads\/2014\/08\/photo-1950.jpg","contentUrl":"https:\/\/www.asepta.com\/wp-content\/uploads\/2014\/08\/photo-1950.jpg","width":1950,"height":1299},{"@type":"BreadcrumbList","@id":"https:\/\/www.asepta.com\/en\/the-laboratory\/asepta-70-years-of-history\/#breadcrumb","itemListElement":[{"@type":"ListItem","position":1,"name":"Accueil","item":"https:\/\/www.asepta.com\/en\/"},{"@type":"ListItem","position":2,"name":"The Laboratory","item":"https:\/\/www.asepta.com\/en\/the-laboratory\/"},{"@type":"ListItem","position":3,"name":"ASEPTA : 70 years of history"}]},{"@type":"WebSite","@id":"https:\/\/www.asepta.com\/en\/#website","url":"https:\/\/www.asepta.com\/en\/","name":"Laboratoires ASEPTA Monaco","description":"Sp\u00e9cialistes en Dermo-Cosm\u00e9tiques","potentialAction":[{"@type":"SearchAction","target":{"@type":"EntryPoint","urlTemplate":"https:\/\/www.asepta.com\/en\/?s={search_term_string}"},"query-input":{"@type":"PropertyValueSpecification","valueRequired":true,"valueName":"search_term_string"}}],"inLanguage":"en-US"}]}},"_links":{"self":[{"href":"https:\/\/www.asepta.com\/en\/wp-json\/wp\/v2\/pages\/10229","targetHints":{"allow":["GET"]}}],"collection":[{"href":"https:\/\/www.asepta.com\/en\/wp-json\/wp\/v2\/pages"}],"about":[{"href":"https:\/\/www.asepta.com\/en\/wp-json\/wp\/v2\/types\/page"}],"author":[{"embeddable":true,"href":"https:\/\/www.asepta.com\/en\/wp-json\/wp\/v2\/users\/1533"}],"replies":[{"embeddable":true,"href":"https:\/\/www.asepta.com\/en\/wp-json\/wp\/v2\/comments?post=10229"}],"version-history":[{"count":3,"href":"https:\/\/www.asepta.com\/en\/wp-json\/wp\/v2\/pages\/10229\/revisions"}],"predecessor-version":[{"id":10725,"href":"https:\/\/www.asepta.com\/en\/wp-json\/wp\/v2\/pages\/10229\/revisions\/10725"}],"up":[{"embeddable":true,"href":"https:\/\/www.asepta.com\/en\/wp-json\/wp\/v2\/pages\/10239"}],"wp:featuredmedia":[{"embeddable":true,"href":"https:\/\/www.asepta.com\/en\/wp-json\/wp\/v2\/media\/5083"}],"wp:attachment":[{"href":"https:\/\/www.asepta.com\/en\/wp-json\/wp\/v2\/media?parent=10229"}],"curies":[{"name":"wp","href":"https:\/\/api.w.org\/{rel}","templated":true}]}}