{"id":10239,"date":"2014-07-01T15:43:07","date_gmt":"2014-07-01T14:43:07","guid":{"rendered":"http:\/\/asepta.com\/le-laboratoire\/"},"modified":"2019-07-19T14:46:20","modified_gmt":"2019-07-19T13:46:20","slug":"the-laboratory","status":"publish","type":"page","link":"https:\/\/www.asepta.com\/en\/the-laboratory\/","title":{"rendered":"The Laboratory"},"content":{"rendered":"<p>LABORATOIRES ASEPTA have been manufacturers and distributors of dermo-cosmetics products for more than 70 years. ASEPTA Products are elaborated and manufactured in the Principality of Monaco in a state-of-the art building.<\/p>\n<p>The Research &amp; Development Department with a spirit of innovation and quality made possible a successful story in France and overseas for the following lines:<br \/>\n&#8211; AKILE\u00cfNE\u00ae: Footcare<br \/>\n&#8211; COUP D&#8217;ECLAT\u00ae: Skincare<br \/>\n&#8211; D\u2019\u00c2ME NATURE\u00ae : Soins formul\u00e9s \u00e0 partir d&#8217;ingr\u00e9dients d&#8217;origine naturelle<br \/>\n&#8211; ECRINAL\u00ae: Nailcare, Haircare and Eyelash Care<br \/>\n&#8211; SPORTS AKILE\u00cfNE\u00ae: Special care for Sportsmen and Sportswomen<br \/>\n&#8211; VITA CITRAL\u00ae: Handcare and Lipcare<\/p>\n<p>Today, AKILEINE and ECRINAL are leader in French pharmacies for footcare and nailcare.<br \/>\nWith more than 200 formulae, ASEPTA provides wellness from head to toes!<\/p>\n","protected":false},"excerpt":{"rendered":"<p>LABORATOIRES ASEPTA have been manufacturers and distributors of dermo-cosmetics products for more than 70 years. ASEPTA Products are elaborated and manufactured in the Principality of Monaco in a state-of-the art building. The Research &amp; Development Department with a spirit of innovation and quality made possible a successful story in France and overseas for the following [&hellip;]<\/p>\n","protected":false},"author":1533,"featured_media":8423,"parent":0,"menu_order":60,"comment_status":"closed","ping_status":"closed","template":"","meta":{"_acf_changed":false,"footnotes":""},"class_list":["post-10239","page","type-page","status-publish","has-post-thumbnail","hentry"],"acf":[],"yoast_head":"<!-- This site is optimized with the Yoast SEO plugin v27.5 - https:\/\/yoast.com\/product\/yoast-seo-wordpress\/ -->\n<title>The Laboratory - Laboratoires ASEPTA Monaco<\/title>\n<meta name=\"robots\" content=\"index, follow, max-snippet:-1, max-image-preview:large, max-video-preview:-1\" \/>\n<link rel=\"canonical\" href=\"https:\/\/www.asepta.com\/en\/the-laboratory\/\" \/>\n<meta property=\"og:locale\" content=\"en_US\" \/>\n<meta property=\"og:type\" content=\"article\" \/>\n<meta property=\"og:title\" content=\"The Laboratory - Laboratoires ASEPTA Monaco\" \/>\n<meta property=\"og:description\" content=\"LABORATOIRES ASEPTA have been manufacturers and distributors of dermo-cosmetics products for more than 70 years. ASEPTA Products are elaborated and manufactured in the Principality of Monaco in a state-of-the art building. The Research &amp; Development Department with a spirit of innovation and quality made possible a successful story in France and overseas for the following [&hellip;]\" \/>\n<meta property=\"og:url\" content=\"https:\/\/www.asepta.com\/en\/the-laboratory\/\" \/>\n<meta property=\"og:site_name\" content=\"Laboratoires ASEPTA Monaco\" \/>\n<meta property=\"article:publisher\" content=\"https:\/\/www.facebook.com\/laboasepta\/\" \/>\n<meta property=\"article:modified_time\" content=\"2019-07-19T13:46:20+00:00\" \/>\n<meta property=\"og:image\" content=\"https:\/\/www.asepta.com\/wp-content\/uploads\/2019\/05\/Asepta-228.jpg\" \/>\n\t<meta property=\"og:image:width\" content=\"1920\" \/>\n\t<meta property=\"og:image:height\" content=\"1146\" \/>\n\t<meta property=\"og:image:type\" content=\"image\/jpeg\" \/>\n<meta name=\"twitter:card\" content=\"summary_large_image\" \/>\n<meta name=\"twitter:site\" content=\"@laboasepta\" \/>\n<meta name=\"twitter:label1\" content=\"Est. reading time\" \/>\n\t<meta name=\"twitter:data1\" content=\"1 minute\" \/>\n<script type=\"application\/ld+json\" class=\"yoast-schema-graph\">{\"@context\":\"https:\\\/\\\/schema.org\",\"@graph\":[{\"@type\":\"WebPage\",\"@id\":\"https:\\\/\\\/www.asepta.com\\\/en\\\/the-laboratory\\\/\",\"url\":\"https:\\\/\\\/www.asepta.com\\\/en\\\/the-laboratory\\\/\",\"name\":\"The Laboratory - Laboratoires ASEPTA Monaco\",\"isPartOf\":{\"@id\":\"https:\\\/\\\/www.asepta.com\\\/en\\\/#website\"},\"primaryImageOfPage\":{\"@id\":\"https:\\\/\\\/www.asepta.com\\\/en\\\/the-laboratory\\\/#primaryimage\"},\"image\":{\"@id\":\"https:\\\/\\\/www.asepta.com\\\/en\\\/the-laboratory\\\/#primaryimage\"},\"thumbnailUrl\":\"https:\\\/\\\/www.asepta.com\\\/wp-content\\\/uploads\\\/2019\\\/05\\\/Asepta-228.jpg\",\"datePublished\":\"2014-07-01T14:43:07+00:00\",\"dateModified\":\"2019-07-19T13:46:20+00:00\",\"breadcrumb\":{\"@id\":\"https:\\\/\\\/www.asepta.com\\\/en\\\/the-laboratory\\\/#breadcrumb\"},\"inLanguage\":\"en-US\",\"potentialAction\":[{\"@type\":\"ReadAction\",\"target\":[\"https:\\\/\\\/www.asepta.com\\\/en\\\/the-laboratory\\\/\"]}]},{\"@type\":\"ImageObject\",\"inLanguage\":\"en-US\",\"@id\":\"https:\\\/\\\/www.asepta.com\\\/en\\\/the-laboratory\\\/#primaryimage\",\"url\":\"https:\\\/\\\/www.asepta.com\\\/wp-content\\\/uploads\\\/2019\\\/05\\\/Asepta-228.jpg\",\"contentUrl\":\"https:\\\/\\\/www.asepta.com\\\/wp-content\\\/uploads\\\/2019\\\/05\\\/Asepta-228.jpg\",\"width\":1920,\"height\":1146},{\"@type\":\"BreadcrumbList\",\"@id\":\"https:\\\/\\\/www.asepta.com\\\/en\\\/the-laboratory\\\/#breadcrumb\",\"itemListElement\":[{\"@type\":\"ListItem\",\"position\":1,\"name\":\"Accueil\",\"item\":\"https:\\\/\\\/www.asepta.com\\\/en\\\/\"},{\"@type\":\"ListItem\",\"position\":2,\"name\":\"The Laboratory\"}]},{\"@type\":\"WebSite\",\"@id\":\"https:\\\/\\\/www.asepta.com\\\/en\\\/#website\",\"url\":\"https:\\\/\\\/www.asepta.com\\\/en\\\/\",\"name\":\"Laboratoires ASEPTA Monaco\",\"description\":\"Sp\u00e9cialistes en Dermo-Cosm\u00e9tiques\",\"potentialAction\":[{\"@type\":\"SearchAction\",\"target\":{\"@type\":\"EntryPoint\",\"urlTemplate\":\"https:\\\/\\\/www.asepta.com\\\/en\\\/?s={search_term_string}\"},\"query-input\":{\"@type\":\"PropertyValueSpecification\",\"valueRequired\":true,\"valueName\":\"search_term_string\"}}],\"inLanguage\":\"en-US\"}]}<\/script>\n<!-- \/ Yoast SEO plugin. -->","yoast_head_json":{"title":"The Laboratory - Laboratoires ASEPTA Monaco","robots":{"index":"index","follow":"follow","max-snippet":"max-snippet:-1","max-image-preview":"max-image-preview:large","max-video-preview":"max-video-preview:-1"},"canonical":"https:\/\/www.asepta.com\/en\/the-laboratory\/","og_locale":"en_US","og_type":"article","og_title":"The Laboratory - Laboratoires ASEPTA Monaco","og_description":"LABORATOIRES ASEPTA have been manufacturers and distributors of dermo-cosmetics products for more than 70 years. ASEPTA Products are elaborated and manufactured in the Principality of Monaco in a state-of-the art building. The Research &amp; Development Department with a spirit of innovation and quality made possible a successful story in France and overseas for the following [&hellip;]","og_url":"https:\/\/www.asepta.com\/en\/the-laboratory\/","og_site_name":"Laboratoires ASEPTA Monaco","article_publisher":"https:\/\/www.facebook.com\/laboasepta\/","article_modified_time":"2019-07-19T13:46:20+00:00","og_image":[{"width":1920,"height":1146,"url":"https:\/\/www.asepta.com\/wp-content\/uploads\/2019\/05\/Asepta-228.jpg","type":"image\/jpeg"}],"twitter_card":"summary_large_image","twitter_site":"@laboasepta","twitter_misc":{"Est. reading time":"1 minute"},"schema":{"@context":"https:\/\/schema.org","@graph":[{"@type":"WebPage","@id":"https:\/\/www.asepta.com\/en\/the-laboratory\/","url":"https:\/\/www.asepta.com\/en\/the-laboratory\/","name":"The Laboratory - Laboratoires ASEPTA Monaco","isPartOf":{"@id":"https:\/\/www.asepta.com\/en\/#website"},"primaryImageOfPage":{"@id":"https:\/\/www.asepta.com\/en\/the-laboratory\/#primaryimage"},"image":{"@id":"https:\/\/www.asepta.com\/en\/the-laboratory\/#primaryimage"},"thumbnailUrl":"https:\/\/www.asepta.com\/wp-content\/uploads\/2019\/05\/Asepta-228.jpg","datePublished":"2014-07-01T14:43:07+00:00","dateModified":"2019-07-19T13:46:20+00:00","breadcrumb":{"@id":"https:\/\/www.asepta.com\/en\/the-laboratory\/#breadcrumb"},"inLanguage":"en-US","potentialAction":[{"@type":"ReadAction","target":["https:\/\/www.asepta.com\/en\/the-laboratory\/"]}]},{"@type":"ImageObject","inLanguage":"en-US","@id":"https:\/\/www.asepta.com\/en\/the-laboratory\/#primaryimage","url":"https:\/\/www.asepta.com\/wp-content\/uploads\/2019\/05\/Asepta-228.jpg","contentUrl":"https:\/\/www.asepta.com\/wp-content\/uploads\/2019\/05\/Asepta-228.jpg","width":1920,"height":1146},{"@type":"BreadcrumbList","@id":"https:\/\/www.asepta.com\/en\/the-laboratory\/#breadcrumb","itemListElement":[{"@type":"ListItem","position":1,"name":"Accueil","item":"https:\/\/www.asepta.com\/en\/"},{"@type":"ListItem","position":2,"name":"The Laboratory"}]},{"@type":"WebSite","@id":"https:\/\/www.asepta.com\/en\/#website","url":"https:\/\/www.asepta.com\/en\/","name":"Laboratoires ASEPTA Monaco","description":"Sp\u00e9cialistes en Dermo-Cosm\u00e9tiques","potentialAction":[{"@type":"SearchAction","target":{"@type":"EntryPoint","urlTemplate":"https:\/\/www.asepta.com\/en\/?s={search_term_string}"},"query-input":{"@type":"PropertyValueSpecification","valueRequired":true,"valueName":"search_term_string"}}],"inLanguage":"en-US"}]}},"_links":{"self":[{"href":"https:\/\/www.asepta.com\/en\/wp-json\/wp\/v2\/pages\/10239","targetHints":{"allow":["GET"]}}],"collection":[{"href":"https:\/\/www.asepta.com\/en\/wp-json\/wp\/v2\/pages"}],"about":[{"href":"https:\/\/www.asepta.com\/en\/wp-json\/wp\/v2\/types\/page"}],"author":[{"embeddable":true,"href":"https:\/\/www.asepta.com\/en\/wp-json\/wp\/v2\/users\/1533"}],"replies":[{"embeddable":true,"href":"https:\/\/www.asepta.com\/en\/wp-json\/wp\/v2\/comments?post=10239"}],"version-history":[{"count":4,"href":"https:\/\/www.asepta.com\/en\/wp-json\/wp\/v2\/pages\/10239\/revisions"}],"predecessor-version":[{"id":11388,"href":"https:\/\/www.asepta.com\/en\/wp-json\/wp\/v2\/pages\/10239\/revisions\/11388"}],"wp:featuredmedia":[{"embeddable":true,"href":"https:\/\/www.asepta.com\/en\/wp-json\/wp\/v2\/media\/8423"}],"wp:attachment":[{"href":"https:\/\/www.asepta.com\/en\/wp-json\/wp\/v2\/media?parent=10239"}],"curies":[{"name":"wp","href":"https:\/\/api.w.org\/{rel}","templated":true}]}}