{"id":10254,"date":"2014-07-01T15:43:07","date_gmt":"2014-07-01T14:43:07","guid":{"rendered":"http:\/\/asepta.com\/espace-podologue\/"},"modified":"2025-09-02T07:46:23","modified_gmt":"2025-09-02T06:46:23","slug":"espace-podologue","status":"publish","type":"page","link":"https:\/\/www.asepta.com\/en\/espace-podologue\/","title":{"rendered":"Espace Podologue"},"content":{"rendered":"<p><b>L&#8217;espace de vente en ligne est exclusivement r\u00e9serv\u00e9 aux podologues clients de nos Laboratoires.<\/b><\/p>\n<p>Lors de votre premi\u00e8re connexion, merci de remplir le formulaire.<\/p>\n<p>Apr\u00e8s validation de vos informations par notre Service Commercial, vous aurez acc\u00e8s au catalogue produits et de mat\u00e9riel publicitaire.<\/p>\n<p>Il est possible que le mail de confirmation arrive dans la bo\u00eete de courrier ind\u00e9sirable. Pensez \u00e0 la contr\u00f4ler. En cas de probl\u00e8me, n&#8217;h\u00e9sitez pas \u00e0 <a href=\"mailto:mziegler@asepta.mc\">nous contacter<\/a> !<\/p>\n<p>Si vous n\u2019\u00eates pas encore client ou pour tout besoin de renseignements vous pouvez nous contacter au 00 377 92 05 75 51 ou par mail <a href=\"mailto:mziegler@asepta.mc\">\u00a0Service Commercial<\/a><\/p>\n<div class=\"woocommerce\"><\/div>\n","protected":false},"excerpt":{"rendered":"<p>L&#8217;espace de vente en ligne est exclusivement r\u00e9serv\u00e9 aux podologues clients de nos Laboratoires. Lors de votre premi\u00e8re connexion, merci de remplir le formulaire. Apr\u00e8s validation de vos informations par notre Service Commercial, vous aurez acc\u00e8s au catalogue produits et de mat\u00e9riel publicitaire. Il est possible que le mail de confirmation arrive dans la bo\u00eete [&hellip;]<\/p>\n","protected":false},"author":1533,"featured_media":837645,"parent":0,"menu_order":118,"comment_status":"closed","ping_status":"closed","template":"template-espacepro.php","meta":{"_acf_changed":false,"footnotes":""},"class_list":["post-10254","page","type-page","status-publish","has-post-thumbnail","hentry"],"acf":[],"yoast_head":"<!-- This site is optimized with the Yoast SEO plugin v27.3 - https:\/\/yoast.com\/product\/yoast-seo-wordpress\/ -->\n<title>Espace Podologue - Laboratoires ASEPTA Monaco<\/title>\n<meta name=\"robots\" content=\"noindex, nofollow\" \/>\n<meta property=\"og:locale\" content=\"en_US\" \/>\n<meta property=\"og:type\" content=\"article\" \/>\n<meta property=\"og:title\" content=\"Espace Podologue - Laboratoires ASEPTA Monaco\" \/>\n<meta property=\"og:description\" content=\"L&#8217;espace de vente en ligne est exclusivement r\u00e9serv\u00e9 aux podologues clients de nos Laboratoires. Lors de votre premi\u00e8re connexion, merci de remplir le formulaire. Apr\u00e8s validation de vos informations par notre Service Commercial, vous aurez acc\u00e8s au catalogue produits et de mat\u00e9riel publicitaire. Il est possible que le mail de confirmation arrive dans la bo\u00eete [&hellip;]\" \/>\n<meta property=\"og:url\" content=\"https:\/\/www.asepta.com\/en\/espace-podologue\/\" \/>\n<meta property=\"og:site_name\" content=\"Laboratoires ASEPTA Monaco\" \/>\n<meta property=\"article:publisher\" content=\"https:\/\/www.facebook.com\/laboasepta\/\" \/>\n<meta property=\"article:modified_time\" content=\"2025-09-02T06:46:23+00:00\" \/>\n<meta property=\"og:image\" content=\"https:\/\/www.asepta.com\/wp-content\/uploads\/2020\/12\/banniere-commerciale-hiver-2021.png\" \/>\n\t<meta property=\"og:image:width\" content=\"1000\" \/>\n\t<meta property=\"og:image:height\" content=\"434\" \/>\n\t<meta property=\"og:image:type\" content=\"image\/png\" \/>\n<meta name=\"twitter:card\" content=\"summary_large_image\" \/>\n<meta name=\"twitter:site\" content=\"@laboasepta\" \/>\n<meta name=\"twitter:label1\" content=\"Est. reading time\" \/>\n\t<meta name=\"twitter:data1\" content=\"1 minute\" \/>\n<script type=\"application\/ld+json\" class=\"yoast-schema-graph\">{\"@context\":\"https:\\\/\\\/schema.org\",\"@graph\":[{\"@type\":\"WebPage\",\"@id\":\"https:\\\/\\\/www.asepta.com\\\/en\\\/espace-podologue\\\/\",\"url\":\"https:\\\/\\\/www.asepta.com\\\/en\\\/espace-podologue\\\/\",\"name\":\"Espace Podologue - Laboratoires ASEPTA Monaco\",\"isPartOf\":{\"@id\":\"https:\\\/\\\/www.asepta.com\\\/en\\\/#website\"},\"primaryImageOfPage\":{\"@id\":\"https:\\\/\\\/www.asepta.com\\\/en\\\/espace-podologue\\\/#primaryimage\"},\"image\":{\"@id\":\"https:\\\/\\\/www.asepta.com\\\/en\\\/espace-podologue\\\/#primaryimage\"},\"thumbnailUrl\":\"https:\\\/\\\/www.asepta.com\\\/wp-content\\\/uploads\\\/2020\\\/12\\\/banniere-commerciale-hiver-2021.png\",\"datePublished\":\"2014-07-01T14:43:07+00:00\",\"dateModified\":\"2025-09-02T06:46:23+00:00\",\"breadcrumb\":{\"@id\":\"https:\\\/\\\/www.asepta.com\\\/en\\\/espace-podologue\\\/#breadcrumb\"},\"inLanguage\":\"en-US\",\"potentialAction\":[{\"@type\":\"ReadAction\",\"target\":[\"https:\\\/\\\/www.asepta.com\\\/en\\\/espace-podologue\\\/\"]}]},{\"@type\":\"ImageObject\",\"inLanguage\":\"en-US\",\"@id\":\"https:\\\/\\\/www.asepta.com\\\/en\\\/espace-podologue\\\/#primaryimage\",\"url\":\"https:\\\/\\\/www.asepta.com\\\/wp-content\\\/uploads\\\/2020\\\/12\\\/banniere-commerciale-hiver-2021.png\",\"contentUrl\":\"https:\\\/\\\/www.asepta.com\\\/wp-content\\\/uploads\\\/2020\\\/12\\\/banniere-commerciale-hiver-2021.png\",\"width\":1000,\"height\":434},{\"@type\":\"BreadcrumbList\",\"@id\":\"https:\\\/\\\/www.asepta.com\\\/en\\\/espace-podologue\\\/#breadcrumb\",\"itemListElement\":[{\"@type\":\"ListItem\",\"position\":1,\"name\":\"Accueil\",\"item\":\"https:\\\/\\\/www.asepta.com\\\/en\\\/\"},{\"@type\":\"ListItem\",\"position\":2,\"name\":\"Espace Podologue\"}]},{\"@type\":\"WebSite\",\"@id\":\"https:\\\/\\\/www.asepta.com\\\/en\\\/#website\",\"url\":\"https:\\\/\\\/www.asepta.com\\\/en\\\/\",\"name\":\"Laboratoires ASEPTA Monaco\",\"description\":\"Sp\u00e9cialistes en Dermo-Cosm\u00e9tiques\",\"potentialAction\":[{\"@type\":\"SearchAction\",\"target\":{\"@type\":\"EntryPoint\",\"urlTemplate\":\"https:\\\/\\\/www.asepta.com\\\/en\\\/?s={search_term_string}\"},\"query-input\":{\"@type\":\"PropertyValueSpecification\",\"valueRequired\":true,\"valueName\":\"search_term_string\"}}],\"inLanguage\":\"en-US\"}]}<\/script>\n<!-- \/ Yoast SEO plugin. -->","yoast_head_json":{"title":"Espace Podologue - Laboratoires ASEPTA Monaco","robots":{"index":"noindex","follow":"nofollow"},"og_locale":"en_US","og_type":"article","og_title":"Espace Podologue - Laboratoires ASEPTA Monaco","og_description":"L&#8217;espace de vente en ligne est exclusivement r\u00e9serv\u00e9 aux podologues clients de nos Laboratoires. Lors de votre premi\u00e8re connexion, merci de remplir le formulaire. Apr\u00e8s validation de vos informations par notre Service Commercial, vous aurez acc\u00e8s au catalogue produits et de mat\u00e9riel publicitaire. Il est possible que le mail de confirmation arrive dans la bo\u00eete [&hellip;]","og_url":"https:\/\/www.asepta.com\/en\/espace-podologue\/","og_site_name":"Laboratoires ASEPTA Monaco","article_publisher":"https:\/\/www.facebook.com\/laboasepta\/","article_modified_time":"2025-09-02T06:46:23+00:00","og_image":[{"width":1000,"height":434,"url":"https:\/\/www.asepta.com\/wp-content\/uploads\/2020\/12\/banniere-commerciale-hiver-2021.png","type":"image\/png"}],"twitter_card":"summary_large_image","twitter_site":"@laboasepta","twitter_misc":{"Est. reading time":"1 minute"},"schema":{"@context":"https:\/\/schema.org","@graph":[{"@type":"WebPage","@id":"https:\/\/www.asepta.com\/en\/espace-podologue\/","url":"https:\/\/www.asepta.com\/en\/espace-podologue\/","name":"Espace Podologue - Laboratoires ASEPTA Monaco","isPartOf":{"@id":"https:\/\/www.asepta.com\/en\/#website"},"primaryImageOfPage":{"@id":"https:\/\/www.asepta.com\/en\/espace-podologue\/#primaryimage"},"image":{"@id":"https:\/\/www.asepta.com\/en\/espace-podologue\/#primaryimage"},"thumbnailUrl":"https:\/\/www.asepta.com\/wp-content\/uploads\/2020\/12\/banniere-commerciale-hiver-2021.png","datePublished":"2014-07-01T14:43:07+00:00","dateModified":"2025-09-02T06:46:23+00:00","breadcrumb":{"@id":"https:\/\/www.asepta.com\/en\/espace-podologue\/#breadcrumb"},"inLanguage":"en-US","potentialAction":[{"@type":"ReadAction","target":["https:\/\/www.asepta.com\/en\/espace-podologue\/"]}]},{"@type":"ImageObject","inLanguage":"en-US","@id":"https:\/\/www.asepta.com\/en\/espace-podologue\/#primaryimage","url":"https:\/\/www.asepta.com\/wp-content\/uploads\/2020\/12\/banniere-commerciale-hiver-2021.png","contentUrl":"https:\/\/www.asepta.com\/wp-content\/uploads\/2020\/12\/banniere-commerciale-hiver-2021.png","width":1000,"height":434},{"@type":"BreadcrumbList","@id":"https:\/\/www.asepta.com\/en\/espace-podologue\/#breadcrumb","itemListElement":[{"@type":"ListItem","position":1,"name":"Accueil","item":"https:\/\/www.asepta.com\/en\/"},{"@type":"ListItem","position":2,"name":"Espace Podologue"}]},{"@type":"WebSite","@id":"https:\/\/www.asepta.com\/en\/#website","url":"https:\/\/www.asepta.com\/en\/","name":"Laboratoires ASEPTA Monaco","description":"Sp\u00e9cialistes en Dermo-Cosm\u00e9tiques","potentialAction":[{"@type":"SearchAction","target":{"@type":"EntryPoint","urlTemplate":"https:\/\/www.asepta.com\/en\/?s={search_term_string}"},"query-input":{"@type":"PropertyValueSpecification","valueRequired":true,"valueName":"search_term_string"}}],"inLanguage":"en-US"}]}},"_links":{"self":[{"href":"https:\/\/www.asepta.com\/en\/wp-json\/wp\/v2\/pages\/10254","targetHints":{"allow":["GET"]}}],"collection":[{"href":"https:\/\/www.asepta.com\/en\/wp-json\/wp\/v2\/pages"}],"about":[{"href":"https:\/\/www.asepta.com\/en\/wp-json\/wp\/v2\/types\/page"}],"author":[{"embeddable":true,"href":"https:\/\/www.asepta.com\/en\/wp-json\/wp\/v2\/users\/1533"}],"replies":[{"embeddable":true,"href":"https:\/\/www.asepta.com\/en\/wp-json\/wp\/v2\/comments?post=10254"}],"version-history":[{"count":23,"href":"https:\/\/www.asepta.com\/en\/wp-json\/wp\/v2\/pages\/10254\/revisions"}],"predecessor-version":[{"id":865692,"href":"https:\/\/www.asepta.com\/en\/wp-json\/wp\/v2\/pages\/10254\/revisions\/865692"}],"wp:featuredmedia":[{"embeddable":true,"href":"https:\/\/www.asepta.com\/en\/wp-json\/wp\/v2\/media\/837645"}],"wp:attachment":[{"href":"https:\/\/www.asepta.com\/en\/wp-json\/wp\/v2\/media?parent=10254"}],"curies":[{"name":"wp","href":"https:\/\/api.w.org\/{rel}","templated":true}]}}