{"id":842349,"date":"2022-06-30T08:00:07","date_gmt":"2022-06-30T07:00:07","guid":{"rendered":"https:\/\/asepta.com\/?post_type=product&#038;p=842349"},"modified":"2026-01-27T10:03:34","modified_gmt":"2026-01-27T09:03:34","slug":"lingettes-desifectantes-3-en-1","status":"publish","type":"product","link":"https:\/\/www.asepta.com\/en\/product\/lingettes-desifectantes-3-en-1\/","title":{"rendered":"LINGETTES D\u00c9SINFECTANTES 3 EN 1"},"content":{"rendered":"<p>Les indispensables \u00e0 garder \u00e0 port\u00e9e de mains !<\/p>\n","protected":false},"excerpt":{"rendered":"<p>Les indispensables \u00e0 garder \u00e0 port\u00e9e de mains !<\/p>\n","protected":false},"featured_media":844468,"comment_status":"closed","ping_status":"closed","template":"","meta":{"_acf_changed":false},"product_brand":[],"product_cat":[134,45,31],"product_tag":[],"class_list":{"0":"post-842349","1":"product","2":"type-product","3":"status-publish","4":"has-post-thumbnail","6":"product_cat-hygiene","7":"product_cat-dermopharmacie","8":"product_cat-vita-citral","10":"first","11":"instock","12":"taxable","13":"shipping-taxable","14":"purchasable","15":"product-type-simple"},"acf":[],"yoast_head":"<!-- This site is optimized with the Yoast SEO plugin v27.6 - https:\/\/yoast.com\/product\/yoast-seo-wordpress\/ -->\n<title>LINGETTES D\u00c9SINFECTANTES 3 EN 1 - Laboratoires ASEPTA Monaco<\/title>\n<meta name=\"robots\" content=\"index, follow, max-snippet:-1, max-image-preview:large, max-video-preview:-1\" \/>\n<link rel=\"canonical\" href=\"https:\/\/www.asepta.com\/en\/product\/lingettes-desifectantes-3-en-1\/\" \/>\n<meta property=\"og:locale\" content=\"en_US\" \/>\n<meta property=\"og:type\" content=\"article\" \/>\n<meta property=\"og:title\" content=\"LINGETTES D\u00c9SINFECTANTES 3 EN 1 - Laboratoires ASEPTA Monaco\" \/>\n<meta property=\"og:description\" content=\"Les indispensables \u00e0 garder \u00e0 port\u00e9e de mains !\" \/>\n<meta property=\"og:url\" content=\"https:\/\/www.asepta.com\/en\/product\/lingettes-desifectantes-3-en-1\/\" \/>\n<meta property=\"og:site_name\" content=\"Laboratoires ASEPTA Monaco\" \/>\n<meta property=\"article:publisher\" content=\"https:\/\/www.facebook.com\/laboasepta\/\" \/>\n<meta property=\"article:modified_time\" content=\"2026-01-27T09:03:34+00:00\" \/>\n<meta property=\"og:image\" content=\"https:\/\/www.asepta.com\/wp-content\/uploads\/2022\/06\/Lingettes-Desinfectantes-3-en-1.png\" \/>\n\t<meta property=\"og:image:width\" content=\"2083\" \/>\n\t<meta property=\"og:image:height\" content=\"2083\" \/>\n\t<meta property=\"og:image:type\" content=\"image\/png\" \/>\n<meta name=\"twitter:card\" content=\"summary_large_image\" \/>\n<meta name=\"twitter:site\" content=\"@laboasepta\" \/>\n<meta name=\"twitter:label1\" content=\"Est. reading time\" \/>\n\t<meta name=\"twitter:data1\" content=\"1 minute\" \/>\n<script type=\"application\/ld+json\" class=\"yoast-schema-graph\">{\"@context\":\"https:\\\/\\\/schema.org\",\"@graph\":[{\"@type\":\"WebPage\",\"@id\":\"https:\\\/\\\/www.asepta.com\\\/en\\\/product\\\/lingettes-desifectantes-3-en-1\\\/\",\"url\":\"https:\\\/\\\/www.asepta.com\\\/en\\\/product\\\/lingettes-desifectantes-3-en-1\\\/\",\"name\":\"LINGETTES D\u00c9SINFECTANTES 3 EN 1 - Laboratoires ASEPTA Monaco\",\"isPartOf\":{\"@id\":\"https:\\\/\\\/www.asepta.com\\\/en\\\/#website\"},\"primaryImageOfPage\":{\"@id\":\"https:\\\/\\\/www.asepta.com\\\/en\\\/product\\\/lingettes-desifectantes-3-en-1\\\/#primaryimage\"},\"image\":{\"@id\":\"https:\\\/\\\/www.asepta.com\\\/en\\\/product\\\/lingettes-desifectantes-3-en-1\\\/#primaryimage\"},\"thumbnailUrl\":\"https:\\\/\\\/www.asepta.com\\\/wp-content\\\/uploads\\\/2022\\\/06\\\/Lingettes-Desinfectantes-3-en-1.png\",\"datePublished\":\"2022-06-30T07:00:07+00:00\",\"dateModified\":\"2026-01-27T09:03:34+00:00\",\"breadcrumb\":{\"@id\":\"https:\\\/\\\/www.asepta.com\\\/en\\\/product\\\/lingettes-desifectantes-3-en-1\\\/#breadcrumb\"},\"inLanguage\":\"en-US\",\"potentialAction\":[{\"@type\":\"ReadAction\",\"target\":[\"https:\\\/\\\/www.asepta.com\\\/en\\\/product\\\/lingettes-desifectantes-3-en-1\\\/\"]}]},{\"@type\":\"ImageObject\",\"inLanguage\":\"en-US\",\"@id\":\"https:\\\/\\\/www.asepta.com\\\/en\\\/product\\\/lingettes-desifectantes-3-en-1\\\/#primaryimage\",\"url\":\"https:\\\/\\\/www.asepta.com\\\/wp-content\\\/uploads\\\/2022\\\/06\\\/Lingettes-Desinfectantes-3-en-1.png\",\"contentUrl\":\"https:\\\/\\\/www.asepta.com\\\/wp-content\\\/uploads\\\/2022\\\/06\\\/Lingettes-Desinfectantes-3-en-1.png\",\"width\":2083,\"height\":2083},{\"@type\":\"BreadcrumbList\",\"@id\":\"https:\\\/\\\/www.asepta.com\\\/en\\\/product\\\/lingettes-desifectantes-3-en-1\\\/#breadcrumb\",\"itemListElement\":[{\"@type\":\"ListItem\",\"position\":1,\"name\":\"Accueil\",\"item\":\"https:\\\/\\\/www.asepta.com\\\/en\\\/\"},{\"@type\":\"ListItem\",\"position\":2,\"name\":\"Nos Produits\",\"item\":\"https:\\\/\\\/www.asepta.com\\\/en\\\/our-products\\\/\"},{\"@type\":\"ListItem\",\"position\":3,\"name\":\"LINGETTES D\u00c9SINFECTANTES 3 EN 1\"}]},{\"@type\":\"WebSite\",\"@id\":\"https:\\\/\\\/www.asepta.com\\\/en\\\/#website\",\"url\":\"https:\\\/\\\/www.asepta.com\\\/en\\\/\",\"name\":\"Laboratoires ASEPTA Monaco\",\"description\":\"Sp\u00e9cialistes en Dermo-Cosm\u00e9tiques\",\"potentialAction\":[{\"@type\":\"SearchAction\",\"target\":{\"@type\":\"EntryPoint\",\"urlTemplate\":\"https:\\\/\\\/www.asepta.com\\\/en\\\/?s={search_term_string}\"},\"query-input\":{\"@type\":\"PropertyValueSpecification\",\"valueRequired\":true,\"valueName\":\"search_term_string\"}}],\"inLanguage\":\"en-US\"}]}<\/script>\n<!-- \/ Yoast SEO plugin. -->","yoast_head_json":{"title":"LINGETTES D\u00c9SINFECTANTES 3 EN 1 - Laboratoires ASEPTA Monaco","robots":{"index":"index","follow":"follow","max-snippet":"max-snippet:-1","max-image-preview":"max-image-preview:large","max-video-preview":"max-video-preview:-1"},"canonical":"https:\/\/www.asepta.com\/en\/product\/lingettes-desifectantes-3-en-1\/","og_locale":"en_US","og_type":"article","og_title":"LINGETTES D\u00c9SINFECTANTES 3 EN 1 - Laboratoires ASEPTA Monaco","og_description":"Les indispensables \u00e0 garder \u00e0 port\u00e9e de mains !","og_url":"https:\/\/www.asepta.com\/en\/product\/lingettes-desifectantes-3-en-1\/","og_site_name":"Laboratoires ASEPTA Monaco","article_publisher":"https:\/\/www.facebook.com\/laboasepta\/","article_modified_time":"2026-01-27T09:03:34+00:00","og_image":[{"width":2083,"height":2083,"url":"https:\/\/www.asepta.com\/wp-content\/uploads\/2022\/06\/Lingettes-Desinfectantes-3-en-1.png","type":"image\/png"}],"twitter_card":"summary_large_image","twitter_site":"@laboasepta","twitter_misc":{"Est. reading time":"1 minute"},"schema":{"@context":"https:\/\/schema.org","@graph":[{"@type":"WebPage","@id":"https:\/\/www.asepta.com\/en\/product\/lingettes-desifectantes-3-en-1\/","url":"https:\/\/www.asepta.com\/en\/product\/lingettes-desifectantes-3-en-1\/","name":"LINGETTES D\u00c9SINFECTANTES 3 EN 1 - Laboratoires ASEPTA Monaco","isPartOf":{"@id":"https:\/\/www.asepta.com\/en\/#website"},"primaryImageOfPage":{"@id":"https:\/\/www.asepta.com\/en\/product\/lingettes-desifectantes-3-en-1\/#primaryimage"},"image":{"@id":"https:\/\/www.asepta.com\/en\/product\/lingettes-desifectantes-3-en-1\/#primaryimage"},"thumbnailUrl":"https:\/\/www.asepta.com\/wp-content\/uploads\/2022\/06\/Lingettes-Desinfectantes-3-en-1.png","datePublished":"2022-06-30T07:00:07+00:00","dateModified":"2026-01-27T09:03:34+00:00","breadcrumb":{"@id":"https:\/\/www.asepta.com\/en\/product\/lingettes-desifectantes-3-en-1\/#breadcrumb"},"inLanguage":"en-US","potentialAction":[{"@type":"ReadAction","target":["https:\/\/www.asepta.com\/en\/product\/lingettes-desifectantes-3-en-1\/"]}]},{"@type":"ImageObject","inLanguage":"en-US","@id":"https:\/\/www.asepta.com\/en\/product\/lingettes-desifectantes-3-en-1\/#primaryimage","url":"https:\/\/www.asepta.com\/wp-content\/uploads\/2022\/06\/Lingettes-Desinfectantes-3-en-1.png","contentUrl":"https:\/\/www.asepta.com\/wp-content\/uploads\/2022\/06\/Lingettes-Desinfectantes-3-en-1.png","width":2083,"height":2083},{"@type":"BreadcrumbList","@id":"https:\/\/www.asepta.com\/en\/product\/lingettes-desifectantes-3-en-1\/#breadcrumb","itemListElement":[{"@type":"ListItem","position":1,"name":"Accueil","item":"https:\/\/www.asepta.com\/en\/"},{"@type":"ListItem","position":2,"name":"Nos Produits","item":"https:\/\/www.asepta.com\/en\/our-products\/"},{"@type":"ListItem","position":3,"name":"LINGETTES D\u00c9SINFECTANTES 3 EN 1"}]},{"@type":"WebSite","@id":"https:\/\/www.asepta.com\/en\/#website","url":"https:\/\/www.asepta.com\/en\/","name":"Laboratoires ASEPTA Monaco","description":"Sp\u00e9cialistes en Dermo-Cosm\u00e9tiques","potentialAction":[{"@type":"SearchAction","target":{"@type":"EntryPoint","urlTemplate":"https:\/\/www.asepta.com\/en\/?s={search_term_string}"},"query-input":{"@type":"PropertyValueSpecification","valueRequired":true,"valueName":"search_term_string"}}],"inLanguage":"en-US"}]}},"_links":{"self":[{"href":"https:\/\/www.asepta.com\/en\/wp-json\/wp\/v2\/product\/842349","targetHints":{"allow":["GET"]}}],"collection":[{"href":"https:\/\/www.asepta.com\/en\/wp-json\/wp\/v2\/product"}],"about":[{"href":"https:\/\/www.asepta.com\/en\/wp-json\/wp\/v2\/types\/product"}],"replies":[{"embeddable":true,"href":"https:\/\/www.asepta.com\/en\/wp-json\/wp\/v2\/comments?post=842349"}],"wp:featuredmedia":[{"embeddable":true,"href":"https:\/\/www.asepta.com\/en\/wp-json\/wp\/v2\/media\/844468"}],"wp:attachment":[{"href":"https:\/\/www.asepta.com\/en\/wp-json\/wp\/v2\/media?parent=842349"}],"wp:term":[{"taxonomy":"product_brand","embeddable":true,"href":"https:\/\/www.asepta.com\/en\/wp-json\/wp\/v2\/product_brand?post=842349"},{"taxonomy":"product_cat","embeddable":true,"href":"https:\/\/www.asepta.com\/en\/wp-json\/wp\/v2\/product_cat?post=842349"},{"taxonomy":"product_tag","embeddable":true,"href":"https:\/\/www.asepta.com\/en\/wp-json\/wp\/v2\/product_tag?post=842349"}],"curies":[{"name":"wp","href":"https:\/\/api.w.org\/{rel}","templated":true}]}}