{"id":10203,"date":"2014-12-22T17:13:17","date_gmt":"2014-12-22T16:13:17","guid":{"rendered":"http:\/\/asepta.com\/mentions-legales\/"},"modified":"2019-10-15T08:27:23","modified_gmt":"2019-10-15T07:27:23","slug":"aviso-legal","status":"publish","type":"page","link":"https:\/\/www.asepta.com\/es\/aviso-legal\/","title":{"rendered":"Aviso legal"},"content":{"rendered":"<p>LABORATOIRES ASEPTA<\/p>\n<p>Sociedad An\u00f3nima Monegasca con capital de 1 520 000 \u20ac<br \/>\nDomicilio social: 1-3 avenue Albert II \u2013 Fontvieille \u2013 98000 PRINCIPADO DE MONACO<br \/>\nTel\u00e9fono: +377 92 05 75 51<br \/>\nCorreo electr\u00f3nico: laboratoires@asepta.mc<\/p>\n<p>Inscrita en el RM de M\u00f3naco bajo el n\u00famero 56 S 00055<br \/>\nN\u00famero intracomunitario: FR 06 00000 3102<\/p>\n<p>Dirigente de la Sociedad: Anne-Marie NOIR, Presidenta Directora General<br \/>\nDirector de Publicaciones: Brice FROMION, Director Exportaci\u00f3n<br \/>\nWebmaster: Farouk DJELLOUL<\/p>\n<p>Sitio dise\u00f1ado y realizado por:<br \/>\nFEDERALL, S.A.R.L. Testa, Fedenucci &#038; Canepari con capital de 32 000 \u20ac<br \/>\nDomicilio social: 36 avenue de l&#8217;Annonciade &#8211; Tour Od\u00e9on \u2013 98000 PRINCIPADO DE MONACO<br \/>\nTel\u00e9fono: +377 99 99 99 97<\/p>\n<p>Inscrita en el RM de M\u00f3naco bajo el n\u00famero 03 S 04144<br \/>\nN\u00famero intracomunitario: FR 10 0000 63890<\/p>\n<p>Sitio alojado por:<br \/>\nMONACO TELECOM S.A.M.<br \/>\nSociedad An\u00f3nima Monegasca de 1 687 640 \u20ac de capital<br \/>\nDomicilio social: 25 bd de Suisse \u2013 BP 377 \u2013 98008 MONACO CEDEX<br \/>\nTel\u00e9fono: 377 99 66 33 00<\/p>\n<p>Inscrita en el RM de M\u00f3naco bajo el n\u00famero 97 S 03277<br \/>\nN\u00famero intracomunitario: FR 73 0000 42183<\/p>\n<p>Propiedad intelectual<\/p>\n<p>Las distintas marcas y los logotipos recogidos en el sitio www.asepta.com constituyen marcas pertenecientes a LABORATORIOS ASEPTA. No se otorgar\u00e1 derecho de utilizaci\u00f3n ni patente sobre ninguna marca ni logotipo, mencionados en el sitio; por consiguiente, no podr\u00e1n utilizarse sin previa autorizaci\u00f3n escrita de su propietario.<\/p>\n<p>La reproducci\u00f3n de documentos publicados en el sitio solo se autoriza a fines informativos y a t\u00edtulo exclusivamente privado. Se proh\u00edbe terminantemente cualquier utilizaci\u00f3n a fines comerciales, excepto previa autorizaci\u00f3n escrita de los LABORATORIOS ASEPTA.<\/p>\n<p>Los LABORATORIOS ASEPTA se reservan el derecho de pedir responsabilidades por cualquier acto de falsificaci\u00f3n de sus derechos de propiedad intelectual, incluso por v\u00eda de demanda penal.<\/p>\n<p>Inform\u00e1ticas &#038; Libertades (Ley de Protecci\u00f3n de Datos)<\/p>\n<p>De conformidad con la ley \u201cInformatique et Libert\u00e9s\u201d n\u00b0 78-17 del 6 de enero de 1978 y n\u00b0 2004-801 del 6 de agosto de 2004 (Ley de Protecci\u00f3n de Datos) cualquier persona que deje sus datos o dem\u00e1s informaciones personales en el sitio www.asepta.com se beneficia de un derecho individual de oposici\u00f3n, de acceso y de rectificaci\u00f3n. Puede ejercer dichos derechos remitiendo su solicitud por correo electr\u00f3nico a laboratoires@asepta.mc o por correo postal a LABORATOIRES ASEPTA \u2013 Service Juridique\u2013 1-3 avenue Albert II \u2013 BP 649, MC 98013 MONACO CEDEX;<\/p>\n<p>LABORATORIOS ASEPTA se reservan el derecho de modificar, rescindir o suspender el acceso a la totalidad o parte del sitio, en cualquier momento y no se les exigir\u00e1 responsabilidades por las consecuencias de dichas modificaciones.<\/p>\n<p>El presente aviso legal es sujeto a las leyes francesas y las eventuales discrepancias ser\u00e1n comunicadas a los tribunales competentes de Paris (Francia)<\/p>\n<p>Responsabilidad<\/p>\n<p>LABORATORIOS ASEPTA no se responsabilizan de la exactitud, los errores o las omisiones del presente sitio. Las fotograf\u00edas de los productos de las distintas gamas de los LABORATORIOS, recogidas en el presente sitio, no son contractuales. No se garantiza la exactitud ni la totalidad de los datos puestos en l\u00ednea en el sitio Internet.<\/p>\n<p>LABORATORIOS ASEPTA no garantizan ni asumen ninguna responsabilidad que se derivase del acceso o la utilizaci\u00f3n del presente sitio, incluso los deterioros o los virus que pudiesen da\u00f1ar el equipo inform\u00e1tico del usuario.<\/p>\n<p>El usuario se compromete a no divulgar en este sitio, ninguna informaci\u00f3n susceptible de implicar cualquier responsabilidad civil o penal. Al respecto, se compromete a no divulgar por v\u00eda de este sitio, ninguna informaci\u00f3n ilegal, difamatoria o contraria al orden p\u00fablico.<\/p>\n<p>LABORATORIOS ASEPTA no se responsabilizan de los sitios web ajenos a la compa\u00f1\u00eda, mencionados en el sitio www.asepta.com y dotados de un enlace hipertexto. Por consiguiente, LABORATORIOS ASEPTA rechazan cualquier responsabilidad en cuanto a su contenido. Dichos enlaces hacia otros sitios, no implican ni aprobaci\u00f3n ni asociaci\u00f3n entre LABORATORIOS ASEPTA y dichos sitios web, quedando estos sujetos a sus propios criterios de utilizaci\u00f3n y sus pol\u00edticas de protecci\u00f3n de la vida privada. De mismo modo, no se autoriza a ninguna persona f\u00edsica ni jur\u00eddica a incluir un enlace hipertexto de reorientaci\u00f3n hacia el sitio www.asepta.com. sin previa autorizaci\u00f3n expresa de LABORATORIOS ASEPTA.<\/p>\n","protected":false},"excerpt":{"rendered":"<p>LABORATOIRES ASEPTA Sociedad An\u00f3nima Monegasca con capital de 1 520 000 \u20ac Domicilio social: 1-3 avenue Albert II \u2013 Fontvieille \u2013 98000 PRINCIPADO DE MONACO Tel\u00e9fono: +377 92 05 75 51 Correo electr\u00f3nico: laboratoires@asepta.mc Inscrita en el RM de M\u00f3naco bajo el n\u00famero 56 S 00055 N\u00famero intracomunitario: FR 06 00000 3102 Dirigente de la [&hellip;]<\/p>\n","protected":false},"author":3,"featured_media":8547,"parent":0,"menu_order":46,"comment_status":"closed","ping_status":"closed","template":"","meta":{"_acf_changed":false,"footnotes":""},"class_list":["post-10203","page","type-page","status-publish","has-post-thumbnail","hentry"],"acf":[],"yoast_head":"<!-- This site is optimized with the Yoast SEO plugin v27.5 - https:\/\/yoast.com\/product\/yoast-seo-wordpress\/ -->\n<title>Aviso legal - Laboratoires ASEPTA Monaco<\/title>\n<meta name=\"robots\" content=\"noindex, nofollow\" \/>\n<meta property=\"og:locale\" content=\"es_ES\" \/>\n<meta property=\"og:type\" content=\"article\" \/>\n<meta property=\"og:title\" content=\"Aviso legal - Laboratoires ASEPTA Monaco\" \/>\n<meta property=\"og:description\" content=\"LABORATOIRES ASEPTA Sociedad An\u00f3nima Monegasca con capital de 1 520 000 \u20ac Domicilio social: 1-3 avenue Albert II \u2013 Fontvieille \u2013 98000 PRINCIPADO DE MONACO Tel\u00e9fono: +377 92 05 75 51 Correo electr\u00f3nico: laboratoires@asepta.mc Inscrita en el RM de M\u00f3naco bajo el n\u00famero 56 S 00055 N\u00famero intracomunitario: FR 06 00000 3102 Dirigente de la [&hellip;]\" \/>\n<meta property=\"og:url\" content=\"https:\/\/www.asepta.com\/es\/aviso-legal\/\" \/>\n<meta property=\"og:site_name\" content=\"Laboratoires ASEPTA Monaco\" \/>\n<meta property=\"article:publisher\" content=\"https:\/\/www.facebook.com\/laboasepta\/\" \/>\n<meta property=\"article:modified_time\" content=\"2019-10-15T07:27:23+00:00\" \/>\n<meta property=\"og:image\" content=\"https:\/\/www.asepta.com\/wp-content\/uploads\/2019\/05\/mediterranean-sea-2742232_1920.jpg\" \/>\n\t<meta property=\"og:image:width\" content=\"1920\" \/>\n\t<meta property=\"og:image:height\" content=\"1440\" \/>\n\t<meta property=\"og:image:type\" content=\"image\/jpeg\" \/>\n<meta name=\"twitter:card\" content=\"summary_large_image\" \/>\n<meta name=\"twitter:site\" content=\"@laboasepta\" \/>\n<meta name=\"twitter:label1\" content=\"Tiempo de lectura\" \/>\n\t<meta name=\"twitter:data1\" content=\"3 minutos\" \/>\n<script type=\"application\/ld+json\" class=\"yoast-schema-graph\">{\"@context\":\"https:\\\/\\\/schema.org\",\"@graph\":[{\"@type\":\"WebPage\",\"@id\":\"https:\\\/\\\/www.asepta.com\\\/es\\\/aviso-legal\\\/\",\"url\":\"https:\\\/\\\/www.asepta.com\\\/es\\\/aviso-legal\\\/\",\"name\":\"Aviso legal - Laboratoires ASEPTA Monaco\",\"isPartOf\":{\"@id\":\"https:\\\/\\\/www.asepta.com\\\/es\\\/#website\"},\"primaryImageOfPage\":{\"@id\":\"https:\\\/\\\/www.asepta.com\\\/es\\\/aviso-legal\\\/#primaryimage\"},\"image\":{\"@id\":\"https:\\\/\\\/www.asepta.com\\\/es\\\/aviso-legal\\\/#primaryimage\"},\"thumbnailUrl\":\"https:\\\/\\\/www.asepta.com\\\/wp-content\\\/uploads\\\/2019\\\/05\\\/mediterranean-sea-2742232_1920.jpg\",\"datePublished\":\"2014-12-22T16:13:17+00:00\",\"dateModified\":\"2019-10-15T07:27:23+00:00\",\"breadcrumb\":{\"@id\":\"https:\\\/\\\/www.asepta.com\\\/es\\\/aviso-legal\\\/#breadcrumb\"},\"inLanguage\":\"es\",\"potentialAction\":[{\"@type\":\"ReadAction\",\"target\":[\"https:\\\/\\\/www.asepta.com\\\/es\\\/aviso-legal\\\/\"]}]},{\"@type\":\"ImageObject\",\"inLanguage\":\"es\",\"@id\":\"https:\\\/\\\/www.asepta.com\\\/es\\\/aviso-legal\\\/#primaryimage\",\"url\":\"https:\\\/\\\/www.asepta.com\\\/wp-content\\\/uploads\\\/2019\\\/05\\\/mediterranean-sea-2742232_1920.jpg\",\"contentUrl\":\"https:\\\/\\\/www.asepta.com\\\/wp-content\\\/uploads\\\/2019\\\/05\\\/mediterranean-sea-2742232_1920.jpg\",\"width\":1920,\"height\":1440},{\"@type\":\"BreadcrumbList\",\"@id\":\"https:\\\/\\\/www.asepta.com\\\/es\\\/aviso-legal\\\/#breadcrumb\",\"itemListElement\":[{\"@type\":\"ListItem\",\"position\":1,\"name\":\"Accueil\",\"item\":\"https:\\\/\\\/www.asepta.com\\\/es\\\/\"},{\"@type\":\"ListItem\",\"position\":2,\"name\":\"Aviso legal\"}]},{\"@type\":\"WebSite\",\"@id\":\"https:\\\/\\\/www.asepta.com\\\/es\\\/#website\",\"url\":\"https:\\\/\\\/www.asepta.com\\\/es\\\/\",\"name\":\"Laboratoires ASEPTA Monaco\",\"description\":\"Sp\u00e9cialistes en Dermo-Cosm\u00e9tiques\",\"potentialAction\":[{\"@type\":\"SearchAction\",\"target\":{\"@type\":\"EntryPoint\",\"urlTemplate\":\"https:\\\/\\\/www.asepta.com\\\/es\\\/?s={search_term_string}\"},\"query-input\":{\"@type\":\"PropertyValueSpecification\",\"valueRequired\":true,\"valueName\":\"search_term_string\"}}],\"inLanguage\":\"es\"}]}<\/script>\n<!-- \/ Yoast SEO plugin. -->","yoast_head_json":{"title":"Aviso legal - Laboratoires ASEPTA Monaco","robots":{"index":"noindex","follow":"nofollow"},"og_locale":"es_ES","og_type":"article","og_title":"Aviso legal - Laboratoires ASEPTA Monaco","og_description":"LABORATOIRES ASEPTA Sociedad An\u00f3nima Monegasca con capital de 1 520 000 \u20ac Domicilio social: 1-3 avenue Albert II \u2013 Fontvieille \u2013 98000 PRINCIPADO DE MONACO Tel\u00e9fono: +377 92 05 75 51 Correo electr\u00f3nico: laboratoires@asepta.mc Inscrita en el RM de M\u00f3naco bajo el n\u00famero 56 S 00055 N\u00famero intracomunitario: FR 06 00000 3102 Dirigente de la [&hellip;]","og_url":"https:\/\/www.asepta.com\/es\/aviso-legal\/","og_site_name":"Laboratoires ASEPTA Monaco","article_publisher":"https:\/\/www.facebook.com\/laboasepta\/","article_modified_time":"2019-10-15T07:27:23+00:00","og_image":[{"width":1920,"height":1440,"url":"https:\/\/www.asepta.com\/wp-content\/uploads\/2019\/05\/mediterranean-sea-2742232_1920.jpg","type":"image\/jpeg"}],"twitter_card":"summary_large_image","twitter_site":"@laboasepta","twitter_misc":{"Tiempo de lectura":"3 minutos"},"schema":{"@context":"https:\/\/schema.org","@graph":[{"@type":"WebPage","@id":"https:\/\/www.asepta.com\/es\/aviso-legal\/","url":"https:\/\/www.asepta.com\/es\/aviso-legal\/","name":"Aviso legal - Laboratoires ASEPTA Monaco","isPartOf":{"@id":"https:\/\/www.asepta.com\/es\/#website"},"primaryImageOfPage":{"@id":"https:\/\/www.asepta.com\/es\/aviso-legal\/#primaryimage"},"image":{"@id":"https:\/\/www.asepta.com\/es\/aviso-legal\/#primaryimage"},"thumbnailUrl":"https:\/\/www.asepta.com\/wp-content\/uploads\/2019\/05\/mediterranean-sea-2742232_1920.jpg","datePublished":"2014-12-22T16:13:17+00:00","dateModified":"2019-10-15T07:27:23+00:00","breadcrumb":{"@id":"https:\/\/www.asepta.com\/es\/aviso-legal\/#breadcrumb"},"inLanguage":"es","potentialAction":[{"@type":"ReadAction","target":["https:\/\/www.asepta.com\/es\/aviso-legal\/"]}]},{"@type":"ImageObject","inLanguage":"es","@id":"https:\/\/www.asepta.com\/es\/aviso-legal\/#primaryimage","url":"https:\/\/www.asepta.com\/wp-content\/uploads\/2019\/05\/mediterranean-sea-2742232_1920.jpg","contentUrl":"https:\/\/www.asepta.com\/wp-content\/uploads\/2019\/05\/mediterranean-sea-2742232_1920.jpg","width":1920,"height":1440},{"@type":"BreadcrumbList","@id":"https:\/\/www.asepta.com\/es\/aviso-legal\/#breadcrumb","itemListElement":[{"@type":"ListItem","position":1,"name":"Accueil","item":"https:\/\/www.asepta.com\/es\/"},{"@type":"ListItem","position":2,"name":"Aviso legal"}]},{"@type":"WebSite","@id":"https:\/\/www.asepta.com\/es\/#website","url":"https:\/\/www.asepta.com\/es\/","name":"Laboratoires ASEPTA Monaco","description":"Sp\u00e9cialistes en Dermo-Cosm\u00e9tiques","potentialAction":[{"@type":"SearchAction","target":{"@type":"EntryPoint","urlTemplate":"https:\/\/www.asepta.com\/es\/?s={search_term_string}"},"query-input":{"@type":"PropertyValueSpecification","valueRequired":true,"valueName":"search_term_string"}}],"inLanguage":"es"}]}},"_links":{"self":[{"href":"https:\/\/www.asepta.com\/es\/wp-json\/wp\/v2\/pages\/10203","targetHints":{"allow":["GET"]}}],"collection":[{"href":"https:\/\/www.asepta.com\/es\/wp-json\/wp\/v2\/pages"}],"about":[{"href":"https:\/\/www.asepta.com\/es\/wp-json\/wp\/v2\/types\/page"}],"author":[{"embeddable":true,"href":"https:\/\/www.asepta.com\/es\/wp-json\/wp\/v2\/users\/3"}],"replies":[{"embeddable":true,"href":"https:\/\/www.asepta.com\/es\/wp-json\/wp\/v2\/comments?post=10203"}],"version-history":[{"count":3,"href":"https:\/\/www.asepta.com\/es\/wp-json\/wp\/v2\/pages\/10203\/revisions"}],"predecessor-version":[{"id":12045,"href":"https:\/\/www.asepta.com\/es\/wp-json\/wp\/v2\/pages\/10203\/revisions\/12045"}],"wp:featuredmedia":[{"embeddable":true,"href":"https:\/\/www.asepta.com\/es\/wp-json\/wp\/v2\/media\/8547"}],"wp:attachment":[{"href":"https:\/\/www.asepta.com\/es\/wp-json\/wp\/v2\/media?parent=10203"}],"curies":[{"name":"wp","href":"https:\/\/api.w.org\/{rel}","templated":true}]}}