{"id":10208,"date":"2014-08-12T08:51:22","date_gmt":"2014-08-12T07:51:22","guid":{"rendered":"http:\/\/asepta.com\/ou-nous-trouver\/"},"modified":"2022-06-03T11:25:51","modified_gmt":"2022-06-03T10:25:51","slug":"donde-encontrar-nuestros-productos","status":"publish","type":"page","link":"https:\/\/www.asepta.com\/es\/donde-encontrar-nuestros-productos\/","title":{"rendered":"\u00bf D\u00d3NDE ENCONTRAR NUESTROS PRODUCTOS ?"},"content":{"rendered":"<p>Todos los productos de las gamas AKILE\u00cfNE\u00ae, COUP D\u2019ECLAT\u00ae, D\u2019\u00c2ME NATURE\u00ae, ECRINAL\u00ae y VITA CITRAL\u00ae est\u00e1n disponibles en farmacias, parafarmacias y espacios de salud de Francia.<\/p>\n<p>Podr\u00e1 indicar el n\u00famero ACL (ver en la p\u00e1gina del producto en cuesti\u00f3n) para facilitar la b\u00fasqueda de un producto si este no est\u00e1 disponible.<\/p>\n<p>Para conocer las coordenadas del punto de venta m\u00e1s cercano en Francia, tambi\u00e9n podr\u00e1 contactar a trav\u00e9s de la pesta\u00f1a Contacto.<\/p>\n<p>Descubra <a href=\"https:\/\/asepta.com\/es\/el-laboratorio\/asepta-en-el-mundo\/\">aqu\u00ed<\/a> nuestra presencia internacional.<\/p>\n","protected":false},"excerpt":{"rendered":"<p>Todos los productos de las gamas AKILE\u00cfNE\u00ae, COUP D\u2019ECLAT\u00ae, D\u2019\u00c2ME NATURE\u00ae, ECRINAL\u00ae y VITA CITRAL\u00ae est\u00e1n disponibles en farmacias, parafarmacias y espacios de salud de Francia. Podr\u00e1 indicar el n\u00famero ACL (ver en la p\u00e1gina del producto en cuesti\u00f3n) para facilitar la b\u00fasqueda de un producto si este no est\u00e1 disponible. Para conocer las coordenadas [&hellip;]<\/p>\n","protected":false},"author":1533,"featured_media":8482,"parent":0,"menu_order":98,"comment_status":"closed","ping_status":"closed","template":"","meta":{"_acf_changed":false,"footnotes":""},"class_list":["post-10208","page","type-page","status-publish","has-post-thumbnail","hentry"],"acf":[],"yoast_head":"<!-- This site is optimized with the Yoast SEO plugin v27.5 - https:\/\/yoast.com\/product\/yoast-seo-wordpress\/ -->\n<title>\u00bf D\u00d3NDE ENCONTRAR NUESTROS PRODUCTOS ? - Laboratoires ASEPTA Monaco<\/title>\n<meta name=\"robots\" content=\"index, follow, max-snippet:-1, max-image-preview:large, max-video-preview:-1\" \/>\n<link rel=\"canonical\" href=\"https:\/\/www.asepta.com\/es\/donde-encontrar-nuestros-productos\/\" \/>\n<meta property=\"og:locale\" content=\"es_ES\" \/>\n<meta property=\"og:type\" content=\"article\" \/>\n<meta property=\"og:title\" content=\"\u00bf D\u00d3NDE ENCONTRAR NUESTROS PRODUCTOS ? - Laboratoires ASEPTA Monaco\" \/>\n<meta property=\"og:description\" content=\"Todos los productos de las gamas AKILE\u00cfNE\u00ae, COUP D\u2019ECLAT\u00ae, D\u2019\u00c2ME NATURE\u00ae, ECRINAL\u00ae y VITA CITRAL\u00ae est\u00e1n disponibles en farmacias, parafarmacias y espacios de salud de Francia. Podr\u00e1 indicar el n\u00famero ACL (ver en la p\u00e1gina del producto en cuesti\u00f3n) para facilitar la b\u00fasqueda de un producto si este no est\u00e1 disponible. Para conocer las coordenadas [&hellip;]\" \/>\n<meta property=\"og:url\" content=\"https:\/\/www.asepta.com\/es\/donde-encontrar-nuestros-productos\/\" \/>\n<meta property=\"og:site_name\" content=\"Laboratoires ASEPTA Monaco\" \/>\n<meta property=\"article:publisher\" content=\"https:\/\/www.facebook.com\/laboasepta\/\" \/>\n<meta property=\"article:modified_time\" content=\"2022-06-03T10:25:51+00:00\" \/>\n<meta property=\"og:image\" content=\"https:\/\/www.asepta.com\/wp-content\/uploads\/2019\/05\/localisation.jpg\" \/>\n\t<meta property=\"og:image:width\" content=\"1920\" \/>\n\t<meta property=\"og:image:height\" content=\"1003\" \/>\n\t<meta property=\"og:image:type\" content=\"image\/jpeg\" \/>\n<meta name=\"twitter:card\" content=\"summary_large_image\" \/>\n<meta name=\"twitter:site\" content=\"@laboasepta\" \/>\n<script type=\"application\/ld+json\" class=\"yoast-schema-graph\">{\"@context\":\"https:\\\/\\\/schema.org\",\"@graph\":[{\"@type\":\"WebPage\",\"@id\":\"https:\\\/\\\/www.asepta.com\\\/es\\\/donde-encontrar-nuestros-productos\\\/\",\"url\":\"https:\\\/\\\/www.asepta.com\\\/es\\\/donde-encontrar-nuestros-productos\\\/\",\"name\":\"\u00bf D\u00d3NDE ENCONTRAR NUESTROS PRODUCTOS ? - Laboratoires ASEPTA Monaco\",\"isPartOf\":{\"@id\":\"https:\\\/\\\/www.asepta.com\\\/es\\\/#website\"},\"primaryImageOfPage\":{\"@id\":\"https:\\\/\\\/www.asepta.com\\\/es\\\/donde-encontrar-nuestros-productos\\\/#primaryimage\"},\"image\":{\"@id\":\"https:\\\/\\\/www.asepta.com\\\/es\\\/donde-encontrar-nuestros-productos\\\/#primaryimage\"},\"thumbnailUrl\":\"https:\\\/\\\/www.asepta.com\\\/wp-content\\\/uploads\\\/2019\\\/05\\\/localisation.jpg\",\"datePublished\":\"2014-08-12T07:51:22+00:00\",\"dateModified\":\"2022-06-03T10:25:51+00:00\",\"breadcrumb\":{\"@id\":\"https:\\\/\\\/www.asepta.com\\\/es\\\/donde-encontrar-nuestros-productos\\\/#breadcrumb\"},\"inLanguage\":\"es\",\"potentialAction\":[{\"@type\":\"ReadAction\",\"target\":[\"https:\\\/\\\/www.asepta.com\\\/es\\\/donde-encontrar-nuestros-productos\\\/\"]}]},{\"@type\":\"ImageObject\",\"inLanguage\":\"es\",\"@id\":\"https:\\\/\\\/www.asepta.com\\\/es\\\/donde-encontrar-nuestros-productos\\\/#primaryimage\",\"url\":\"https:\\\/\\\/www.asepta.com\\\/wp-content\\\/uploads\\\/2019\\\/05\\\/localisation.jpg\",\"contentUrl\":\"https:\\\/\\\/www.asepta.com\\\/wp-content\\\/uploads\\\/2019\\\/05\\\/localisation.jpg\",\"width\":1920,\"height\":1003},{\"@type\":\"BreadcrumbList\",\"@id\":\"https:\\\/\\\/www.asepta.com\\\/es\\\/donde-encontrar-nuestros-productos\\\/#breadcrumb\",\"itemListElement\":[{\"@type\":\"ListItem\",\"position\":1,\"name\":\"Accueil\",\"item\":\"https:\\\/\\\/www.asepta.com\\\/es\\\/\"},{\"@type\":\"ListItem\",\"position\":2,\"name\":\"\u00bf D\u00d3NDE ENCONTRAR NUESTROS PRODUCTOS ?\"}]},{\"@type\":\"WebSite\",\"@id\":\"https:\\\/\\\/www.asepta.com\\\/es\\\/#website\",\"url\":\"https:\\\/\\\/www.asepta.com\\\/es\\\/\",\"name\":\"Laboratoires ASEPTA Monaco\",\"description\":\"Sp\u00e9cialistes en Dermo-Cosm\u00e9tiques\",\"potentialAction\":[{\"@type\":\"SearchAction\",\"target\":{\"@type\":\"EntryPoint\",\"urlTemplate\":\"https:\\\/\\\/www.asepta.com\\\/es\\\/?s={search_term_string}\"},\"query-input\":{\"@type\":\"PropertyValueSpecification\",\"valueRequired\":true,\"valueName\":\"search_term_string\"}}],\"inLanguage\":\"es\"}]}<\/script>\n<!-- \/ Yoast SEO plugin. -->","yoast_head_json":{"title":"\u00bf D\u00d3NDE ENCONTRAR NUESTROS PRODUCTOS ? - Laboratoires ASEPTA Monaco","robots":{"index":"index","follow":"follow","max-snippet":"max-snippet:-1","max-image-preview":"max-image-preview:large","max-video-preview":"max-video-preview:-1"},"canonical":"https:\/\/www.asepta.com\/es\/donde-encontrar-nuestros-productos\/","og_locale":"es_ES","og_type":"article","og_title":"\u00bf D\u00d3NDE ENCONTRAR NUESTROS PRODUCTOS ? - Laboratoires ASEPTA Monaco","og_description":"Todos los productos de las gamas AKILE\u00cfNE\u00ae, COUP D\u2019ECLAT\u00ae, D\u2019\u00c2ME NATURE\u00ae, ECRINAL\u00ae y VITA CITRAL\u00ae est\u00e1n disponibles en farmacias, parafarmacias y espacios de salud de Francia. Podr\u00e1 indicar el n\u00famero ACL (ver en la p\u00e1gina del producto en cuesti\u00f3n) para facilitar la b\u00fasqueda de un producto si este no est\u00e1 disponible. Para conocer las coordenadas [&hellip;]","og_url":"https:\/\/www.asepta.com\/es\/donde-encontrar-nuestros-productos\/","og_site_name":"Laboratoires ASEPTA Monaco","article_publisher":"https:\/\/www.facebook.com\/laboasepta\/","article_modified_time":"2022-06-03T10:25:51+00:00","og_image":[{"width":1920,"height":1003,"url":"https:\/\/www.asepta.com\/wp-content\/uploads\/2019\/05\/localisation.jpg","type":"image\/jpeg"}],"twitter_card":"summary_large_image","twitter_site":"@laboasepta","schema":{"@context":"https:\/\/schema.org","@graph":[{"@type":"WebPage","@id":"https:\/\/www.asepta.com\/es\/donde-encontrar-nuestros-productos\/","url":"https:\/\/www.asepta.com\/es\/donde-encontrar-nuestros-productos\/","name":"\u00bf D\u00d3NDE ENCONTRAR NUESTROS PRODUCTOS ? - Laboratoires ASEPTA Monaco","isPartOf":{"@id":"https:\/\/www.asepta.com\/es\/#website"},"primaryImageOfPage":{"@id":"https:\/\/www.asepta.com\/es\/donde-encontrar-nuestros-productos\/#primaryimage"},"image":{"@id":"https:\/\/www.asepta.com\/es\/donde-encontrar-nuestros-productos\/#primaryimage"},"thumbnailUrl":"https:\/\/www.asepta.com\/wp-content\/uploads\/2019\/05\/localisation.jpg","datePublished":"2014-08-12T07:51:22+00:00","dateModified":"2022-06-03T10:25:51+00:00","breadcrumb":{"@id":"https:\/\/www.asepta.com\/es\/donde-encontrar-nuestros-productos\/#breadcrumb"},"inLanguage":"es","potentialAction":[{"@type":"ReadAction","target":["https:\/\/www.asepta.com\/es\/donde-encontrar-nuestros-productos\/"]}]},{"@type":"ImageObject","inLanguage":"es","@id":"https:\/\/www.asepta.com\/es\/donde-encontrar-nuestros-productos\/#primaryimage","url":"https:\/\/www.asepta.com\/wp-content\/uploads\/2019\/05\/localisation.jpg","contentUrl":"https:\/\/www.asepta.com\/wp-content\/uploads\/2019\/05\/localisation.jpg","width":1920,"height":1003},{"@type":"BreadcrumbList","@id":"https:\/\/www.asepta.com\/es\/donde-encontrar-nuestros-productos\/#breadcrumb","itemListElement":[{"@type":"ListItem","position":1,"name":"Accueil","item":"https:\/\/www.asepta.com\/es\/"},{"@type":"ListItem","position":2,"name":"\u00bf D\u00d3NDE ENCONTRAR NUESTROS PRODUCTOS ?"}]},{"@type":"WebSite","@id":"https:\/\/www.asepta.com\/es\/#website","url":"https:\/\/www.asepta.com\/es\/","name":"Laboratoires ASEPTA Monaco","description":"Sp\u00e9cialistes en Dermo-Cosm\u00e9tiques","potentialAction":[{"@type":"SearchAction","target":{"@type":"EntryPoint","urlTemplate":"https:\/\/www.asepta.com\/es\/?s={search_term_string}"},"query-input":{"@type":"PropertyValueSpecification","valueRequired":true,"valueName":"search_term_string"}}],"inLanguage":"es"}]}},"_links":{"self":[{"href":"https:\/\/www.asepta.com\/es\/wp-json\/wp\/v2\/pages\/10208","targetHints":{"allow":["GET"]}}],"collection":[{"href":"https:\/\/www.asepta.com\/es\/wp-json\/wp\/v2\/pages"}],"about":[{"href":"https:\/\/www.asepta.com\/es\/wp-json\/wp\/v2\/types\/page"}],"author":[{"embeddable":true,"href":"https:\/\/www.asepta.com\/es\/wp-json\/wp\/v2\/users\/1533"}],"replies":[{"embeddable":true,"href":"https:\/\/www.asepta.com\/es\/wp-json\/wp\/v2\/comments?post=10208"}],"version-history":[{"count":4,"href":"https:\/\/www.asepta.com\/es\/wp-json\/wp\/v2\/pages\/10208\/revisions"}],"predecessor-version":[{"id":842326,"href":"https:\/\/www.asepta.com\/es\/wp-json\/wp\/v2\/pages\/10208\/revisions\/842326"}],"wp:featuredmedia":[{"embeddable":true,"href":"https:\/\/www.asepta.com\/es\/wp-json\/wp\/v2\/media\/8482"}],"wp:attachment":[{"href":"https:\/\/www.asepta.com\/es\/wp-json\/wp\/v2\/media?parent=10208"}],"curies":[{"name":"wp","href":"https:\/\/api.w.org\/{rel}","templated":true}]}}