{"id":10233,"date":"2014-08-12T08:50:06","date_gmt":"2014-08-12T07:50:06","guid":{"rendered":"http:\/\/asepta.com\/notre-histoire\/"},"modified":"2019-07-22T10:12:09","modified_gmt":"2019-07-22T09:12:09","slug":"asepta-75-anos-de-historia","status":"publish","type":"page","link":"https:\/\/www.asepta.com\/es\/el-laboratorio\/asepta-75-anos-de-historia\/","title":{"rendered":"ASEPTA: 75 a\u00f1os de historia"},"content":{"rendered":"<p>La historia de los LABORATORIOS ASEPTA est\u00e1 muy relacionada con el Principado de M\u00f3naco y especialmente con su Casino.<\/p>\n<p>A finales de los a\u00f1os 30, los crupieres del Casino de Monte-Carlo hicieron una petici\u00f3n muy original a un farmac\u00e9utico: una crema para los dolores de pies. Los crupieres pasaban horas de pie sobre las moquetas de la sala de juego, por lo que necesitaban un remedio eficaz para aliviarlos.<\/p>\n<p>Henri ADAM que acababa de ceder su Farmacia Inglesa a Charles CAMPORA y Paul LACROIX, desarrollaron una f\u00f3rmula basada en una planta calmante llamada aquilea. En 1947, la marca AKILE\u00cfNE\u00ae se registra y comienza entonces la saga.<\/p>\n<p>Los LABORATORIOS ASEPTA surgen del encuentro entre Henri ADAM y Paul LACROIX, que por vicisitudes de la Segunda Guerra Mundial llegaron a M\u00f3naco en enero de 1942 para trabajar.<\/p>\n<p>En esta \u00e9poca, el equipo fundador cuenta con Henri MAS, amigo de la infancia de Paul LACROIX.<\/p>\n<p>Los inicios de ASEPTA fueron lentos ya que, en este periodo de posguerra, los consumidores estaban interesados en productos de confort. Sin embargo, Paul LACROIX y Henri MAS consiguieron, con \u00e9xito, ir vendiendo poco a poco en farmacias de la Costa Azul, luego en Par\u00eds y en Estrasburgo. Finalmente, consiguen crear una demanda para un producto que no era habitual en un contexto econ\u00f3mico ralentizado.<\/p>\n<p>En 1952, los LABORATORIOS ASEPTA crean VITA CITRAL\u00ae, centrada en el cuidado de las manos. Esta nueva marca diversifica las actividades del Laboratorio, que veinte a\u00f1os despu\u00e9s, lanz\u00f3 una nueva gama para el cuidado de las faneras (cabello, u\u00f1as y pesta\u00f1as): ECRINAL\u00ae. Con la aparici\u00f3n de COUP D\u2019ECLAT\u00ae en 1977, el cuidado del rostro sigue estando presente con la innegable y revolucionaria ampolla lifting.<\/p>\n<p>En 1993, los laboratorios innovaron y lanzaron el primer tratamiento podol\u00f3gico para los diab\u00e9ticos: AKILDIA.<\/p>\n<p>Actualmente, los LABORATORIOS ASEPTA producen m\u00e1s de 6 millones de unidades al a\u00f1o y han sabido imponerse como l\u00edderes en las farmacias francesas para los cuidados podol\u00f3gicos gracias a AKILE\u00cfNE\u00ae, SPORTS AKILE\u00cfNE\u00ae, al igual que los cuidados para u\u00f1as con ECRINAL\u00ae.<\/p>\n<p>M\u00e1s de 75 a\u00f1os despu\u00e9s de su creaci\u00f3n, los LABORATORIOS ASEPTA, independientes y dirigidos por las familias de fundadores, forman un grupo fabricante en el Principado de M\u00f3naco con numerosas gamas dermocosm\u00e9ticas.<\/p>\n<p>\u00abCalidad e innovaci\u00f3n\u00bb siempre han sido las bases del laboratorio que gracias a sus numerosas marcas registradas e innovaciones se ha convertido en uno de los colaboradores din\u00e1micos de la dermofarmacia y la cosm\u00e9tica moderna. Estos han recibido numerosos premios: Prix Norex (1988), Best Brand Award (1989), Riviera Trade Club (1997), Leader d\u2019Exportation (1999), Monaco Business Award (2000), Label Eur\u00eaka (2005), Troph\u00e9e Club Eco de Monaco (2013) y le Troph\u00e9e Femmes de L\u2019Economie (2015).<\/p>\n<p>Emplean m\u00e1s de 200 personas en una estructura moderna regida por las normas internacionales de la cosm\u00e9tica. Su presencia mundial se extienda a m\u00e1s de 60 pa\u00edses en los cinco continentes gracias a una red de distribuidores afianzada por filiales en 5 pa\u00edses: Alemania, B\u00e9lgica, Suiza, T\u00fanez y Canad\u00e1.<\/p>\n","protected":false},"excerpt":{"rendered":"<p>La historia de los LABORATORIOS ASEPTA est\u00e1 muy relacionada con el Principado de M\u00f3naco y especialmente con su Casino. A finales de los a\u00f1os 30, los crupieres del Casino de Monte-Carlo hicieron una petici\u00f3n muy original a un farmac\u00e9utico: una crema para los dolores de pies. Los crupieres pasaban horas de pie sobre las moquetas [&hellip;]<\/p>\n","protected":false},"author":1533,"featured_media":5087,"parent":10243,"menu_order":74,"comment_status":"closed","ping_status":"closed","template":"","meta":{"_acf_changed":false,"footnotes":""},"class_list":["post-10233","page","type-page","status-publish","has-post-thumbnail","hentry"],"acf":[],"yoast_head":"<!-- This site is optimized with the Yoast SEO plugin v27.5 - https:\/\/yoast.com\/product\/yoast-seo-wordpress\/ -->\n<title>ASEPTA: 75 a\u00f1os de historia - Laboratoires ASEPTA Monaco<\/title>\n<meta name=\"robots\" content=\"index, follow, max-snippet:-1, max-image-preview:large, max-video-preview:-1\" \/>\n<link rel=\"canonical\" href=\"https:\/\/www.asepta.com\/es\/el-laboratorio\/asepta-75-anos-de-historia\/\" \/>\n<meta property=\"og:locale\" content=\"es_ES\" \/>\n<meta property=\"og:type\" content=\"article\" \/>\n<meta property=\"og:title\" content=\"ASEPTA: 75 a\u00f1os de historia - Laboratoires ASEPTA Monaco\" \/>\n<meta property=\"og:description\" content=\"La historia de los LABORATORIOS ASEPTA est\u00e1 muy relacionada con el Principado de M\u00f3naco y especialmente con su Casino. A finales de los a\u00f1os 30, los crupieres del Casino de Monte-Carlo hicieron una petici\u00f3n muy original a un farmac\u00e9utico: una crema para los dolores de pies. Los crupieres pasaban horas de pie sobre las moquetas [&hellip;]\" \/>\n<meta property=\"og:url\" content=\"https:\/\/www.asepta.com\/es\/el-laboratorio\/asepta-75-anos-de-historia\/\" \/>\n<meta property=\"og:site_name\" content=\"Laboratoires ASEPTA Monaco\" \/>\n<meta property=\"article:publisher\" content=\"https:\/\/www.facebook.com\/laboasepta\/\" \/>\n<meta property=\"article:modified_time\" content=\"2019-07-22T09:12:09+00:00\" \/>\n<meta property=\"og:image\" content=\"https:\/\/www.asepta.com\/wp-content\/uploads\/2014\/08\/photo-1950.jpg\" \/>\n\t<meta property=\"og:image:width\" content=\"1950\" \/>\n\t<meta property=\"og:image:height\" content=\"1299\" \/>\n\t<meta property=\"og:image:type\" content=\"image\/jpeg\" \/>\n<meta name=\"twitter:card\" content=\"summary_large_image\" \/>\n<meta name=\"twitter:site\" content=\"@laboasepta\" \/>\n<meta name=\"twitter:label1\" content=\"Tiempo de lectura\" \/>\n\t<meta name=\"twitter:data1\" content=\"3 minutos\" \/>\n<script type=\"application\/ld+json\" class=\"yoast-schema-graph\">{\"@context\":\"https:\\\/\\\/schema.org\",\"@graph\":[{\"@type\":\"WebPage\",\"@id\":\"https:\\\/\\\/www.asepta.com\\\/es\\\/el-laboratorio\\\/asepta-75-anos-de-historia\\\/\",\"url\":\"https:\\\/\\\/www.asepta.com\\\/es\\\/el-laboratorio\\\/asepta-75-anos-de-historia\\\/\",\"name\":\"ASEPTA: 75 a\u00f1os de historia - Laboratoires ASEPTA Monaco\",\"isPartOf\":{\"@id\":\"https:\\\/\\\/www.asepta.com\\\/es\\\/#website\"},\"primaryImageOfPage\":{\"@id\":\"https:\\\/\\\/www.asepta.com\\\/es\\\/el-laboratorio\\\/asepta-75-anos-de-historia\\\/#primaryimage\"},\"image\":{\"@id\":\"https:\\\/\\\/www.asepta.com\\\/es\\\/el-laboratorio\\\/asepta-75-anos-de-historia\\\/#primaryimage\"},\"thumbnailUrl\":\"https:\\\/\\\/www.asepta.com\\\/wp-content\\\/uploads\\\/2014\\\/08\\\/photo-1950.jpg\",\"datePublished\":\"2014-08-12T07:50:06+00:00\",\"dateModified\":\"2019-07-22T09:12:09+00:00\",\"breadcrumb\":{\"@id\":\"https:\\\/\\\/www.asepta.com\\\/es\\\/el-laboratorio\\\/asepta-75-anos-de-historia\\\/#breadcrumb\"},\"inLanguage\":\"es\",\"potentialAction\":[{\"@type\":\"ReadAction\",\"target\":[\"https:\\\/\\\/www.asepta.com\\\/es\\\/el-laboratorio\\\/asepta-75-anos-de-historia\\\/\"]}]},{\"@type\":\"ImageObject\",\"inLanguage\":\"es\",\"@id\":\"https:\\\/\\\/www.asepta.com\\\/es\\\/el-laboratorio\\\/asepta-75-anos-de-historia\\\/#primaryimage\",\"url\":\"https:\\\/\\\/www.asepta.com\\\/wp-content\\\/uploads\\\/2014\\\/08\\\/photo-1950.jpg\",\"contentUrl\":\"https:\\\/\\\/www.asepta.com\\\/wp-content\\\/uploads\\\/2014\\\/08\\\/photo-1950.jpg\",\"width\":1950,\"height\":1299},{\"@type\":\"BreadcrumbList\",\"@id\":\"https:\\\/\\\/www.asepta.com\\\/es\\\/el-laboratorio\\\/asepta-75-anos-de-historia\\\/#breadcrumb\",\"itemListElement\":[{\"@type\":\"ListItem\",\"position\":1,\"name\":\"Accueil\",\"item\":\"https:\\\/\\\/www.asepta.com\\\/es\\\/\"},{\"@type\":\"ListItem\",\"position\":2,\"name\":\"El Laboratorio\",\"item\":\"https:\\\/\\\/www.asepta.com\\\/es\\\/el-laboratorio\\\/\"},{\"@type\":\"ListItem\",\"position\":3,\"name\":\"ASEPTA: 75 a\u00f1os de historia\"}]},{\"@type\":\"WebSite\",\"@id\":\"https:\\\/\\\/www.asepta.com\\\/es\\\/#website\",\"url\":\"https:\\\/\\\/www.asepta.com\\\/es\\\/\",\"name\":\"Laboratoires ASEPTA Monaco\",\"description\":\"Sp\u00e9cialistes en Dermo-Cosm\u00e9tiques\",\"potentialAction\":[{\"@type\":\"SearchAction\",\"target\":{\"@type\":\"EntryPoint\",\"urlTemplate\":\"https:\\\/\\\/www.asepta.com\\\/es\\\/?s={search_term_string}\"},\"query-input\":{\"@type\":\"PropertyValueSpecification\",\"valueRequired\":true,\"valueName\":\"search_term_string\"}}],\"inLanguage\":\"es\"}]}<\/script>\n<!-- \/ Yoast SEO plugin. -->","yoast_head_json":{"title":"ASEPTA: 75 a\u00f1os de historia - Laboratoires ASEPTA Monaco","robots":{"index":"index","follow":"follow","max-snippet":"max-snippet:-1","max-image-preview":"max-image-preview:large","max-video-preview":"max-video-preview:-1"},"canonical":"https:\/\/www.asepta.com\/es\/el-laboratorio\/asepta-75-anos-de-historia\/","og_locale":"es_ES","og_type":"article","og_title":"ASEPTA: 75 a\u00f1os de historia - Laboratoires ASEPTA Monaco","og_description":"La historia de los LABORATORIOS ASEPTA est\u00e1 muy relacionada con el Principado de M\u00f3naco y especialmente con su Casino. A finales de los a\u00f1os 30, los crupieres del Casino de Monte-Carlo hicieron una petici\u00f3n muy original a un farmac\u00e9utico: una crema para los dolores de pies. Los crupieres pasaban horas de pie sobre las moquetas [&hellip;]","og_url":"https:\/\/www.asepta.com\/es\/el-laboratorio\/asepta-75-anos-de-historia\/","og_site_name":"Laboratoires ASEPTA Monaco","article_publisher":"https:\/\/www.facebook.com\/laboasepta\/","article_modified_time":"2019-07-22T09:12:09+00:00","og_image":[{"width":1950,"height":1299,"url":"https:\/\/www.asepta.com\/wp-content\/uploads\/2014\/08\/photo-1950.jpg","type":"image\/jpeg"}],"twitter_card":"summary_large_image","twitter_site":"@laboasepta","twitter_misc":{"Tiempo de lectura":"3 minutos"},"schema":{"@context":"https:\/\/schema.org","@graph":[{"@type":"WebPage","@id":"https:\/\/www.asepta.com\/es\/el-laboratorio\/asepta-75-anos-de-historia\/","url":"https:\/\/www.asepta.com\/es\/el-laboratorio\/asepta-75-anos-de-historia\/","name":"ASEPTA: 75 a\u00f1os de historia - Laboratoires ASEPTA Monaco","isPartOf":{"@id":"https:\/\/www.asepta.com\/es\/#website"},"primaryImageOfPage":{"@id":"https:\/\/www.asepta.com\/es\/el-laboratorio\/asepta-75-anos-de-historia\/#primaryimage"},"image":{"@id":"https:\/\/www.asepta.com\/es\/el-laboratorio\/asepta-75-anos-de-historia\/#primaryimage"},"thumbnailUrl":"https:\/\/www.asepta.com\/wp-content\/uploads\/2014\/08\/photo-1950.jpg","datePublished":"2014-08-12T07:50:06+00:00","dateModified":"2019-07-22T09:12:09+00:00","breadcrumb":{"@id":"https:\/\/www.asepta.com\/es\/el-laboratorio\/asepta-75-anos-de-historia\/#breadcrumb"},"inLanguage":"es","potentialAction":[{"@type":"ReadAction","target":["https:\/\/www.asepta.com\/es\/el-laboratorio\/asepta-75-anos-de-historia\/"]}]},{"@type":"ImageObject","inLanguage":"es","@id":"https:\/\/www.asepta.com\/es\/el-laboratorio\/asepta-75-anos-de-historia\/#primaryimage","url":"https:\/\/www.asepta.com\/wp-content\/uploads\/2014\/08\/photo-1950.jpg","contentUrl":"https:\/\/www.asepta.com\/wp-content\/uploads\/2014\/08\/photo-1950.jpg","width":1950,"height":1299},{"@type":"BreadcrumbList","@id":"https:\/\/www.asepta.com\/es\/el-laboratorio\/asepta-75-anos-de-historia\/#breadcrumb","itemListElement":[{"@type":"ListItem","position":1,"name":"Accueil","item":"https:\/\/www.asepta.com\/es\/"},{"@type":"ListItem","position":2,"name":"El Laboratorio","item":"https:\/\/www.asepta.com\/es\/el-laboratorio\/"},{"@type":"ListItem","position":3,"name":"ASEPTA: 75 a\u00f1os de historia"}]},{"@type":"WebSite","@id":"https:\/\/www.asepta.com\/es\/#website","url":"https:\/\/www.asepta.com\/es\/","name":"Laboratoires ASEPTA Monaco","description":"Sp\u00e9cialistes en Dermo-Cosm\u00e9tiques","potentialAction":[{"@type":"SearchAction","target":{"@type":"EntryPoint","urlTemplate":"https:\/\/www.asepta.com\/es\/?s={search_term_string}"},"query-input":{"@type":"PropertyValueSpecification","valueRequired":true,"valueName":"search_term_string"}}],"inLanguage":"es"}]}},"_links":{"self":[{"href":"https:\/\/www.asepta.com\/es\/wp-json\/wp\/v2\/pages\/10233","targetHints":{"allow":["GET"]}}],"collection":[{"href":"https:\/\/www.asepta.com\/es\/wp-json\/wp\/v2\/pages"}],"about":[{"href":"https:\/\/www.asepta.com\/es\/wp-json\/wp\/v2\/types\/page"}],"author":[{"embeddable":true,"href":"https:\/\/www.asepta.com\/es\/wp-json\/wp\/v2\/users\/1533"}],"replies":[{"embeddable":true,"href":"https:\/\/www.asepta.com\/es\/wp-json\/wp\/v2\/comments?post=10233"}],"version-history":[{"count":5,"href":"https:\/\/www.asepta.com\/es\/wp-json\/wp\/v2\/pages\/10233\/revisions"}],"predecessor-version":[{"id":11409,"href":"https:\/\/www.asepta.com\/es\/wp-json\/wp\/v2\/pages\/10233\/revisions\/11409"}],"up":[{"embeddable":true,"href":"https:\/\/www.asepta.com\/es\/wp-json\/wp\/v2\/pages\/10243"}],"wp:featuredmedia":[{"embeddable":true,"href":"https:\/\/www.asepta.com\/es\/wp-json\/wp\/v2\/media\/5087"}],"wp:attachment":[{"href":"https:\/\/www.asepta.com\/es\/wp-json\/wp\/v2\/media?parent=10233"}],"curies":[{"name":"wp","href":"https:\/\/api.w.org\/{rel}","templated":true}]}}