{"id":10238,"date":"2014-08-12T08:49:56","date_gmt":"2014-08-12T07:49:56","guid":{"rendered":"http:\/\/asepta.com\/notre-engagement\/"},"modified":"2019-07-17T07:42:57","modified_gmt":"2019-07-17T06:42:57","slug":"nuestros-compromisos","status":"publish","type":"page","link":"https:\/\/www.asepta.com\/es\/el-laboratorio\/nuestros-compromisos\/","title":{"rendered":"Nuestros Compromisos"},"content":{"rendered":"<p><strong>1. La Seguridad Dermatol\u00f3gica<\/strong><br \/>\nLos LABORATORIOS ASEPTA se comprometen a utilizar solo los ingredientes necesarios, para lograr una tolerancia \u00f3ptima y buenos resultados. Seleccionamos los activos m\u00e1s competentes en las dosis adaptadas.<\/p>\n<p><strong>2. Las Normas<br \/>\n<\/strong>Los LABORATORIOS ASEPTA cumplen las reglas y normas internacionales que est\u00e1n actualmente en vigor en la industria cosm\u00e9tica.<\/p>\n<p><strong>3. Las Patentes<\/strong><br \/>\nTodos los productos de las gamas AKILE\u00cfNE\u00ae, COUP D\u2019ECLAT\u00ae, ECRINAL\u00ae y VITA CITRAL\u00ae los formulan equipos de qu\u00edmicos y farmac\u00e9uticos. Nuestras patentes son exclusivas, \u00fanicas y no las pueden comercializar laboratorios exteriores.<\/p>\n<p><strong>4. Los Activos y Materias Primas<\/strong><br \/>\nTodos los ingredientes y diferentes componentes los seleccionan LABORATORIOS ASEPTA respetando la seguridad dermatol\u00f3gica y la eficacia biol\u00f3gica. Las materias primas de nuestros productos se seleccionan de manera rigurosa, y son conocidas por su eficacia y su inocuidad.<\/p>\n<p><strong>5. La Trazabilidad<\/strong><br \/>\nLos LABORATORIOS ASEPTA hacen un control estricto del origen y la calidad de sus materias primas. La trazabilidad de todos sus componentes y de los productos acabados se lleva a cabo con plena conformidad.<\/p>\n<p><strong>6. Las Pruebas<\/strong><br \/>\nTodos los productos de LABORATORIOS ASEPTA se someten a varias pruebas de inocuidad y de eficacia para cumplir con la legislaci\u00f3n de cosm\u00e9ticos y ofrecer un buen servicio a los usuarios. Los estudios cl\u00ednicos o dermatol\u00f3gicos los realizan y controlan expertos competentes. Cada producto se prueba en las condiciones reales de uso.<\/p>\n","protected":false},"excerpt":{"rendered":"<p>1. La Seguridad Dermatol\u00f3gica Los LABORATORIOS ASEPTA se comprometen a utilizar solo los ingredientes necesarios, para lograr una tolerancia \u00f3ptima y buenos resultados. Seleccionamos los activos m\u00e1s competentes en las dosis adaptadas. 2. Las Normas Los LABORATORIOS ASEPTA cumplen las reglas y normas internacionales que est\u00e1n actualmente en vigor en la industria cosm\u00e9tica. 3. Las [&hellip;]<\/p>\n","protected":false},"author":1533,"featured_media":8427,"parent":10243,"menu_order":68,"comment_status":"closed","ping_status":"closed","template":"","meta":{"_acf_changed":false,"footnotes":""},"class_list":["post-10238","page","type-page","status-publish","has-post-thumbnail","hentry"],"acf":[],"yoast_head":"<!-- This site is optimized with the Yoast SEO plugin v27.3 - https:\/\/yoast.com\/product\/yoast-seo-wordpress\/ -->\n<title>Nuestros Compromisos - Laboratoires ASEPTA Monaco<\/title>\n<meta name=\"robots\" content=\"index, follow, max-snippet:-1, max-image-preview:large, max-video-preview:-1\" \/>\n<link rel=\"canonical\" href=\"https:\/\/www.asepta.com\/es\/el-laboratorio\/nuestros-compromisos\/\" \/>\n<meta property=\"og:locale\" content=\"es_ES\" \/>\n<meta property=\"og:type\" content=\"article\" \/>\n<meta property=\"og:title\" content=\"Nuestros Compromisos - Laboratoires ASEPTA Monaco\" \/>\n<meta property=\"og:description\" content=\"1. La Seguridad Dermatol\u00f3gica Los LABORATORIOS ASEPTA se comprometen a utilizar solo los ingredientes necesarios, para lograr una tolerancia \u00f3ptima y buenos resultados. Seleccionamos los activos m\u00e1s competentes en las dosis adaptadas. 2. Las Normas Los LABORATORIOS ASEPTA cumplen las reglas y normas internacionales que est\u00e1n actualmente en vigor en la industria cosm\u00e9tica. 3. Las [&hellip;]\" \/>\n<meta property=\"og:url\" content=\"https:\/\/www.asepta.com\/es\/el-laboratorio\/nuestros-compromisos\/\" \/>\n<meta property=\"og:site_name\" content=\"Laboratoires ASEPTA Monaco\" \/>\n<meta property=\"article:publisher\" content=\"https:\/\/www.facebook.com\/laboasepta\/\" \/>\n<meta property=\"article:modified_time\" content=\"2019-07-17T06:42:57+00:00\" \/>\n<meta property=\"og:image\" content=\"https:\/\/www.asepta.com\/wp-content\/uploads\/2019\/05\/Asepta-228.jpg\" \/>\n\t<meta property=\"og:image:width\" content=\"1920\" \/>\n\t<meta property=\"og:image:height\" content=\"1146\" \/>\n\t<meta property=\"og:image:type\" content=\"image\/jpeg\" \/>\n<meta name=\"twitter:card\" content=\"summary_large_image\" \/>\n<meta name=\"twitter:site\" content=\"@laboasepta\" \/>\n<meta name=\"twitter:label1\" content=\"Tiempo de lectura\" \/>\n\t<meta name=\"twitter:data1\" content=\"1 minuto\" \/>\n<script type=\"application\/ld+json\" class=\"yoast-schema-graph\">{\"@context\":\"https:\\\/\\\/schema.org\",\"@graph\":[{\"@type\":\"WebPage\",\"@id\":\"https:\\\/\\\/www.asepta.com\\\/es\\\/el-laboratorio\\\/nuestros-compromisos\\\/\",\"url\":\"https:\\\/\\\/www.asepta.com\\\/es\\\/el-laboratorio\\\/nuestros-compromisos\\\/\",\"name\":\"Nuestros Compromisos - Laboratoires ASEPTA Monaco\",\"isPartOf\":{\"@id\":\"https:\\\/\\\/www.asepta.com\\\/es\\\/#website\"},\"primaryImageOfPage\":{\"@id\":\"https:\\\/\\\/www.asepta.com\\\/es\\\/el-laboratorio\\\/nuestros-compromisos\\\/#primaryimage\"},\"image\":{\"@id\":\"https:\\\/\\\/www.asepta.com\\\/es\\\/el-laboratorio\\\/nuestros-compromisos\\\/#primaryimage\"},\"thumbnailUrl\":\"https:\\\/\\\/www.asepta.com\\\/wp-content\\\/uploads\\\/2019\\\/05\\\/Asepta-228.jpg\",\"datePublished\":\"2014-08-12T07:49:56+00:00\",\"dateModified\":\"2019-07-17T06:42:57+00:00\",\"breadcrumb\":{\"@id\":\"https:\\\/\\\/www.asepta.com\\\/es\\\/el-laboratorio\\\/nuestros-compromisos\\\/#breadcrumb\"},\"inLanguage\":\"es\",\"potentialAction\":[{\"@type\":\"ReadAction\",\"target\":[\"https:\\\/\\\/www.asepta.com\\\/es\\\/el-laboratorio\\\/nuestros-compromisos\\\/\"]}]},{\"@type\":\"ImageObject\",\"inLanguage\":\"es\",\"@id\":\"https:\\\/\\\/www.asepta.com\\\/es\\\/el-laboratorio\\\/nuestros-compromisos\\\/#primaryimage\",\"url\":\"https:\\\/\\\/www.asepta.com\\\/wp-content\\\/uploads\\\/2019\\\/05\\\/Asepta-228.jpg\",\"contentUrl\":\"https:\\\/\\\/www.asepta.com\\\/wp-content\\\/uploads\\\/2019\\\/05\\\/Asepta-228.jpg\",\"width\":1920,\"height\":1146},{\"@type\":\"BreadcrumbList\",\"@id\":\"https:\\\/\\\/www.asepta.com\\\/es\\\/el-laboratorio\\\/nuestros-compromisos\\\/#breadcrumb\",\"itemListElement\":[{\"@type\":\"ListItem\",\"position\":1,\"name\":\"Accueil\",\"item\":\"https:\\\/\\\/www.asepta.com\\\/es\\\/\"},{\"@type\":\"ListItem\",\"position\":2,\"name\":\"El Laboratorio\",\"item\":\"https:\\\/\\\/www.asepta.com\\\/es\\\/el-laboratorio\\\/\"},{\"@type\":\"ListItem\",\"position\":3,\"name\":\"Nuestros Compromisos\"}]},{\"@type\":\"WebSite\",\"@id\":\"https:\\\/\\\/www.asepta.com\\\/es\\\/#website\",\"url\":\"https:\\\/\\\/www.asepta.com\\\/es\\\/\",\"name\":\"Laboratoires ASEPTA Monaco\",\"description\":\"Sp\u00e9cialistes en Dermo-Cosm\u00e9tiques\",\"potentialAction\":[{\"@type\":\"SearchAction\",\"target\":{\"@type\":\"EntryPoint\",\"urlTemplate\":\"https:\\\/\\\/www.asepta.com\\\/es\\\/?s={search_term_string}\"},\"query-input\":{\"@type\":\"PropertyValueSpecification\",\"valueRequired\":true,\"valueName\":\"search_term_string\"}}],\"inLanguage\":\"es\"}]}<\/script>\n<!-- \/ Yoast SEO plugin. -->","yoast_head_json":{"title":"Nuestros Compromisos - Laboratoires ASEPTA Monaco","robots":{"index":"index","follow":"follow","max-snippet":"max-snippet:-1","max-image-preview":"max-image-preview:large","max-video-preview":"max-video-preview:-1"},"canonical":"https:\/\/www.asepta.com\/es\/el-laboratorio\/nuestros-compromisos\/","og_locale":"es_ES","og_type":"article","og_title":"Nuestros Compromisos - Laboratoires ASEPTA Monaco","og_description":"1. La Seguridad Dermatol\u00f3gica Los LABORATORIOS ASEPTA se comprometen a utilizar solo los ingredientes necesarios, para lograr una tolerancia \u00f3ptima y buenos resultados. Seleccionamos los activos m\u00e1s competentes en las dosis adaptadas. 2. Las Normas Los LABORATORIOS ASEPTA cumplen las reglas y normas internacionales que est\u00e1n actualmente en vigor en la industria cosm\u00e9tica. 3. Las [&hellip;]","og_url":"https:\/\/www.asepta.com\/es\/el-laboratorio\/nuestros-compromisos\/","og_site_name":"Laboratoires ASEPTA Monaco","article_publisher":"https:\/\/www.facebook.com\/laboasepta\/","article_modified_time":"2019-07-17T06:42:57+00:00","og_image":[{"width":1920,"height":1146,"url":"https:\/\/www.asepta.com\/wp-content\/uploads\/2019\/05\/Asepta-228.jpg","type":"image\/jpeg"}],"twitter_card":"summary_large_image","twitter_site":"@laboasepta","twitter_misc":{"Tiempo de lectura":"1 minuto"},"schema":{"@context":"https:\/\/schema.org","@graph":[{"@type":"WebPage","@id":"https:\/\/www.asepta.com\/es\/el-laboratorio\/nuestros-compromisos\/","url":"https:\/\/www.asepta.com\/es\/el-laboratorio\/nuestros-compromisos\/","name":"Nuestros Compromisos - Laboratoires ASEPTA Monaco","isPartOf":{"@id":"https:\/\/www.asepta.com\/es\/#website"},"primaryImageOfPage":{"@id":"https:\/\/www.asepta.com\/es\/el-laboratorio\/nuestros-compromisos\/#primaryimage"},"image":{"@id":"https:\/\/www.asepta.com\/es\/el-laboratorio\/nuestros-compromisos\/#primaryimage"},"thumbnailUrl":"https:\/\/www.asepta.com\/wp-content\/uploads\/2019\/05\/Asepta-228.jpg","datePublished":"2014-08-12T07:49:56+00:00","dateModified":"2019-07-17T06:42:57+00:00","breadcrumb":{"@id":"https:\/\/www.asepta.com\/es\/el-laboratorio\/nuestros-compromisos\/#breadcrumb"},"inLanguage":"es","potentialAction":[{"@type":"ReadAction","target":["https:\/\/www.asepta.com\/es\/el-laboratorio\/nuestros-compromisos\/"]}]},{"@type":"ImageObject","inLanguage":"es","@id":"https:\/\/www.asepta.com\/es\/el-laboratorio\/nuestros-compromisos\/#primaryimage","url":"https:\/\/www.asepta.com\/wp-content\/uploads\/2019\/05\/Asepta-228.jpg","contentUrl":"https:\/\/www.asepta.com\/wp-content\/uploads\/2019\/05\/Asepta-228.jpg","width":1920,"height":1146},{"@type":"BreadcrumbList","@id":"https:\/\/www.asepta.com\/es\/el-laboratorio\/nuestros-compromisos\/#breadcrumb","itemListElement":[{"@type":"ListItem","position":1,"name":"Accueil","item":"https:\/\/www.asepta.com\/es\/"},{"@type":"ListItem","position":2,"name":"El Laboratorio","item":"https:\/\/www.asepta.com\/es\/el-laboratorio\/"},{"@type":"ListItem","position":3,"name":"Nuestros Compromisos"}]},{"@type":"WebSite","@id":"https:\/\/www.asepta.com\/es\/#website","url":"https:\/\/www.asepta.com\/es\/","name":"Laboratoires ASEPTA Monaco","description":"Sp\u00e9cialistes en Dermo-Cosm\u00e9tiques","potentialAction":[{"@type":"SearchAction","target":{"@type":"EntryPoint","urlTemplate":"https:\/\/www.asepta.com\/es\/?s={search_term_string}"},"query-input":{"@type":"PropertyValueSpecification","valueRequired":true,"valueName":"search_term_string"}}],"inLanguage":"es"}]}},"_links":{"self":[{"href":"https:\/\/www.asepta.com\/es\/wp-json\/wp\/v2\/pages\/10238","targetHints":{"allow":["GET"]}}],"collection":[{"href":"https:\/\/www.asepta.com\/es\/wp-json\/wp\/v2\/pages"}],"about":[{"href":"https:\/\/www.asepta.com\/es\/wp-json\/wp\/v2\/types\/page"}],"author":[{"embeddable":true,"href":"https:\/\/www.asepta.com\/es\/wp-json\/wp\/v2\/users\/1533"}],"replies":[{"embeddable":true,"href":"https:\/\/www.asepta.com\/es\/wp-json\/wp\/v2\/comments?post=10238"}],"version-history":[{"count":2,"href":"https:\/\/www.asepta.com\/es\/wp-json\/wp\/v2\/pages\/10238\/revisions"}],"predecessor-version":[{"id":11158,"href":"https:\/\/www.asepta.com\/es\/wp-json\/wp\/v2\/pages\/10238\/revisions\/11158"}],"up":[{"embeddable":true,"href":"https:\/\/www.asepta.com\/es\/wp-json\/wp\/v2\/pages\/10243"}],"wp:featuredmedia":[{"embeddable":true,"href":"https:\/\/www.asepta.com\/es\/wp-json\/wp\/v2\/media\/8427"}],"wp:attachment":[{"href":"https:\/\/www.asepta.com\/es\/wp-json\/wp\/v2\/media?parent=10238"}],"curies":[{"name":"wp","href":"https:\/\/api.w.org\/{rel}","templated":true}]}}