{"id":4408,"date":"2014-06-02T17:15:23","date_gmt":"2014-06-02T16:15:23","guid":{"rendered":"http:\/\/asepta.com\/mi-cuenta\/"},"modified":"2021-02-24T14:19:11","modified_gmt":"2021-02-24T13:19:11","slug":"mon-compte","status":"publish","type":"page","link":"https:\/\/www.asepta.com\/es\/mon-compte\/","title":{"rendered":"Mon Compte"},"content":{"rendered":"<p>[visitor]<\/p>\n<p>Si vous \u00eates podologue et client de nos laboratoires, vous pouvez commander sur notre site web.<\/p>\n<p>Lors de votre premi\u00e8re connexion, il vous est demand\u00e9 de remplir le formulaire. Apr\u00e8s validation de vos informations par notre Service Commercial, vous recevrez vos identifiants. Ces identifiants vous seront demand\u00e9s \u00e0 chaque connexion.<\/p>\n<p>Si vous n&#8217;\u00eates pas encore client ou pour tout besoin de renseignements vous pouvez nous contacter au 00 377 92 05 75 51 ou par mail \u00e0\u00a0<a href=\"mailto:mziegler@asepta.mc\">notre Service Commercial<\/a><\/p>\n<p>[\/visitor]<\/p>\n<div class=\"woocommerce\"><\/div>\n","protected":false},"excerpt":{"rendered":"<p>[visitor] Si vous \u00eates podologue et client de nos laboratoires, vous pouvez commander sur notre site web. Lors de votre premi\u00e8re connexion, il vous est demand\u00e9 de remplir le formulaire. Apr\u00e8s validation de vos informations par notre Service Commercial, vous recevrez vos identifiants. Ces identifiants vous seront demand\u00e9s \u00e0 chaque connexion. Si vous n&#8217;\u00eates pas [&hellip;]<\/p>\n","protected":false},"author":1533,"featured_media":837649,"parent":0,"menu_order":157,"comment_status":"closed","ping_status":"closed","template":"","meta":{"_acf_changed":false,"footnotes":""},"class_list":["post-4408","page","type-page","status-publish","has-post-thumbnail","hentry"],"acf":[],"yoast_head":"<!-- This site is optimized with the Yoast SEO plugin v27.5 - https:\/\/yoast.com\/product\/yoast-seo-wordpress\/ -->\n<title>Mon Compte - Laboratoires ASEPTA Monaco<\/title>\n<meta name=\"robots\" content=\"noindex, nofollow\" \/>\n<meta property=\"og:locale\" content=\"es_ES\" \/>\n<meta property=\"og:type\" content=\"article\" \/>\n<meta property=\"og:title\" content=\"Mon Compte - Laboratoires ASEPTA Monaco\" \/>\n<meta property=\"og:description\" content=\"[visitor] Si vous \u00eates podologue et client de nos laboratoires, vous pouvez commander sur notre site web. Lors de votre premi\u00e8re connexion, il vous est demand\u00e9 de remplir le formulaire. Apr\u00e8s validation de vos informations par notre Service Commercial, vous recevrez vos identifiants. Ces identifiants vous seront demand\u00e9s \u00e0 chaque connexion. Si vous n&#8217;\u00eates pas [&hellip;]\" \/>\n<meta property=\"og:url\" content=\"https:\/\/www.asepta.com\/es\/mon-compte\/\" \/>\n<meta property=\"og:site_name\" content=\"Laboratoires ASEPTA Monaco\" \/>\n<meta property=\"article:publisher\" content=\"https:\/\/www.facebook.com\/laboasepta\/\" \/>\n<meta property=\"article:modified_time\" content=\"2021-02-24T13:19:11+00:00\" \/>\n<meta property=\"og:image\" content=\"https:\/\/www.asepta.com\/wp-content\/uploads\/2020\/12\/banniere-commerciale-hiver-2021.png\" \/>\n\t<meta property=\"og:image:width\" content=\"1000\" \/>\n\t<meta property=\"og:image:height\" content=\"434\" \/>\n\t<meta property=\"og:image:type\" content=\"image\/png\" \/>\n<meta name=\"twitter:card\" content=\"summary_large_image\" \/>\n<meta name=\"twitter:site\" content=\"@laboasepta\" \/>\n<script type=\"application\/ld+json\" class=\"yoast-schema-graph\">{\"@context\":\"https:\\\/\\\/schema.org\",\"@graph\":[{\"@type\":\"WebPage\",\"@id\":\"https:\\\/\\\/www.asepta.com\\\/es\\\/mon-compte\\\/\",\"url\":\"https:\\\/\\\/www.asepta.com\\\/es\\\/mon-compte\\\/\",\"name\":\"Mon Compte - Laboratoires ASEPTA Monaco\",\"isPartOf\":{\"@id\":\"https:\\\/\\\/www.asepta.com\\\/es\\\/#website\"},\"primaryImageOfPage\":{\"@id\":\"https:\\\/\\\/www.asepta.com\\\/es\\\/mon-compte\\\/#primaryimage\"},\"image\":{\"@id\":\"https:\\\/\\\/www.asepta.com\\\/es\\\/mon-compte\\\/#primaryimage\"},\"thumbnailUrl\":\"https:\\\/\\\/www.asepta.com\\\/wp-content\\\/uploads\\\/2020\\\/12\\\/banniere-commerciale-hiver-2021.png\",\"datePublished\":\"2014-06-02T16:15:23+00:00\",\"dateModified\":\"2021-02-24T13:19:11+00:00\",\"breadcrumb\":{\"@id\":\"https:\\\/\\\/www.asepta.com\\\/es\\\/mon-compte\\\/#breadcrumb\"},\"inLanguage\":\"es\",\"potentialAction\":[{\"@type\":\"ReadAction\",\"target\":[\"https:\\\/\\\/www.asepta.com\\\/es\\\/mon-compte\\\/\"]}]},{\"@type\":\"ImageObject\",\"inLanguage\":\"es\",\"@id\":\"https:\\\/\\\/www.asepta.com\\\/es\\\/mon-compte\\\/#primaryimage\",\"url\":\"https:\\\/\\\/www.asepta.com\\\/wp-content\\\/uploads\\\/2020\\\/12\\\/banniere-commerciale-hiver-2021.png\",\"contentUrl\":\"https:\\\/\\\/www.asepta.com\\\/wp-content\\\/uploads\\\/2020\\\/12\\\/banniere-commerciale-hiver-2021.png\",\"width\":1000,\"height\":434},{\"@type\":\"BreadcrumbList\",\"@id\":\"https:\\\/\\\/www.asepta.com\\\/es\\\/mon-compte\\\/#breadcrumb\",\"itemListElement\":[{\"@type\":\"ListItem\",\"position\":1,\"name\":\"Accueil\",\"item\":\"https:\\\/\\\/www.asepta.com\\\/es\\\/\"},{\"@type\":\"ListItem\",\"position\":2,\"name\":\"Mon Compte\"}]},{\"@type\":\"WebSite\",\"@id\":\"https:\\\/\\\/www.asepta.com\\\/es\\\/#website\",\"url\":\"https:\\\/\\\/www.asepta.com\\\/es\\\/\",\"name\":\"Laboratoires ASEPTA Monaco\",\"description\":\"Sp\u00e9cialistes en Dermo-Cosm\u00e9tiques\",\"potentialAction\":[{\"@type\":\"SearchAction\",\"target\":{\"@type\":\"EntryPoint\",\"urlTemplate\":\"https:\\\/\\\/www.asepta.com\\\/es\\\/?s={search_term_string}\"},\"query-input\":{\"@type\":\"PropertyValueSpecification\",\"valueRequired\":true,\"valueName\":\"search_term_string\"}}],\"inLanguage\":\"es\"}]}<\/script>\n<!-- \/ Yoast SEO plugin. -->","yoast_head_json":{"title":"Mon Compte - Laboratoires ASEPTA Monaco","robots":{"index":"noindex","follow":"nofollow"},"og_locale":"es_ES","og_type":"article","og_title":"Mon Compte - Laboratoires ASEPTA Monaco","og_description":"[visitor] Si vous \u00eates podologue et client de nos laboratoires, vous pouvez commander sur notre site web. Lors de votre premi\u00e8re connexion, il vous est demand\u00e9 de remplir le formulaire. Apr\u00e8s validation de vos informations par notre Service Commercial, vous recevrez vos identifiants. Ces identifiants vous seront demand\u00e9s \u00e0 chaque connexion. Si vous n&#8217;\u00eates pas [&hellip;]","og_url":"https:\/\/www.asepta.com\/es\/mon-compte\/","og_site_name":"Laboratoires ASEPTA Monaco","article_publisher":"https:\/\/www.facebook.com\/laboasepta\/","article_modified_time":"2021-02-24T13:19:11+00:00","og_image":[{"width":1000,"height":434,"url":"https:\/\/www.asepta.com\/wp-content\/uploads\/2020\/12\/banniere-commerciale-hiver-2021.png","type":"image\/png"}],"twitter_card":"summary_large_image","twitter_site":"@laboasepta","schema":{"@context":"https:\/\/schema.org","@graph":[{"@type":"WebPage","@id":"https:\/\/www.asepta.com\/es\/mon-compte\/","url":"https:\/\/www.asepta.com\/es\/mon-compte\/","name":"Mon Compte - Laboratoires ASEPTA Monaco","isPartOf":{"@id":"https:\/\/www.asepta.com\/es\/#website"},"primaryImageOfPage":{"@id":"https:\/\/www.asepta.com\/es\/mon-compte\/#primaryimage"},"image":{"@id":"https:\/\/www.asepta.com\/es\/mon-compte\/#primaryimage"},"thumbnailUrl":"https:\/\/www.asepta.com\/wp-content\/uploads\/2020\/12\/banniere-commerciale-hiver-2021.png","datePublished":"2014-06-02T16:15:23+00:00","dateModified":"2021-02-24T13:19:11+00:00","breadcrumb":{"@id":"https:\/\/www.asepta.com\/es\/mon-compte\/#breadcrumb"},"inLanguage":"es","potentialAction":[{"@type":"ReadAction","target":["https:\/\/www.asepta.com\/es\/mon-compte\/"]}]},{"@type":"ImageObject","inLanguage":"es","@id":"https:\/\/www.asepta.com\/es\/mon-compte\/#primaryimage","url":"https:\/\/www.asepta.com\/wp-content\/uploads\/2020\/12\/banniere-commerciale-hiver-2021.png","contentUrl":"https:\/\/www.asepta.com\/wp-content\/uploads\/2020\/12\/banniere-commerciale-hiver-2021.png","width":1000,"height":434},{"@type":"BreadcrumbList","@id":"https:\/\/www.asepta.com\/es\/mon-compte\/#breadcrumb","itemListElement":[{"@type":"ListItem","position":1,"name":"Accueil","item":"https:\/\/www.asepta.com\/es\/"},{"@type":"ListItem","position":2,"name":"Mon Compte"}]},{"@type":"WebSite","@id":"https:\/\/www.asepta.com\/es\/#website","url":"https:\/\/www.asepta.com\/es\/","name":"Laboratoires ASEPTA Monaco","description":"Sp\u00e9cialistes en Dermo-Cosm\u00e9tiques","potentialAction":[{"@type":"SearchAction","target":{"@type":"EntryPoint","urlTemplate":"https:\/\/www.asepta.com\/es\/?s={search_term_string}"},"query-input":{"@type":"PropertyValueSpecification","valueRequired":true,"valueName":"search_term_string"}}],"inLanguage":"es"}]}},"_links":{"self":[{"href":"https:\/\/www.asepta.com\/es\/wp-json\/wp\/v2\/pages\/4408","targetHints":{"allow":["GET"]}}],"collection":[{"href":"https:\/\/www.asepta.com\/es\/wp-json\/wp\/v2\/pages"}],"about":[{"href":"https:\/\/www.asepta.com\/es\/wp-json\/wp\/v2\/types\/page"}],"author":[{"embeddable":true,"href":"https:\/\/www.asepta.com\/es\/wp-json\/wp\/v2\/users\/1533"}],"replies":[{"embeddable":true,"href":"https:\/\/www.asepta.com\/es\/wp-json\/wp\/v2\/comments?post=4408"}],"version-history":[{"count":5,"href":"https:\/\/www.asepta.com\/es\/wp-json\/wp\/v2\/pages\/4408\/revisions"}],"predecessor-version":[{"id":837014,"href":"https:\/\/www.asepta.com\/es\/wp-json\/wp\/v2\/pages\/4408\/revisions\/837014"}],"wp:featuredmedia":[{"embeddable":true,"href":"https:\/\/www.asepta.com\/es\/wp-json\/wp\/v2\/media\/837649"}],"wp:attachment":[{"href":"https:\/\/www.asepta.com\/es\/wp-json\/wp\/v2\/media?parent=4408"}],"curies":[{"name":"wp","href":"https:\/\/api.w.org\/{rel}","templated":true}]}}