{"id":10201,"date":"2014-12-22T17:13:17","date_gmt":"2014-12-22T16:13:17","guid":{"rendered":"http:\/\/asepta.com\/mentions-legales\/"},"modified":"2019-10-15T08:28:38","modified_gmt":"2019-10-15T07:28:38","slug":"avvertenze-legali","status":"publish","type":"page","link":"https:\/\/www.asepta.com\/it\/avvertenze-legali\/","title":{"rendered":"Avvertenze legali"},"content":{"rendered":"<p>I LABORATOIRES ASEPTA<\/p>\n<p>Soci\u00e9t\u00e9 Anonyme Mon\u00e9gasque avente capitale di 1.520.000 \u20ac<\/p>\n<p>con sede legale situata in 1-3 avenue Albert II \u2013 Fontvieille \u2013 98000 PRINCIPAUTE DE MONACO<\/p>\n<p>Telefono: +377 92 05 75 51<\/p>\n<p>e-mail: laboratoires@asepta.mc<\/p>\n<p>Iscritta al Registro Imprese del Principato di Monaco con il numero 56 S 00055<\/p>\n<p>P.I. Intracomunitaria: FR 06 00000 3102<\/p>\n<p>Dirigente della Societ\u00e0: Anne-Marie NOIR, Amministratore Delegato<\/p>\n<p>Direttore della Pubblicazione: Brice FROMION, Direttore Export<\/p>\n<p>Il sito \u00e8 progettato e realizzato da:<\/p>\n<p>FEDERALL, S.A.R.L. Testa, Fedenucci &#038; Canepari avente capitale di 32.000 \u20ac<\/p>\n<p>con sede legale situata in 36 avenue de l&#8217;Annonciade &#8211; Tour Od\u00e9on \u2013 98000 PRINCIPAUTE DE MONACO<\/p>\n<p>Telefono: +377 99 99 99 97<\/p>\n<p>Iscritta al Registro Imprese del Principato di Monaco con il numero 03 S 04144<\/p>\n<p>P.I. Intracomunitaria: FR 10 0000 63890<\/p>\n<p>Il sito \u00e8 ospitato da:<\/p>\n<p>MONACO TELECOM S.A.M.<\/p>\n<p>Soci\u00e9t\u00e9 Anonyme Mon\u00e9gasque avente capitale di 1.687.640 \u20ac<\/p>\n<p>con sede legale situata in 25 bd de Suisse &#8211; BP 377 &#8211; 98008 MONACO CEDEX.<br \/>\nTelefono: +377 99 66 33 00<\/p>\n<p>Iscritta al Registro Imprese del Principato di Monaco con il numero 97 S 03277<\/p>\n<p>P.I. Intracomunitaria: FR 73 0000 42183<\/p>\n<p>          Propriet\u00e0 Intellettuale<br \/>\nI diversi marchi e loghi riportati sul sito www.asepta.com sono marchi di propriet\u00e0 dei LABORATOIRES ASEPTA. Non \u00e8 attribuito alcun diritto di utilizzo n\u00e9 alcuna licenza su uno dei suddetti marchi o loghi riportati su questo sito che di conseguenza non possono essere utilizzati senza il preliminare consenso scritto del loro proprietario.<\/p>\n<p>Qualsiasi riproduzione dei documenti pubblicati sul sito \u00e8 autorizzata solo a fini di informazione, a titolo esclusivamente privato. \u00c8 esplicitamente vietato l&#8217;uso a fini commerciali, salvo previo accordo scritto dei LABORATOIRES ASEPTA.<\/p>\n<p>I LABORATOIRES ASEPTA si riservano il diritto di perseguire qualsiasi atto di contraffazione dei loro diritti di propriet\u00e0 intellettuale, anche nell&#8217;ambito di un&#8217;azione penale.<\/p>\n<p>          Tutela della Privacy<br \/>\nConformemente alla legge francese sulla tutela della Privacy n\u00b0 78-17 del 6 gennaio 1978 e n\u00b0 2004-801 del 6 agosto 2004, qualsiasi individuo che abbia lasciato i suoi estremi o altri dati personali sul sito www.asepta.com gode di un diritto individuale di opposizione, accesso e rettifica degli stessi. L&#8217;utente pu\u00f2 esercitare tale diritto inoltrandone la richiesta tramite posta elettronica a laboratoires@asepta.mc o mediante lettera inviata per posta a LABORATOIRES ASEPTA \u2013 Service Juridique \u2013 1-3 avenue Albert II \u2013 BP 649, MC 98013 MONACO CEDEX.<\/p>\n<p>I LABORATOIRES ASEPTA si riservano il diritto di modificare, risolvere o sospendere in qualsiasi momento l&#8217;accesso totale o parziale al sito e non saranno ritenuti responsabili delle conseguenze di tali modifiche.<\/p>\n<p>Le presenti avvertenze legali sono soggette alla legge francese e qualsivoglia controversia sar\u00e0 portata dinanzi al tribunale competente di questo paese.<\/p>\n<p>          Responsabilit\u00e0<br \/>\nI LABORATOIRES ASEPTA declinano ogni responsabilit\u00e0 in merito all&#8217;esattezza, ad errori o omissioni contenuti sul presente sito. Le fotografie dei prodotti delle diverse gamme dei LABORATOIRES su questo sito non rivestono alcun carattere contrattuale.  Non \u00e8 fornita alcuna garanzia sull&#8217;esattezza o le informazioni fruibili online sul sito Internet.<\/p>\n<p>I LABORATOIRES ASEPTA non forniscono alcuna garanzia e declinano ogni responsabilit\u00e0 derivante dall&#8217;accesso o l&#8217;utilizzo del presente sito, compreso qualsivoglia deterioramento o virus che possa infettare l&#8217;attrezzatura informatica dell&#8217;utente.<\/p>\n<p>L\u2019utente s&#8217;impegna a non trasmettere su questo sito nessuna informazione che possa comportare una responsabilit\u00e0 civile o penale. A tal titolo, s&#8217;impegna a non diffondere informazioni illecite o contrarie all&#8217;ordine pubblico o diffamatorie, tramite questo sito.<\/p>\n<p>Tutti i siti web esterni ai LABORATOIRES ASEPTA citati e con un link ipertestuale sul sito www.asepta.com non rientrano nella responsabilit\u00e0 dei LABORATOIRES ASEPTA. Pertanto, i LABORATOIRES ASEPTA declinano ogni responsabilit\u00e0 sul loro contenuto. Questi link verso altri siti non costituiscono in alcun caso un&#8217;approvazione o una collaborazione tra i LABORATOIRES ASEPTA e questi siti web, essendo questi ultimi soggetti alle loro condizioni d&#8217;utenza e policy di protezione della vita privata. Inoltre, nessuna persona fisica o giuridica \u00e8 autorizzata a inserire un link ipertestuale che ridiriga verso il sito www.asepta.com senza l&#8217;autorizzazione preliminare ed esplicita dei LABORATOIRES ASEPTA.<\/p>\n","protected":false},"excerpt":{"rendered":"<p>I LABORATOIRES ASEPTA Soci\u00e9t\u00e9 Anonyme Mon\u00e9gasque avente capitale di 1.520.000 \u20ac con sede legale situata in 1-3 avenue Albert II \u2013 Fontvieille \u2013 98000 PRINCIPAUTE DE MONACO Telefono: +377 92 05 75 51 e-mail: laboratoires@asepta.mc Iscritta al Registro Imprese del Principato di Monaco con il numero 56 S 00055 P.I. Intracomunitaria: FR 06 00000 3102 [&hellip;]<\/p>\n","protected":false},"author":3,"featured_media":8545,"parent":0,"menu_order":47,"comment_status":"closed","ping_status":"closed","template":"","meta":{"_acf_changed":false,"footnotes":""},"class_list":["post-10201","page","type-page","status-publish","has-post-thumbnail","hentry"],"acf":[],"yoast_head":"<!-- This site is optimized with the Yoast SEO plugin v27.5 - https:\/\/yoast.com\/product\/yoast-seo-wordpress\/ -->\n<title>Avvertenze legali - Laboratoires ASEPTA Monaco<\/title>\n<meta name=\"robots\" content=\"noindex, nofollow\" \/>\n<meta property=\"og:locale\" content=\"it_IT\" \/>\n<meta property=\"og:type\" content=\"article\" \/>\n<meta property=\"og:title\" content=\"Avvertenze legali - Laboratoires ASEPTA Monaco\" \/>\n<meta property=\"og:description\" content=\"I LABORATOIRES ASEPTA Soci\u00e9t\u00e9 Anonyme Mon\u00e9gasque avente capitale di 1.520.000 \u20ac con sede legale situata in 1-3 avenue Albert II \u2013 Fontvieille \u2013 98000 PRINCIPAUTE DE MONACO Telefono: +377 92 05 75 51 e-mail: laboratoires@asepta.mc Iscritta al Registro Imprese del Principato di Monaco con il numero 56 S 00055 P.I. Intracomunitaria: FR 06 00000 3102 [&hellip;]\" \/>\n<meta property=\"og:url\" content=\"https:\/\/www.asepta.com\/it\/avvertenze-legali\/\" \/>\n<meta property=\"og:site_name\" content=\"Laboratoires ASEPTA Monaco\" \/>\n<meta property=\"article:publisher\" content=\"https:\/\/www.facebook.com\/laboasepta\/\" \/>\n<meta property=\"article:modified_time\" content=\"2019-10-15T07:28:38+00:00\" \/>\n<meta property=\"og:image\" content=\"https:\/\/www.asepta.com\/wp-content\/uploads\/2019\/05\/mediterranean-sea-2742232_1920.jpg\" \/>\n\t<meta property=\"og:image:width\" content=\"1920\" \/>\n\t<meta property=\"og:image:height\" content=\"1440\" \/>\n\t<meta property=\"og:image:type\" content=\"image\/jpeg\" \/>\n<meta name=\"twitter:card\" content=\"summary_large_image\" \/>\n<meta name=\"twitter:site\" content=\"@laboasepta\" \/>\n<meta name=\"twitter:label1\" content=\"Tempo di lettura stimato\" \/>\n\t<meta name=\"twitter:data1\" content=\"3 minuti\" \/>\n<script type=\"application\/ld+json\" class=\"yoast-schema-graph\">{\"@context\":\"https:\\\/\\\/schema.org\",\"@graph\":[{\"@type\":\"WebPage\",\"@id\":\"https:\\\/\\\/www.asepta.com\\\/it\\\/avvertenze-legali\\\/\",\"url\":\"https:\\\/\\\/www.asepta.com\\\/it\\\/avvertenze-legali\\\/\",\"name\":\"Avvertenze legali - Laboratoires ASEPTA Monaco\",\"isPartOf\":{\"@id\":\"https:\\\/\\\/www.asepta.com\\\/it\\\/#website\"},\"primaryImageOfPage\":{\"@id\":\"https:\\\/\\\/www.asepta.com\\\/it\\\/avvertenze-legali\\\/#primaryimage\"},\"image\":{\"@id\":\"https:\\\/\\\/www.asepta.com\\\/it\\\/avvertenze-legali\\\/#primaryimage\"},\"thumbnailUrl\":\"https:\\\/\\\/www.asepta.com\\\/wp-content\\\/uploads\\\/2019\\\/05\\\/mediterranean-sea-2742232_1920.jpg\",\"datePublished\":\"2014-12-22T16:13:17+00:00\",\"dateModified\":\"2019-10-15T07:28:38+00:00\",\"breadcrumb\":{\"@id\":\"https:\\\/\\\/www.asepta.com\\\/it\\\/avvertenze-legali\\\/#breadcrumb\"},\"inLanguage\":\"it-IT\",\"potentialAction\":[{\"@type\":\"ReadAction\",\"target\":[\"https:\\\/\\\/www.asepta.com\\\/it\\\/avvertenze-legali\\\/\"]}]},{\"@type\":\"ImageObject\",\"inLanguage\":\"it-IT\",\"@id\":\"https:\\\/\\\/www.asepta.com\\\/it\\\/avvertenze-legali\\\/#primaryimage\",\"url\":\"https:\\\/\\\/www.asepta.com\\\/wp-content\\\/uploads\\\/2019\\\/05\\\/mediterranean-sea-2742232_1920.jpg\",\"contentUrl\":\"https:\\\/\\\/www.asepta.com\\\/wp-content\\\/uploads\\\/2019\\\/05\\\/mediterranean-sea-2742232_1920.jpg\",\"width\":1920,\"height\":1440},{\"@type\":\"BreadcrumbList\",\"@id\":\"https:\\\/\\\/www.asepta.com\\\/it\\\/avvertenze-legali\\\/#breadcrumb\",\"itemListElement\":[{\"@type\":\"ListItem\",\"position\":1,\"name\":\"Accueil\",\"item\":\"https:\\\/\\\/www.asepta.com\\\/it\\\/\"},{\"@type\":\"ListItem\",\"position\":2,\"name\":\"Avvertenze legali\"}]},{\"@type\":\"WebSite\",\"@id\":\"https:\\\/\\\/www.asepta.com\\\/it\\\/#website\",\"url\":\"https:\\\/\\\/www.asepta.com\\\/it\\\/\",\"name\":\"Laboratoires ASEPTA Monaco\",\"description\":\"Sp\u00e9cialistes en Dermo-Cosm\u00e9tiques\",\"potentialAction\":[{\"@type\":\"SearchAction\",\"target\":{\"@type\":\"EntryPoint\",\"urlTemplate\":\"https:\\\/\\\/www.asepta.com\\\/it\\\/?s={search_term_string}\"},\"query-input\":{\"@type\":\"PropertyValueSpecification\",\"valueRequired\":true,\"valueName\":\"search_term_string\"}}],\"inLanguage\":\"it-IT\"}]}<\/script>\n<!-- \/ Yoast SEO plugin. -->","yoast_head_json":{"title":"Avvertenze legali - Laboratoires ASEPTA Monaco","robots":{"index":"noindex","follow":"nofollow"},"og_locale":"it_IT","og_type":"article","og_title":"Avvertenze legali - Laboratoires ASEPTA Monaco","og_description":"I LABORATOIRES ASEPTA Soci\u00e9t\u00e9 Anonyme Mon\u00e9gasque avente capitale di 1.520.000 \u20ac con sede legale situata in 1-3 avenue Albert II \u2013 Fontvieille \u2013 98000 PRINCIPAUTE DE MONACO Telefono: +377 92 05 75 51 e-mail: laboratoires@asepta.mc Iscritta al Registro Imprese del Principato di Monaco con il numero 56 S 00055 P.I. Intracomunitaria: FR 06 00000 3102 [&hellip;]","og_url":"https:\/\/www.asepta.com\/it\/avvertenze-legali\/","og_site_name":"Laboratoires ASEPTA Monaco","article_publisher":"https:\/\/www.facebook.com\/laboasepta\/","article_modified_time":"2019-10-15T07:28:38+00:00","og_image":[{"width":1920,"height":1440,"url":"https:\/\/www.asepta.com\/wp-content\/uploads\/2019\/05\/mediterranean-sea-2742232_1920.jpg","type":"image\/jpeg"}],"twitter_card":"summary_large_image","twitter_site":"@laboasepta","twitter_misc":{"Tempo di lettura stimato":"3 minuti"},"schema":{"@context":"https:\/\/schema.org","@graph":[{"@type":"WebPage","@id":"https:\/\/www.asepta.com\/it\/avvertenze-legali\/","url":"https:\/\/www.asepta.com\/it\/avvertenze-legali\/","name":"Avvertenze legali - Laboratoires ASEPTA Monaco","isPartOf":{"@id":"https:\/\/www.asepta.com\/it\/#website"},"primaryImageOfPage":{"@id":"https:\/\/www.asepta.com\/it\/avvertenze-legali\/#primaryimage"},"image":{"@id":"https:\/\/www.asepta.com\/it\/avvertenze-legali\/#primaryimage"},"thumbnailUrl":"https:\/\/www.asepta.com\/wp-content\/uploads\/2019\/05\/mediterranean-sea-2742232_1920.jpg","datePublished":"2014-12-22T16:13:17+00:00","dateModified":"2019-10-15T07:28:38+00:00","breadcrumb":{"@id":"https:\/\/www.asepta.com\/it\/avvertenze-legali\/#breadcrumb"},"inLanguage":"it-IT","potentialAction":[{"@type":"ReadAction","target":["https:\/\/www.asepta.com\/it\/avvertenze-legali\/"]}]},{"@type":"ImageObject","inLanguage":"it-IT","@id":"https:\/\/www.asepta.com\/it\/avvertenze-legali\/#primaryimage","url":"https:\/\/www.asepta.com\/wp-content\/uploads\/2019\/05\/mediterranean-sea-2742232_1920.jpg","contentUrl":"https:\/\/www.asepta.com\/wp-content\/uploads\/2019\/05\/mediterranean-sea-2742232_1920.jpg","width":1920,"height":1440},{"@type":"BreadcrumbList","@id":"https:\/\/www.asepta.com\/it\/avvertenze-legali\/#breadcrumb","itemListElement":[{"@type":"ListItem","position":1,"name":"Accueil","item":"https:\/\/www.asepta.com\/it\/"},{"@type":"ListItem","position":2,"name":"Avvertenze legali"}]},{"@type":"WebSite","@id":"https:\/\/www.asepta.com\/it\/#website","url":"https:\/\/www.asepta.com\/it\/","name":"Laboratoires ASEPTA Monaco","description":"Sp\u00e9cialistes en Dermo-Cosm\u00e9tiques","potentialAction":[{"@type":"SearchAction","target":{"@type":"EntryPoint","urlTemplate":"https:\/\/www.asepta.com\/it\/?s={search_term_string}"},"query-input":{"@type":"PropertyValueSpecification","valueRequired":true,"valueName":"search_term_string"}}],"inLanguage":"it-IT"}]}},"_links":{"self":[{"href":"https:\/\/www.asepta.com\/it\/wp-json\/wp\/v2\/pages\/10201","targetHints":{"allow":["GET"]}}],"collection":[{"href":"https:\/\/www.asepta.com\/it\/wp-json\/wp\/v2\/pages"}],"about":[{"href":"https:\/\/www.asepta.com\/it\/wp-json\/wp\/v2\/types\/page"}],"author":[{"embeddable":true,"href":"https:\/\/www.asepta.com\/it\/wp-json\/wp\/v2\/users\/3"}],"replies":[{"embeddable":true,"href":"https:\/\/www.asepta.com\/it\/wp-json\/wp\/v2\/comments?post=10201"}],"version-history":[{"count":4,"href":"https:\/\/www.asepta.com\/it\/wp-json\/wp\/v2\/pages\/10201\/revisions"}],"predecessor-version":[{"id":12047,"href":"https:\/\/www.asepta.com\/it\/wp-json\/wp\/v2\/pages\/10201\/revisions\/12047"}],"wp:featuredmedia":[{"embeddable":true,"href":"https:\/\/www.asepta.com\/it\/wp-json\/wp\/v2\/media\/8545"}],"wp:attachment":[{"href":"https:\/\/www.asepta.com\/it\/wp-json\/wp\/v2\/media?parent=10201"}],"curies":[{"name":"wp","href":"https:\/\/api.w.org\/{rel}","templated":true}]}}