{"id":10231,"date":"2014-08-12T08:50:06","date_gmt":"2014-08-12T07:50:06","guid":{"rendered":"http:\/\/asepta.com\/notre-histoire\/"},"modified":"2019-07-19T13:28:39","modified_gmt":"2019-07-19T12:28:39","slug":"asepta-75-anni-di-storia","status":"publish","type":"page","link":"https:\/\/www.asepta.com\/it\/il-laboratorio\/asepta-75-anni-di-storia\/","title":{"rendered":"ASEPTA: 75 anni di storia"},"content":{"rendered":"<p>La storia dei LABORATOIRES ASEPTA \u00e8 fortemente legata a quella del Principato di Monaco e del suo Casin\u00f2.<\/p>\n<p>Alla fine degli anni &#8217;30, i croupier del Casin\u00f2 di Monte-Carlo fanno una richiesta piuttosto originale a un farmacista del Principato, Henri ADAM: una crema per alleviare i piedi doloranti. Questi croupier, che potevano rimanere ore e ore in posizione eretta sulla moquette delle sale da gioco, avevano infatti bisogno di un rimedio efficace per lenire i dolori dei piedi.<br \/>\nHenri ADAM mette allora a punto una formula a base di una pianta emolliente, denominata achillea. Nasce cos\u00ec il marchio AKILE\u00cfNE\u00ae!<\/p>\n<p>I LABORATOIRES ASEPTA sono il frutto dell&#8217;incontro di Henri ADAM e Paul LACROIX, che le vicissitudini della Seconda Guerra Mondiale avevano portato a lavorare nel Principato a gennaio 1942. All&#8217;epoca, il team fondatore \u00e8 completato da Henri MAS, amico d&#8217;infanzia di Paul LACROIX.<\/p>\n<p>Il debutto di ASEPTA \u00e8 stato lento, poich\u00e9 pochi consumatori erano interessati a prodotti di comfort nel difficile periodo del dopoguerra. Tuttavia, Paul LACROIX e Henri MAS riescono piano piano a farsi conoscere presso le farmacie della Costa Azzurra con successo, poi quelle di Parigi e Strasburgo. Riescono infine a creare una domanda per un prodotto inabituale, in un contesto economico al rallentatore.<\/p>\n<p>Nel 1952, \u00e8 creato il marchio VITA CITRAL\u00ae dai LABORATOIRES ASEPTA per la cura delle mani. Questo nuovo marchio viene a diversificare le attivit\u00e0 del laboratorio che, vent&#8217;anni dopo, lancia una nuova gamma per i trattamenti delle fanere (capelli, unghie e ciglia): ECRINAL\u00ae. I trattamenti per il viso non sono nemmeno dimenticati con il lancio di COUP D\u2019ECLAT\u00ae nel 1977, grazie all&#8217;impareggiabile e rivoluzionaria fiala lifting!<\/p>\n<p>Nel 1993, i laboratori innovano, lanciando il primo trattamento podologico destinato ai diabetici: AKILDIA.<\/p>\n<p>Oggi, i LABORATOIRES ASEPTA producono oltre 6 milioni di unit\u00e0 all&#8217;anno e hanno saputo imporsi come leader nelle farmacie francesi, grazie a AKILE\u00cfNE\u00ae, SPORTS AKILE\u00cfNE\u00ae e ECRINAL\u00ae.<\/p>\n<p>Oltre 75 anni dopo la loro creazione, i LABORATOIRES ASEPTA, societ\u00e0 indipendente e diretta dalle famiglie dei fondatori, producono nel Principato di Monaco gamme dermocosmetiche che hanno acquisito una fama internazionale.<\/p>\n<p>&#8220;Qualit\u00e0 e Innovazione&#8221; \u00e8 da sempre il motto del laboratorio che, attraverso i numerosi brevetti e le sue innovazioni, \u00e8 uno dei partner dinamici della dermofarmacia e della cosmesi moderna. Questo lavoro \u00e8 stato riconosciuto da numerosi premi: Prix Norex (1988), Best Brand Award (1989), Riviera Trade Club (1997), Leader d\u2019Exportation (1999), Monaco Business Award (2000), Label Eur\u00eaka (2005), Troph\u00e9e Club Eco de Monaco (2013) e il Trofeo Femmes de L\u2019Economie (2015).<\/p>\n<p>Oggi, i LABORATOIRES ASEPTA occupano oltre 200 persone presso una struttura moderna, disciplinata dalle norme internazionali nel campo della cosmesi. La loro presenza mondiale si estende in oltre 60 paesi sui cinque continenti, grazie a una rete di distributori, sostenuta da filiali in 5 paesi: Germania, Belgio, Svizzera, Tunisia e Canada.<\/p>\n","protected":false},"excerpt":{"rendered":"<p>La storia dei LABORATOIRES ASEPTA \u00e8 fortemente legata a quella del Principato di Monaco e del suo Casin\u00f2. Alla fine degli anni &#8217;30, i croupier del Casin\u00f2 di Monte-Carlo fanno una richiesta piuttosto originale a un farmacista del Principato, Henri ADAM: una crema per alleviare i piedi doloranti. Questi croupier, che potevano rimanere ore e [&hellip;]<\/p>\n","protected":false},"author":1533,"featured_media":5085,"parent":10241,"menu_order":72,"comment_status":"closed","ping_status":"closed","template":"","meta":{"_acf_changed":false,"footnotes":""},"class_list":["post-10231","page","type-page","status-publish","has-post-thumbnail","hentry"],"acf":[],"yoast_head":"<!-- This site is optimized with the Yoast SEO plugin v27.5 - https:\/\/yoast.com\/product\/yoast-seo-wordpress\/ -->\n<title>ASEPTA: 75 anni di storia - Laboratoires ASEPTA Monaco<\/title>\n<meta name=\"robots\" content=\"index, follow, max-snippet:-1, max-image-preview:large, max-video-preview:-1\" \/>\n<link rel=\"canonical\" href=\"https:\/\/www.asepta.com\/it\/il-laboratorio\/asepta-75-anni-di-storia\/\" \/>\n<meta property=\"og:locale\" content=\"it_IT\" \/>\n<meta property=\"og:type\" content=\"article\" \/>\n<meta property=\"og:title\" content=\"ASEPTA: 75 anni di storia - Laboratoires ASEPTA Monaco\" \/>\n<meta property=\"og:description\" content=\"La storia dei LABORATOIRES ASEPTA \u00e8 fortemente legata a quella del Principato di Monaco e del suo Casin\u00f2. Alla fine degli anni &#8217;30, i croupier del Casin\u00f2 di Monte-Carlo fanno una richiesta piuttosto originale a un farmacista del Principato, Henri ADAM: una crema per alleviare i piedi doloranti. Questi croupier, che potevano rimanere ore e [&hellip;]\" \/>\n<meta property=\"og:url\" content=\"https:\/\/www.asepta.com\/it\/il-laboratorio\/asepta-75-anni-di-storia\/\" \/>\n<meta property=\"og:site_name\" content=\"Laboratoires ASEPTA Monaco\" \/>\n<meta property=\"article:publisher\" content=\"https:\/\/www.facebook.com\/laboasepta\/\" \/>\n<meta property=\"article:modified_time\" content=\"2019-07-19T12:28:39+00:00\" \/>\n<meta property=\"og:image\" content=\"https:\/\/www.asepta.com\/wp-content\/uploads\/2014\/08\/photo-1950.jpg\" \/>\n\t<meta property=\"og:image:width\" content=\"1950\" \/>\n\t<meta property=\"og:image:height\" content=\"1299\" \/>\n\t<meta property=\"og:image:type\" content=\"image\/jpeg\" \/>\n<meta name=\"twitter:card\" content=\"summary_large_image\" \/>\n<meta name=\"twitter:site\" content=\"@laboasepta\" \/>\n<meta name=\"twitter:label1\" content=\"Tempo di lettura stimato\" \/>\n\t<meta name=\"twitter:data1\" content=\"2 minuti\" \/>\n<script type=\"application\/ld+json\" class=\"yoast-schema-graph\">{\"@context\":\"https:\\\/\\\/schema.org\",\"@graph\":[{\"@type\":\"WebPage\",\"@id\":\"https:\\\/\\\/www.asepta.com\\\/it\\\/il-laboratorio\\\/asepta-75-anni-di-storia\\\/\",\"url\":\"https:\\\/\\\/www.asepta.com\\\/it\\\/il-laboratorio\\\/asepta-75-anni-di-storia\\\/\",\"name\":\"ASEPTA: 75 anni di storia - Laboratoires ASEPTA Monaco\",\"isPartOf\":{\"@id\":\"https:\\\/\\\/www.asepta.com\\\/it\\\/#website\"},\"primaryImageOfPage\":{\"@id\":\"https:\\\/\\\/www.asepta.com\\\/it\\\/il-laboratorio\\\/asepta-75-anni-di-storia\\\/#primaryimage\"},\"image\":{\"@id\":\"https:\\\/\\\/www.asepta.com\\\/it\\\/il-laboratorio\\\/asepta-75-anni-di-storia\\\/#primaryimage\"},\"thumbnailUrl\":\"https:\\\/\\\/www.asepta.com\\\/wp-content\\\/uploads\\\/2014\\\/08\\\/photo-1950.jpg\",\"datePublished\":\"2014-08-12T07:50:06+00:00\",\"dateModified\":\"2019-07-19T12:28:39+00:00\",\"breadcrumb\":{\"@id\":\"https:\\\/\\\/www.asepta.com\\\/it\\\/il-laboratorio\\\/asepta-75-anni-di-storia\\\/#breadcrumb\"},\"inLanguage\":\"it-IT\",\"potentialAction\":[{\"@type\":\"ReadAction\",\"target\":[\"https:\\\/\\\/www.asepta.com\\\/it\\\/il-laboratorio\\\/asepta-75-anni-di-storia\\\/\"]}]},{\"@type\":\"ImageObject\",\"inLanguage\":\"it-IT\",\"@id\":\"https:\\\/\\\/www.asepta.com\\\/it\\\/il-laboratorio\\\/asepta-75-anni-di-storia\\\/#primaryimage\",\"url\":\"https:\\\/\\\/www.asepta.com\\\/wp-content\\\/uploads\\\/2014\\\/08\\\/photo-1950.jpg\",\"contentUrl\":\"https:\\\/\\\/www.asepta.com\\\/wp-content\\\/uploads\\\/2014\\\/08\\\/photo-1950.jpg\",\"width\":1950,\"height\":1299},{\"@type\":\"BreadcrumbList\",\"@id\":\"https:\\\/\\\/www.asepta.com\\\/it\\\/il-laboratorio\\\/asepta-75-anni-di-storia\\\/#breadcrumb\",\"itemListElement\":[{\"@type\":\"ListItem\",\"position\":1,\"name\":\"Accueil\",\"item\":\"https:\\\/\\\/www.asepta.com\\\/it\\\/\"},{\"@type\":\"ListItem\",\"position\":2,\"name\":\"Il Laboratorio\",\"item\":\"https:\\\/\\\/www.asepta.com\\\/it\\\/il-laboratorio\\\/\"},{\"@type\":\"ListItem\",\"position\":3,\"name\":\"ASEPTA: 75 anni di storia\"}]},{\"@type\":\"WebSite\",\"@id\":\"https:\\\/\\\/www.asepta.com\\\/it\\\/#website\",\"url\":\"https:\\\/\\\/www.asepta.com\\\/it\\\/\",\"name\":\"Laboratoires ASEPTA Monaco\",\"description\":\"Sp\u00e9cialistes en Dermo-Cosm\u00e9tiques\",\"potentialAction\":[{\"@type\":\"SearchAction\",\"target\":{\"@type\":\"EntryPoint\",\"urlTemplate\":\"https:\\\/\\\/www.asepta.com\\\/it\\\/?s={search_term_string}\"},\"query-input\":{\"@type\":\"PropertyValueSpecification\",\"valueRequired\":true,\"valueName\":\"search_term_string\"}}],\"inLanguage\":\"it-IT\"}]}<\/script>\n<!-- \/ Yoast SEO plugin. -->","yoast_head_json":{"title":"ASEPTA: 75 anni di storia - Laboratoires ASEPTA Monaco","robots":{"index":"index","follow":"follow","max-snippet":"max-snippet:-1","max-image-preview":"max-image-preview:large","max-video-preview":"max-video-preview:-1"},"canonical":"https:\/\/www.asepta.com\/it\/il-laboratorio\/asepta-75-anni-di-storia\/","og_locale":"it_IT","og_type":"article","og_title":"ASEPTA: 75 anni di storia - Laboratoires ASEPTA Monaco","og_description":"La storia dei LABORATOIRES ASEPTA \u00e8 fortemente legata a quella del Principato di Monaco e del suo Casin\u00f2. Alla fine degli anni &#8217;30, i croupier del Casin\u00f2 di Monte-Carlo fanno una richiesta piuttosto originale a un farmacista del Principato, Henri ADAM: una crema per alleviare i piedi doloranti. Questi croupier, che potevano rimanere ore e [&hellip;]","og_url":"https:\/\/www.asepta.com\/it\/il-laboratorio\/asepta-75-anni-di-storia\/","og_site_name":"Laboratoires ASEPTA Monaco","article_publisher":"https:\/\/www.facebook.com\/laboasepta\/","article_modified_time":"2019-07-19T12:28:39+00:00","og_image":[{"width":1950,"height":1299,"url":"https:\/\/www.asepta.com\/wp-content\/uploads\/2014\/08\/photo-1950.jpg","type":"image\/jpeg"}],"twitter_card":"summary_large_image","twitter_site":"@laboasepta","twitter_misc":{"Tempo di lettura stimato":"2 minuti"},"schema":{"@context":"https:\/\/schema.org","@graph":[{"@type":"WebPage","@id":"https:\/\/www.asepta.com\/it\/il-laboratorio\/asepta-75-anni-di-storia\/","url":"https:\/\/www.asepta.com\/it\/il-laboratorio\/asepta-75-anni-di-storia\/","name":"ASEPTA: 75 anni di storia - Laboratoires ASEPTA Monaco","isPartOf":{"@id":"https:\/\/www.asepta.com\/it\/#website"},"primaryImageOfPage":{"@id":"https:\/\/www.asepta.com\/it\/il-laboratorio\/asepta-75-anni-di-storia\/#primaryimage"},"image":{"@id":"https:\/\/www.asepta.com\/it\/il-laboratorio\/asepta-75-anni-di-storia\/#primaryimage"},"thumbnailUrl":"https:\/\/www.asepta.com\/wp-content\/uploads\/2014\/08\/photo-1950.jpg","datePublished":"2014-08-12T07:50:06+00:00","dateModified":"2019-07-19T12:28:39+00:00","breadcrumb":{"@id":"https:\/\/www.asepta.com\/it\/il-laboratorio\/asepta-75-anni-di-storia\/#breadcrumb"},"inLanguage":"it-IT","potentialAction":[{"@type":"ReadAction","target":["https:\/\/www.asepta.com\/it\/il-laboratorio\/asepta-75-anni-di-storia\/"]}]},{"@type":"ImageObject","inLanguage":"it-IT","@id":"https:\/\/www.asepta.com\/it\/il-laboratorio\/asepta-75-anni-di-storia\/#primaryimage","url":"https:\/\/www.asepta.com\/wp-content\/uploads\/2014\/08\/photo-1950.jpg","contentUrl":"https:\/\/www.asepta.com\/wp-content\/uploads\/2014\/08\/photo-1950.jpg","width":1950,"height":1299},{"@type":"BreadcrumbList","@id":"https:\/\/www.asepta.com\/it\/il-laboratorio\/asepta-75-anni-di-storia\/#breadcrumb","itemListElement":[{"@type":"ListItem","position":1,"name":"Accueil","item":"https:\/\/www.asepta.com\/it\/"},{"@type":"ListItem","position":2,"name":"Il Laboratorio","item":"https:\/\/www.asepta.com\/it\/il-laboratorio\/"},{"@type":"ListItem","position":3,"name":"ASEPTA: 75 anni di storia"}]},{"@type":"WebSite","@id":"https:\/\/www.asepta.com\/it\/#website","url":"https:\/\/www.asepta.com\/it\/","name":"Laboratoires ASEPTA Monaco","description":"Sp\u00e9cialistes en Dermo-Cosm\u00e9tiques","potentialAction":[{"@type":"SearchAction","target":{"@type":"EntryPoint","urlTemplate":"https:\/\/www.asepta.com\/it\/?s={search_term_string}"},"query-input":{"@type":"PropertyValueSpecification","valueRequired":true,"valueName":"search_term_string"}}],"inLanguage":"it-IT"}]}},"_links":{"self":[{"href":"https:\/\/www.asepta.com\/it\/wp-json\/wp\/v2\/pages\/10231","targetHints":{"allow":["GET"]}}],"collection":[{"href":"https:\/\/www.asepta.com\/it\/wp-json\/wp\/v2\/pages"}],"about":[{"href":"https:\/\/www.asepta.com\/it\/wp-json\/wp\/v2\/types\/page"}],"author":[{"embeddable":true,"href":"https:\/\/www.asepta.com\/it\/wp-json\/wp\/v2\/users\/1533"}],"replies":[{"embeddable":true,"href":"https:\/\/www.asepta.com\/it\/wp-json\/wp\/v2\/comments?post=10231"}],"version-history":[{"count":5,"href":"https:\/\/www.asepta.com\/it\/wp-json\/wp\/v2\/pages\/10231\/revisions"}],"predecessor-version":[{"id":11371,"href":"https:\/\/www.asepta.com\/it\/wp-json\/wp\/v2\/pages\/10231\/revisions\/11371"}],"up":[{"embeddable":true,"href":"https:\/\/www.asepta.com\/it\/wp-json\/wp\/v2\/pages\/10241"}],"wp:featuredmedia":[{"embeddable":true,"href":"https:\/\/www.asepta.com\/it\/wp-json\/wp\/v2\/media\/5085"}],"wp:attachment":[{"href":"https:\/\/www.asepta.com\/it\/wp-json\/wp\/v2\/media?parent=10231"}],"curies":[{"name":"wp","href":"https:\/\/api.w.org\/{rel}","templated":true}]}}