{"id":10236,"date":"2014-08-12T08:49:56","date_gmt":"2014-08-12T07:49:56","guid":{"rendered":"http:\/\/asepta.com\/notre-engagement\/"},"modified":"2019-07-19T13:18:33","modified_gmt":"2019-07-19T12:18:33","slug":"notre-engagement","status":"publish","type":"page","link":"https:\/\/www.asepta.com\/it\/il-laboratorio\/notre-engagement\/","title":{"rendered":"I nostri impegni"},"content":{"rendered":"<p><strong>1. La Sicurezza Dermatologica<\/strong><br \/>\nI LABORATOIRES ASEPTA s\u2019impegnano a utilizzare solo gli ingredienti necessari, per una tolleranza ottimale e una buona efficacia. Selezioniamo i principi attivi pi\u00f9 efficienti, alle dosi adatte.<\/p>\n<p><strong>2. Le Norme<br \/>\n<\/strong>I LABORATOIRES ASEPTA soddisfano le regole e norme internazionali attualmente in vigore nel campo della cosmesi.<\/p>\n<p><strong>3. I Brevetti<\/strong><br \/>\nTutti i prodotti delle gamme AKILE\u00cfNE\u00ae, COUP D\u2019ECLAT\u00ae, ECRINAL\u00ae e VITA CITRAL\u00ae sono formulati con l&#8217;ausilio di un team di chimici e farmacisti. I nostri brevetti sono esclusivi, unici e non possono essere commercializzati da laboratori esterni.<\/p>\n<p><strong>4. I Principi Attivi &amp; Le Materie Prime<\/strong><br \/>\nTutti gli ingredienti ed i vari componenti selezionati dai LABORATOIRES ASEPTA rispettano la sicurezza dermatologica, nonch\u00e9 l&#8217;efficacia biologica. Le materie prime che compongono i nostri prodotti sono rigorosamente selezionate, riconosciute per la loro efficacia e innocuit\u00e0.<\/p>\n<p><strong>5. La Tracciabilit\u00e0<\/strong><br \/>\nI LABORATOIRES ASEPTA s\u2019impegnano nel severo controllo dell&#8217;origine e della qualit\u00e0 delle loro materie prime. La tracciabilit\u00e0 di tutti i componenti, nonch\u00e9 dei prodotti finiti avviene secondo principi di conformit\u00e0 ottimali.<\/p>\n<p><strong>6. I Test<\/strong><br \/>\nTutti i prodotti dei LABORATOIRES ASEPTA sono sottoposti a test d&#8217;innocuit\u00e0 e di efficacia, allo scopo di conformarsi alla legislazione in vigore nel campo della cosmesi e di servire al meglio i consumatori. Sono realizzati studi clinici o dermatologici, verificati da esperti competenti. Ogni prodotto \u00e8 testato in condizioni reali di utilizzo.<\/p>\n","protected":false},"excerpt":{"rendered":"<p>1. La Sicurezza Dermatologica I LABORATOIRES ASEPTA s\u2019impegnano a utilizzare solo gli ingredienti necessari, per una tolleranza ottimale e una buona efficacia. Selezioniamo i principi attivi pi\u00f9 efficienti, alle dosi adatte. 2. Le Norme I LABORATOIRES ASEPTA soddisfano le regole e norme internazionali attualmente in vigore nel campo della cosmesi. 3. I Brevetti Tutti i [&hellip;]<\/p>\n","protected":false},"author":1533,"featured_media":8425,"parent":10241,"menu_order":66,"comment_status":"closed","ping_status":"closed","template":"","meta":{"_acf_changed":false,"footnotes":""},"class_list":["post-10236","page","type-page","status-publish","has-post-thumbnail","hentry"],"acf":[],"yoast_head":"<!-- This site is optimized with the Yoast SEO plugin v27.5 - https:\/\/yoast.com\/product\/yoast-seo-wordpress\/ -->\n<title>I nostri impegni - Laboratoires ASEPTA Monaco<\/title>\n<meta name=\"robots\" content=\"index, follow, max-snippet:-1, max-image-preview:large, max-video-preview:-1\" \/>\n<link rel=\"canonical\" href=\"https:\/\/www.asepta.com\/it\/il-laboratorio\/notre-engagement\/\" \/>\n<meta property=\"og:locale\" content=\"it_IT\" \/>\n<meta property=\"og:type\" content=\"article\" \/>\n<meta property=\"og:title\" content=\"I nostri impegni - Laboratoires ASEPTA Monaco\" \/>\n<meta property=\"og:description\" content=\"1. La Sicurezza Dermatologica I LABORATOIRES ASEPTA s\u2019impegnano a utilizzare solo gli ingredienti necessari, per una tolleranza ottimale e una buona efficacia. Selezioniamo i principi attivi pi\u00f9 efficienti, alle dosi adatte. 2. Le Norme I LABORATOIRES ASEPTA soddisfano le regole e norme internazionali attualmente in vigore nel campo della cosmesi. 3. I Brevetti Tutti i [&hellip;]\" \/>\n<meta property=\"og:url\" content=\"https:\/\/www.asepta.com\/it\/il-laboratorio\/notre-engagement\/\" \/>\n<meta property=\"og:site_name\" content=\"Laboratoires ASEPTA Monaco\" \/>\n<meta property=\"article:publisher\" content=\"https:\/\/www.facebook.com\/laboasepta\/\" \/>\n<meta property=\"article:modified_time\" content=\"2019-07-19T12:18:33+00:00\" \/>\n<meta property=\"og:image\" content=\"https:\/\/www.asepta.com\/wp-content\/uploads\/2019\/05\/Asepta-228.jpg\" \/>\n\t<meta property=\"og:image:width\" content=\"1920\" \/>\n\t<meta property=\"og:image:height\" content=\"1146\" \/>\n\t<meta property=\"og:image:type\" content=\"image\/jpeg\" \/>\n<meta name=\"twitter:card\" content=\"summary_large_image\" \/>\n<meta name=\"twitter:site\" content=\"@laboasepta\" \/>\n<meta name=\"twitter:label1\" content=\"Tempo di lettura stimato\" \/>\n\t<meta name=\"twitter:data1\" content=\"1 minuto\" \/>\n<script type=\"application\/ld+json\" class=\"yoast-schema-graph\">{\"@context\":\"https:\\\/\\\/schema.org\",\"@graph\":[{\"@type\":\"WebPage\",\"@id\":\"https:\\\/\\\/www.asepta.com\\\/it\\\/il-laboratorio\\\/notre-engagement\\\/\",\"url\":\"https:\\\/\\\/www.asepta.com\\\/it\\\/il-laboratorio\\\/notre-engagement\\\/\",\"name\":\"I nostri impegni - Laboratoires ASEPTA Monaco\",\"isPartOf\":{\"@id\":\"https:\\\/\\\/www.asepta.com\\\/it\\\/#website\"},\"primaryImageOfPage\":{\"@id\":\"https:\\\/\\\/www.asepta.com\\\/it\\\/il-laboratorio\\\/notre-engagement\\\/#primaryimage\"},\"image\":{\"@id\":\"https:\\\/\\\/www.asepta.com\\\/it\\\/il-laboratorio\\\/notre-engagement\\\/#primaryimage\"},\"thumbnailUrl\":\"https:\\\/\\\/www.asepta.com\\\/wp-content\\\/uploads\\\/2019\\\/05\\\/Asepta-228.jpg\",\"datePublished\":\"2014-08-12T07:49:56+00:00\",\"dateModified\":\"2019-07-19T12:18:33+00:00\",\"breadcrumb\":{\"@id\":\"https:\\\/\\\/www.asepta.com\\\/it\\\/il-laboratorio\\\/notre-engagement\\\/#breadcrumb\"},\"inLanguage\":\"it-IT\",\"potentialAction\":[{\"@type\":\"ReadAction\",\"target\":[\"https:\\\/\\\/www.asepta.com\\\/it\\\/il-laboratorio\\\/notre-engagement\\\/\"]}]},{\"@type\":\"ImageObject\",\"inLanguage\":\"it-IT\",\"@id\":\"https:\\\/\\\/www.asepta.com\\\/it\\\/il-laboratorio\\\/notre-engagement\\\/#primaryimage\",\"url\":\"https:\\\/\\\/www.asepta.com\\\/wp-content\\\/uploads\\\/2019\\\/05\\\/Asepta-228.jpg\",\"contentUrl\":\"https:\\\/\\\/www.asepta.com\\\/wp-content\\\/uploads\\\/2019\\\/05\\\/Asepta-228.jpg\",\"width\":1920,\"height\":1146},{\"@type\":\"BreadcrumbList\",\"@id\":\"https:\\\/\\\/www.asepta.com\\\/it\\\/il-laboratorio\\\/notre-engagement\\\/#breadcrumb\",\"itemListElement\":[{\"@type\":\"ListItem\",\"position\":1,\"name\":\"Accueil\",\"item\":\"https:\\\/\\\/www.asepta.com\\\/it\\\/\"},{\"@type\":\"ListItem\",\"position\":2,\"name\":\"Il Laboratorio\",\"item\":\"https:\\\/\\\/www.asepta.com\\\/it\\\/il-laboratorio\\\/\"},{\"@type\":\"ListItem\",\"position\":3,\"name\":\"I nostri impegni\"}]},{\"@type\":\"WebSite\",\"@id\":\"https:\\\/\\\/www.asepta.com\\\/it\\\/#website\",\"url\":\"https:\\\/\\\/www.asepta.com\\\/it\\\/\",\"name\":\"Laboratoires ASEPTA Monaco\",\"description\":\"Sp\u00e9cialistes en Dermo-Cosm\u00e9tiques\",\"potentialAction\":[{\"@type\":\"SearchAction\",\"target\":{\"@type\":\"EntryPoint\",\"urlTemplate\":\"https:\\\/\\\/www.asepta.com\\\/it\\\/?s={search_term_string}\"},\"query-input\":{\"@type\":\"PropertyValueSpecification\",\"valueRequired\":true,\"valueName\":\"search_term_string\"}}],\"inLanguage\":\"it-IT\"}]}<\/script>\n<!-- \/ Yoast SEO plugin. -->","yoast_head_json":{"title":"I nostri impegni - Laboratoires ASEPTA Monaco","robots":{"index":"index","follow":"follow","max-snippet":"max-snippet:-1","max-image-preview":"max-image-preview:large","max-video-preview":"max-video-preview:-1"},"canonical":"https:\/\/www.asepta.com\/it\/il-laboratorio\/notre-engagement\/","og_locale":"it_IT","og_type":"article","og_title":"I nostri impegni - Laboratoires ASEPTA Monaco","og_description":"1. La Sicurezza Dermatologica I LABORATOIRES ASEPTA s\u2019impegnano a utilizzare solo gli ingredienti necessari, per una tolleranza ottimale e una buona efficacia. Selezioniamo i principi attivi pi\u00f9 efficienti, alle dosi adatte. 2. Le Norme I LABORATOIRES ASEPTA soddisfano le regole e norme internazionali attualmente in vigore nel campo della cosmesi. 3. I Brevetti Tutti i [&hellip;]","og_url":"https:\/\/www.asepta.com\/it\/il-laboratorio\/notre-engagement\/","og_site_name":"Laboratoires ASEPTA Monaco","article_publisher":"https:\/\/www.facebook.com\/laboasepta\/","article_modified_time":"2019-07-19T12:18:33+00:00","og_image":[{"width":1920,"height":1146,"url":"https:\/\/www.asepta.com\/wp-content\/uploads\/2019\/05\/Asepta-228.jpg","type":"image\/jpeg"}],"twitter_card":"summary_large_image","twitter_site":"@laboasepta","twitter_misc":{"Tempo di lettura stimato":"1 minuto"},"schema":{"@context":"https:\/\/schema.org","@graph":[{"@type":"WebPage","@id":"https:\/\/www.asepta.com\/it\/il-laboratorio\/notre-engagement\/","url":"https:\/\/www.asepta.com\/it\/il-laboratorio\/notre-engagement\/","name":"I nostri impegni - Laboratoires ASEPTA Monaco","isPartOf":{"@id":"https:\/\/www.asepta.com\/it\/#website"},"primaryImageOfPage":{"@id":"https:\/\/www.asepta.com\/it\/il-laboratorio\/notre-engagement\/#primaryimage"},"image":{"@id":"https:\/\/www.asepta.com\/it\/il-laboratorio\/notre-engagement\/#primaryimage"},"thumbnailUrl":"https:\/\/www.asepta.com\/wp-content\/uploads\/2019\/05\/Asepta-228.jpg","datePublished":"2014-08-12T07:49:56+00:00","dateModified":"2019-07-19T12:18:33+00:00","breadcrumb":{"@id":"https:\/\/www.asepta.com\/it\/il-laboratorio\/notre-engagement\/#breadcrumb"},"inLanguage":"it-IT","potentialAction":[{"@type":"ReadAction","target":["https:\/\/www.asepta.com\/it\/il-laboratorio\/notre-engagement\/"]}]},{"@type":"ImageObject","inLanguage":"it-IT","@id":"https:\/\/www.asepta.com\/it\/il-laboratorio\/notre-engagement\/#primaryimage","url":"https:\/\/www.asepta.com\/wp-content\/uploads\/2019\/05\/Asepta-228.jpg","contentUrl":"https:\/\/www.asepta.com\/wp-content\/uploads\/2019\/05\/Asepta-228.jpg","width":1920,"height":1146},{"@type":"BreadcrumbList","@id":"https:\/\/www.asepta.com\/it\/il-laboratorio\/notre-engagement\/#breadcrumb","itemListElement":[{"@type":"ListItem","position":1,"name":"Accueil","item":"https:\/\/www.asepta.com\/it\/"},{"@type":"ListItem","position":2,"name":"Il Laboratorio","item":"https:\/\/www.asepta.com\/it\/il-laboratorio\/"},{"@type":"ListItem","position":3,"name":"I nostri impegni"}]},{"@type":"WebSite","@id":"https:\/\/www.asepta.com\/it\/#website","url":"https:\/\/www.asepta.com\/it\/","name":"Laboratoires ASEPTA Monaco","description":"Sp\u00e9cialistes en Dermo-Cosm\u00e9tiques","potentialAction":[{"@type":"SearchAction","target":{"@type":"EntryPoint","urlTemplate":"https:\/\/www.asepta.com\/it\/?s={search_term_string}"},"query-input":{"@type":"PropertyValueSpecification","valueRequired":true,"valueName":"search_term_string"}}],"inLanguage":"it-IT"}]}},"_links":{"self":[{"href":"https:\/\/www.asepta.com\/it\/wp-json\/wp\/v2\/pages\/10236","targetHints":{"allow":["GET"]}}],"collection":[{"href":"https:\/\/www.asepta.com\/it\/wp-json\/wp\/v2\/pages"}],"about":[{"href":"https:\/\/www.asepta.com\/it\/wp-json\/wp\/v2\/types\/page"}],"author":[{"embeddable":true,"href":"https:\/\/www.asepta.com\/it\/wp-json\/wp\/v2\/users\/1533"}],"replies":[{"embeddable":true,"href":"https:\/\/www.asepta.com\/it\/wp-json\/wp\/v2\/comments?post=10236"}],"version-history":[{"count":2,"href":"https:\/\/www.asepta.com\/it\/wp-json\/wp\/v2\/pages\/10236\/revisions"}],"predecessor-version":[{"id":11363,"href":"https:\/\/www.asepta.com\/it\/wp-json\/wp\/v2\/pages\/10236\/revisions\/11363"}],"up":[{"embeddable":true,"href":"https:\/\/www.asepta.com\/it\/wp-json\/wp\/v2\/pages\/10241"}],"wp:featuredmedia":[{"embeddable":true,"href":"https:\/\/www.asepta.com\/it\/wp-json\/wp\/v2\/media\/8425"}],"wp:attachment":[{"href":"https:\/\/www.asepta.com\/it\/wp-json\/wp\/v2\/media?parent=10236"}],"curies":[{"name":"wp","href":"https:\/\/api.w.org\/{rel}","templated":true}]}}