{"id":10241,"date":"2014-07-01T15:43:07","date_gmt":"2014-07-01T14:43:07","guid":{"rendered":"http:\/\/asepta.com\/le-laboratoire\/"},"modified":"2019-07-19T13:10:45","modified_gmt":"2019-07-19T12:10:45","slug":"il-laboratorio","status":"publish","type":"page","link":"https:\/\/www.asepta.com\/it\/il-laboratorio\/","title":{"rendered":"Il Laboratorio"},"content":{"rendered":"<p>I LABORATOIRES ASEPTA producono e distribuiscono prodotti dermocosmetici da pi\u00f9 di 75 anni.<br \/>\nIdeati e realizzati interamente nel Principato di Monaco, i prodotti ASEPTA sfruttano i pi\u00f9 recenti progressi della cosmetica.<\/p>\n<p>Il centro di Ricerca e Sviluppo e la politica aziendale di qualit\u00e0 e innovazione hanno permesso di creare con successo in Francia e nel mercato internazionale le seguenti gamme:<br \/>\nAKILE\u00cfNE: prodotti per la podologia<br \/>\nCOUP D\u2019ECLAT: prodotti per il viso<br \/>\nD\u2019\u00c2ME NATURE\u00ae : Soins formul\u00e9s \u00e0 partir d&#8217;ingr\u00e9dients d&#8217;origine naturelle<br \/>\nECRINAL: prodotti per la cura delle strutture cheratinizzate (unghie, capelli e ciglia)<br \/>\nSPORTS AKILE\u00cfNE: prodotti speciali per sportivi<br \/>\nVITA CITRAL: prodotti per le mani e per le labbra<\/p>\n<p>Oggi, AKILE\u00cfNE rappresenta la gamma leader dei prodotti per podologia in Francia ed ECRINAL la gamma leader dei prodotti per le unghie.<br \/>\nASEPTA vuol dire pi\u00f9 di 200 formule per il vostro benessere dalla testa ai piedi!<\/p>\n","protected":false},"excerpt":{"rendered":"<p>I LABORATOIRES ASEPTA producono e distribuiscono prodotti dermocosmetici da pi\u00f9 di 75 anni. Ideati e realizzati interamente nel Principato di Monaco, i prodotti ASEPTA sfruttano i pi\u00f9 recenti progressi della cosmetica. Il centro di Ricerca e Sviluppo e la politica aziendale di qualit\u00e0 e innovazione hanno permesso di creare con successo in Francia e nel [&hellip;]<\/p>\n","protected":false},"author":1533,"featured_media":8425,"parent":0,"menu_order":57,"comment_status":"closed","ping_status":"closed","template":"","meta":{"_acf_changed":false,"footnotes":""},"class_list":["post-10241","page","type-page","status-publish","has-post-thumbnail","hentry"],"acf":[],"yoast_head":"<!-- This site is optimized with the Yoast SEO plugin v27.5 - https:\/\/yoast.com\/product\/yoast-seo-wordpress\/ -->\n<title>Il Laboratorio - Laboratoires ASEPTA Monaco<\/title>\n<meta name=\"robots\" content=\"index, follow, max-snippet:-1, max-image-preview:large, max-video-preview:-1\" \/>\n<link rel=\"canonical\" href=\"https:\/\/www.asepta.com\/it\/il-laboratorio\/\" \/>\n<meta property=\"og:locale\" content=\"it_IT\" \/>\n<meta property=\"og:type\" content=\"article\" \/>\n<meta property=\"og:title\" content=\"Il Laboratorio - Laboratoires ASEPTA Monaco\" \/>\n<meta property=\"og:description\" content=\"I LABORATOIRES ASEPTA producono e distribuiscono prodotti dermocosmetici da pi\u00f9 di 75 anni. Ideati e realizzati interamente nel Principato di Monaco, i prodotti ASEPTA sfruttano i pi\u00f9 recenti progressi della cosmetica. Il centro di Ricerca e Sviluppo e la politica aziendale di qualit\u00e0 e innovazione hanno permesso di creare con successo in Francia e nel [&hellip;]\" \/>\n<meta property=\"og:url\" content=\"https:\/\/www.asepta.com\/it\/il-laboratorio\/\" \/>\n<meta property=\"og:site_name\" content=\"Laboratoires ASEPTA Monaco\" \/>\n<meta property=\"article:publisher\" content=\"https:\/\/www.facebook.com\/laboasepta\/\" \/>\n<meta property=\"article:modified_time\" content=\"2019-07-19T12:10:45+00:00\" \/>\n<meta property=\"og:image\" content=\"https:\/\/www.asepta.com\/wp-content\/uploads\/2019\/05\/Asepta-228.jpg\" \/>\n\t<meta property=\"og:image:width\" content=\"1920\" \/>\n\t<meta property=\"og:image:height\" content=\"1146\" \/>\n\t<meta property=\"og:image:type\" content=\"image\/jpeg\" \/>\n<meta name=\"twitter:card\" content=\"summary_large_image\" \/>\n<meta name=\"twitter:site\" content=\"@laboasepta\" \/>\n<meta name=\"twitter:label1\" content=\"Tempo di lettura stimato\" \/>\n\t<meta name=\"twitter:data1\" content=\"1 minuto\" \/>\n<script type=\"application\/ld+json\" class=\"yoast-schema-graph\">{\"@context\":\"https:\\\/\\\/schema.org\",\"@graph\":[{\"@type\":\"WebPage\",\"@id\":\"https:\\\/\\\/www.asepta.com\\\/it\\\/il-laboratorio\\\/\",\"url\":\"https:\\\/\\\/www.asepta.com\\\/it\\\/il-laboratorio\\\/\",\"name\":\"Il Laboratorio - Laboratoires ASEPTA Monaco\",\"isPartOf\":{\"@id\":\"https:\\\/\\\/www.asepta.com\\\/it\\\/#website\"},\"primaryImageOfPage\":{\"@id\":\"https:\\\/\\\/www.asepta.com\\\/it\\\/il-laboratorio\\\/#primaryimage\"},\"image\":{\"@id\":\"https:\\\/\\\/www.asepta.com\\\/it\\\/il-laboratorio\\\/#primaryimage\"},\"thumbnailUrl\":\"https:\\\/\\\/www.asepta.com\\\/wp-content\\\/uploads\\\/2019\\\/05\\\/Asepta-228.jpg\",\"datePublished\":\"2014-07-01T14:43:07+00:00\",\"dateModified\":\"2019-07-19T12:10:45+00:00\",\"breadcrumb\":{\"@id\":\"https:\\\/\\\/www.asepta.com\\\/it\\\/il-laboratorio\\\/#breadcrumb\"},\"inLanguage\":\"it-IT\",\"potentialAction\":[{\"@type\":\"ReadAction\",\"target\":[\"https:\\\/\\\/www.asepta.com\\\/it\\\/il-laboratorio\\\/\"]}]},{\"@type\":\"ImageObject\",\"inLanguage\":\"it-IT\",\"@id\":\"https:\\\/\\\/www.asepta.com\\\/it\\\/il-laboratorio\\\/#primaryimage\",\"url\":\"https:\\\/\\\/www.asepta.com\\\/wp-content\\\/uploads\\\/2019\\\/05\\\/Asepta-228.jpg\",\"contentUrl\":\"https:\\\/\\\/www.asepta.com\\\/wp-content\\\/uploads\\\/2019\\\/05\\\/Asepta-228.jpg\",\"width\":1920,\"height\":1146},{\"@type\":\"BreadcrumbList\",\"@id\":\"https:\\\/\\\/www.asepta.com\\\/it\\\/il-laboratorio\\\/#breadcrumb\",\"itemListElement\":[{\"@type\":\"ListItem\",\"position\":1,\"name\":\"Accueil\",\"item\":\"https:\\\/\\\/www.asepta.com\\\/it\\\/\"},{\"@type\":\"ListItem\",\"position\":2,\"name\":\"Il Laboratorio\"}]},{\"@type\":\"WebSite\",\"@id\":\"https:\\\/\\\/www.asepta.com\\\/it\\\/#website\",\"url\":\"https:\\\/\\\/www.asepta.com\\\/it\\\/\",\"name\":\"Laboratoires ASEPTA Monaco\",\"description\":\"Sp\u00e9cialistes en Dermo-Cosm\u00e9tiques\",\"potentialAction\":[{\"@type\":\"SearchAction\",\"target\":{\"@type\":\"EntryPoint\",\"urlTemplate\":\"https:\\\/\\\/www.asepta.com\\\/it\\\/?s={search_term_string}\"},\"query-input\":{\"@type\":\"PropertyValueSpecification\",\"valueRequired\":true,\"valueName\":\"search_term_string\"}}],\"inLanguage\":\"it-IT\"}]}<\/script>\n<!-- \/ Yoast SEO plugin. -->","yoast_head_json":{"title":"Il Laboratorio - Laboratoires ASEPTA Monaco","robots":{"index":"index","follow":"follow","max-snippet":"max-snippet:-1","max-image-preview":"max-image-preview:large","max-video-preview":"max-video-preview:-1"},"canonical":"https:\/\/www.asepta.com\/it\/il-laboratorio\/","og_locale":"it_IT","og_type":"article","og_title":"Il Laboratorio - Laboratoires ASEPTA Monaco","og_description":"I LABORATOIRES ASEPTA producono e distribuiscono prodotti dermocosmetici da pi\u00f9 di 75 anni. Ideati e realizzati interamente nel Principato di Monaco, i prodotti ASEPTA sfruttano i pi\u00f9 recenti progressi della cosmetica. Il centro di Ricerca e Sviluppo e la politica aziendale di qualit\u00e0 e innovazione hanno permesso di creare con successo in Francia e nel [&hellip;]","og_url":"https:\/\/www.asepta.com\/it\/il-laboratorio\/","og_site_name":"Laboratoires ASEPTA Monaco","article_publisher":"https:\/\/www.facebook.com\/laboasepta\/","article_modified_time":"2019-07-19T12:10:45+00:00","og_image":[{"width":1920,"height":1146,"url":"https:\/\/www.asepta.com\/wp-content\/uploads\/2019\/05\/Asepta-228.jpg","type":"image\/jpeg"}],"twitter_card":"summary_large_image","twitter_site":"@laboasepta","twitter_misc":{"Tempo di lettura stimato":"1 minuto"},"schema":{"@context":"https:\/\/schema.org","@graph":[{"@type":"WebPage","@id":"https:\/\/www.asepta.com\/it\/il-laboratorio\/","url":"https:\/\/www.asepta.com\/it\/il-laboratorio\/","name":"Il Laboratorio - Laboratoires ASEPTA Monaco","isPartOf":{"@id":"https:\/\/www.asepta.com\/it\/#website"},"primaryImageOfPage":{"@id":"https:\/\/www.asepta.com\/it\/il-laboratorio\/#primaryimage"},"image":{"@id":"https:\/\/www.asepta.com\/it\/il-laboratorio\/#primaryimage"},"thumbnailUrl":"https:\/\/www.asepta.com\/wp-content\/uploads\/2019\/05\/Asepta-228.jpg","datePublished":"2014-07-01T14:43:07+00:00","dateModified":"2019-07-19T12:10:45+00:00","breadcrumb":{"@id":"https:\/\/www.asepta.com\/it\/il-laboratorio\/#breadcrumb"},"inLanguage":"it-IT","potentialAction":[{"@type":"ReadAction","target":["https:\/\/www.asepta.com\/it\/il-laboratorio\/"]}]},{"@type":"ImageObject","inLanguage":"it-IT","@id":"https:\/\/www.asepta.com\/it\/il-laboratorio\/#primaryimage","url":"https:\/\/www.asepta.com\/wp-content\/uploads\/2019\/05\/Asepta-228.jpg","contentUrl":"https:\/\/www.asepta.com\/wp-content\/uploads\/2019\/05\/Asepta-228.jpg","width":1920,"height":1146},{"@type":"BreadcrumbList","@id":"https:\/\/www.asepta.com\/it\/il-laboratorio\/#breadcrumb","itemListElement":[{"@type":"ListItem","position":1,"name":"Accueil","item":"https:\/\/www.asepta.com\/it\/"},{"@type":"ListItem","position":2,"name":"Il Laboratorio"}]},{"@type":"WebSite","@id":"https:\/\/www.asepta.com\/it\/#website","url":"https:\/\/www.asepta.com\/it\/","name":"Laboratoires ASEPTA Monaco","description":"Sp\u00e9cialistes en Dermo-Cosm\u00e9tiques","potentialAction":[{"@type":"SearchAction","target":{"@type":"EntryPoint","urlTemplate":"https:\/\/www.asepta.com\/it\/?s={search_term_string}"},"query-input":{"@type":"PropertyValueSpecification","valueRequired":true,"valueName":"search_term_string"}}],"inLanguage":"it-IT"}]}},"_links":{"self":[{"href":"https:\/\/www.asepta.com\/it\/wp-json\/wp\/v2\/pages\/10241","targetHints":{"allow":["GET"]}}],"collection":[{"href":"https:\/\/www.asepta.com\/it\/wp-json\/wp\/v2\/pages"}],"about":[{"href":"https:\/\/www.asepta.com\/it\/wp-json\/wp\/v2\/types\/page"}],"author":[{"embeddable":true,"href":"https:\/\/www.asepta.com\/it\/wp-json\/wp\/v2\/users\/1533"}],"replies":[{"embeddable":true,"href":"https:\/\/www.asepta.com\/it\/wp-json\/wp\/v2\/comments?post=10241"}],"version-history":[{"count":3,"href":"https:\/\/www.asepta.com\/it\/wp-json\/wp\/v2\/pages\/10241\/revisions"}],"predecessor-version":[{"id":11361,"href":"https:\/\/www.asepta.com\/it\/wp-json\/wp\/v2\/pages\/10241\/revisions\/11361"}],"wp:featuredmedia":[{"embeddable":true,"href":"https:\/\/www.asepta.com\/it\/wp-json\/wp\/v2\/media\/8425"}],"wp:attachment":[{"href":"https:\/\/www.asepta.com\/it\/wp-json\/wp\/v2\/media?parent=10241"}],"curies":[{"name":"wp","href":"https:\/\/api.w.org\/{rel}","templated":true}]}}