{"id":485,"date":"2023-07-04T09:00:48","date_gmt":"2023-07-04T08:00:48","guid":{"rendered":"http:\/\/asepta.com\/?post_type=product&#038;p=485"},"modified":"2026-02-03T16:19:27","modified_gmt":"2026-02-03T15:19:27","slug":"vernis-colores-silicium-tea-tree","status":"publish","type":"product","link":"https:\/\/www.asepta.com\/it\/prodotto\/vernis-colores-silicium-tea-tree\/","title":{"rendered":"VERNIS COLOR\u00c9S SILICIUM &#038; TEA TREE &#8211; ONGLES FRAGILES"},"content":{"rendered":"<p>Formul\u00e9s \u00e0 partir de solvants naturels<\/p>\n","protected":false},"excerpt":{"rendered":"<p>Formul\u00e9s \u00e0 partir de solvants naturels<\/p>\n","protected":false},"featured_media":868467,"comment_status":"open","ping_status":"closed","template":"","meta":{"_acf_changed":false},"product_brand":[],"product_cat":[32,33,70],"product_tag":[],"class_list":{"0":"post-485","1":"product","2":"type-product","3":"status-publish","4":"has-post-thumbnail","6":"product_cat-ecrinal","7":"product_cat-ongles-cils","8":"product_cat-soins-des-ongles","10":"first","11":"instock","12":"taxable","13":"shipping-taxable","14":"purchasable","15":"product-type-variable"},"acf":[],"yoast_head":"<!-- This site is optimized with the Yoast SEO plugin v27.3 - https:\/\/yoast.com\/product\/yoast-seo-wordpress\/ -->\n<title>VERNIS COLOR\u00c9S SILICIUM &amp; TEA TREE - ONGLES FRAGILES - Laboratoires ASEPTA Monaco<\/title>\n<meta name=\"robots\" content=\"index, follow, max-snippet:-1, max-image-preview:large, max-video-preview:-1\" \/>\n<link rel=\"canonical\" href=\"https:\/\/www.asepta.com\/it\/prodotto\/vernis-colores-silicium-tea-tree\/\" \/>\n<meta property=\"og:locale\" content=\"it_IT\" \/>\n<meta property=\"og:type\" content=\"article\" \/>\n<meta property=\"og:title\" content=\"VERNIS COLOR\u00c9S SILICIUM &amp; TEA TREE - ONGLES FRAGILES - Laboratoires ASEPTA Monaco\" \/>\n<meta property=\"og:description\" content=\"Formul\u00e9s \u00e0 partir de solvants naturels\" \/>\n<meta property=\"og:url\" content=\"https:\/\/www.asepta.com\/it\/prodotto\/vernis-colores-silicium-tea-tree\/\" \/>\n<meta property=\"og:site_name\" content=\"Laboratoires ASEPTA Monaco\" \/>\n<meta property=\"article:publisher\" content=\"https:\/\/www.facebook.com\/laboasepta\/\" \/>\n<meta property=\"article:modified_time\" content=\"2026-02-03T15:19:27+00:00\" \/>\n<meta property=\"og:image\" content=\"https:\/\/www.asepta.com\/wp-content\/uploads\/2026\/02\/14.png\" \/>\n\t<meta property=\"og:image:width\" content=\"1000\" \/>\n\t<meta property=\"og:image:height\" content=\"1000\" \/>\n\t<meta property=\"og:image:type\" content=\"image\/png\" \/>\n<meta name=\"twitter:card\" content=\"summary_large_image\" \/>\n<meta name=\"twitter:site\" content=\"@laboasepta\" \/>\n<meta name=\"twitter:label1\" content=\"Tempo di lettura stimato\" \/>\n\t<meta name=\"twitter:data1\" content=\"1 minuto\" \/>\n<script type=\"application\/ld+json\" class=\"yoast-schema-graph\">{\"@context\":\"https:\\\/\\\/schema.org\",\"@graph\":[{\"@type\":\"WebPage\",\"@id\":\"https:\\\/\\\/www.asepta.com\\\/it\\\/prodotto\\\/vernis-colores-silicium-tea-tree\\\/\",\"url\":\"https:\\\/\\\/www.asepta.com\\\/it\\\/prodotto\\\/vernis-colores-silicium-tea-tree\\\/\",\"name\":\"VERNIS COLOR\u00c9S SILICIUM & TEA TREE - ONGLES FRAGILES - Laboratoires ASEPTA Monaco\",\"isPartOf\":{\"@id\":\"https:\\\/\\\/www.asepta.com\\\/it\\\/#website\"},\"primaryImageOfPage\":{\"@id\":\"https:\\\/\\\/www.asepta.com\\\/it\\\/prodotto\\\/vernis-colores-silicium-tea-tree\\\/#primaryimage\"},\"image\":{\"@id\":\"https:\\\/\\\/www.asepta.com\\\/it\\\/prodotto\\\/vernis-colores-silicium-tea-tree\\\/#primaryimage\"},\"thumbnailUrl\":\"https:\\\/\\\/www.asepta.com\\\/wp-content\\\/uploads\\\/2026\\\/02\\\/14.png\",\"datePublished\":\"2023-07-04T08:00:48+00:00\",\"dateModified\":\"2026-02-03T15:19:27+00:00\",\"breadcrumb\":{\"@id\":\"https:\\\/\\\/www.asepta.com\\\/it\\\/prodotto\\\/vernis-colores-silicium-tea-tree\\\/#breadcrumb\"},\"inLanguage\":\"it-IT\",\"potentialAction\":[{\"@type\":\"ReadAction\",\"target\":[\"https:\\\/\\\/www.asepta.com\\\/it\\\/prodotto\\\/vernis-colores-silicium-tea-tree\\\/\"]}]},{\"@type\":\"ImageObject\",\"inLanguage\":\"it-IT\",\"@id\":\"https:\\\/\\\/www.asepta.com\\\/it\\\/prodotto\\\/vernis-colores-silicium-tea-tree\\\/#primaryimage\",\"url\":\"https:\\\/\\\/www.asepta.com\\\/wp-content\\\/uploads\\\/2026\\\/02\\\/14.png\",\"contentUrl\":\"https:\\\/\\\/www.asepta.com\\\/wp-content\\\/uploads\\\/2026\\\/02\\\/14.png\",\"width\":1000,\"height\":1000},{\"@type\":\"BreadcrumbList\",\"@id\":\"https:\\\/\\\/www.asepta.com\\\/it\\\/prodotto\\\/vernis-colores-silicium-tea-tree\\\/#breadcrumb\",\"itemListElement\":[{\"@type\":\"ListItem\",\"position\":1,\"name\":\"Accueil\",\"item\":\"https:\\\/\\\/www.asepta.com\\\/it\\\/\"},{\"@type\":\"ListItem\",\"position\":2,\"name\":\"Nos Produits\",\"item\":\"https:\\\/\\\/www.asepta.com\\\/it\\\/i-nostri-prodotti\\\/\"},{\"@type\":\"ListItem\",\"position\":3,\"name\":\"VERNIS COLOR\u00c9S SILICIUM &#038; TEA TREE &#8211; ONGLES FRAGILES\"}]},{\"@type\":\"WebSite\",\"@id\":\"https:\\\/\\\/www.asepta.com\\\/it\\\/#website\",\"url\":\"https:\\\/\\\/www.asepta.com\\\/it\\\/\",\"name\":\"Laboratoires ASEPTA Monaco\",\"description\":\"Sp\u00e9cialistes en Dermo-Cosm\u00e9tiques\",\"potentialAction\":[{\"@type\":\"SearchAction\",\"target\":{\"@type\":\"EntryPoint\",\"urlTemplate\":\"https:\\\/\\\/www.asepta.com\\\/it\\\/?s={search_term_string}\"},\"query-input\":{\"@type\":\"PropertyValueSpecification\",\"valueRequired\":true,\"valueName\":\"search_term_string\"}}],\"inLanguage\":\"it-IT\"}]}<\/script>\n<!-- \/ Yoast SEO plugin. -->","yoast_head_json":{"title":"VERNIS COLOR\u00c9S SILICIUM & TEA TREE - ONGLES FRAGILES - Laboratoires ASEPTA Monaco","robots":{"index":"index","follow":"follow","max-snippet":"max-snippet:-1","max-image-preview":"max-image-preview:large","max-video-preview":"max-video-preview:-1"},"canonical":"https:\/\/www.asepta.com\/it\/prodotto\/vernis-colores-silicium-tea-tree\/","og_locale":"it_IT","og_type":"article","og_title":"VERNIS COLOR\u00c9S SILICIUM & TEA TREE - ONGLES FRAGILES - Laboratoires ASEPTA Monaco","og_description":"Formul\u00e9s \u00e0 partir de solvants naturels","og_url":"https:\/\/www.asepta.com\/it\/prodotto\/vernis-colores-silicium-tea-tree\/","og_site_name":"Laboratoires ASEPTA Monaco","article_publisher":"https:\/\/www.facebook.com\/laboasepta\/","article_modified_time":"2026-02-03T15:19:27+00:00","og_image":[{"width":1000,"height":1000,"url":"https:\/\/www.asepta.com\/wp-content\/uploads\/2026\/02\/14.png","type":"image\/png"}],"twitter_card":"summary_large_image","twitter_site":"@laboasepta","twitter_misc":{"Tempo di lettura stimato":"1 minuto"},"schema":{"@context":"https:\/\/schema.org","@graph":[{"@type":"WebPage","@id":"https:\/\/www.asepta.com\/it\/prodotto\/vernis-colores-silicium-tea-tree\/","url":"https:\/\/www.asepta.com\/it\/prodotto\/vernis-colores-silicium-tea-tree\/","name":"VERNIS COLOR\u00c9S SILICIUM & TEA TREE - ONGLES FRAGILES - Laboratoires ASEPTA Monaco","isPartOf":{"@id":"https:\/\/www.asepta.com\/it\/#website"},"primaryImageOfPage":{"@id":"https:\/\/www.asepta.com\/it\/prodotto\/vernis-colores-silicium-tea-tree\/#primaryimage"},"image":{"@id":"https:\/\/www.asepta.com\/it\/prodotto\/vernis-colores-silicium-tea-tree\/#primaryimage"},"thumbnailUrl":"https:\/\/www.asepta.com\/wp-content\/uploads\/2026\/02\/14.png","datePublished":"2023-07-04T08:00:48+00:00","dateModified":"2026-02-03T15:19:27+00:00","breadcrumb":{"@id":"https:\/\/www.asepta.com\/it\/prodotto\/vernis-colores-silicium-tea-tree\/#breadcrumb"},"inLanguage":"it-IT","potentialAction":[{"@type":"ReadAction","target":["https:\/\/www.asepta.com\/it\/prodotto\/vernis-colores-silicium-tea-tree\/"]}]},{"@type":"ImageObject","inLanguage":"it-IT","@id":"https:\/\/www.asepta.com\/it\/prodotto\/vernis-colores-silicium-tea-tree\/#primaryimage","url":"https:\/\/www.asepta.com\/wp-content\/uploads\/2026\/02\/14.png","contentUrl":"https:\/\/www.asepta.com\/wp-content\/uploads\/2026\/02\/14.png","width":1000,"height":1000},{"@type":"BreadcrumbList","@id":"https:\/\/www.asepta.com\/it\/prodotto\/vernis-colores-silicium-tea-tree\/#breadcrumb","itemListElement":[{"@type":"ListItem","position":1,"name":"Accueil","item":"https:\/\/www.asepta.com\/it\/"},{"@type":"ListItem","position":2,"name":"Nos Produits","item":"https:\/\/www.asepta.com\/it\/i-nostri-prodotti\/"},{"@type":"ListItem","position":3,"name":"VERNIS COLOR\u00c9S SILICIUM &#038; TEA TREE &#8211; ONGLES FRAGILES"}]},{"@type":"WebSite","@id":"https:\/\/www.asepta.com\/it\/#website","url":"https:\/\/www.asepta.com\/it\/","name":"Laboratoires ASEPTA Monaco","description":"Sp\u00e9cialistes en Dermo-Cosm\u00e9tiques","potentialAction":[{"@type":"SearchAction","target":{"@type":"EntryPoint","urlTemplate":"https:\/\/www.asepta.com\/it\/?s={search_term_string}"},"query-input":{"@type":"PropertyValueSpecification","valueRequired":true,"valueName":"search_term_string"}}],"inLanguage":"it-IT"}]}},"_links":{"self":[{"href":"https:\/\/www.asepta.com\/it\/wp-json\/wp\/v2\/product\/485","targetHints":{"allow":["GET"]}}],"collection":[{"href":"https:\/\/www.asepta.com\/it\/wp-json\/wp\/v2\/product"}],"about":[{"href":"https:\/\/www.asepta.com\/it\/wp-json\/wp\/v2\/types\/product"}],"replies":[{"embeddable":true,"href":"https:\/\/www.asepta.com\/it\/wp-json\/wp\/v2\/comments?post=485"}],"wp:featuredmedia":[{"embeddable":true,"href":"https:\/\/www.asepta.com\/it\/wp-json\/wp\/v2\/media\/868467"}],"wp:attachment":[{"href":"https:\/\/www.asepta.com\/it\/wp-json\/wp\/v2\/media?parent=485"}],"wp:term":[{"taxonomy":"product_brand","embeddable":true,"href":"https:\/\/www.asepta.com\/it\/wp-json\/wp\/v2\/product_brand?post=485"},{"taxonomy":"product_cat","embeddable":true,"href":"https:\/\/www.asepta.com\/it\/wp-json\/wp\/v2\/product_cat?post=485"},{"taxonomy":"product_tag","embeddable":true,"href":"https:\/\/www.asepta.com\/it\/wp-json\/wp\/v2\/product_tag?post=485"}],"curies":[{"name":"wp","href":"https:\/\/api.w.org\/{rel}","templated":true}]}}