{"id":839888,"date":"2022-04-22T08:49:22","date_gmt":"2022-04-22T07:49:22","guid":{"rendered":"https:\/\/asepta.com\/?page_id=839888"},"modified":"2022-05-12T11:48:19","modified_gmt":"2022-05-12T10:48:19","slug":"asepta-70-years-of-history-nl","status":"publish","type":"page","link":"https:\/\/www.asepta.com\/nl\/het-laboratorium\/asepta-70-years-of-history-nl\/","title":{"rendered":"ASEPTA, 75 JAAR GESCHIEDENIS"},"content":{"rendered":"<p>De geschiedenis van de LABORATOIRES ASEPTA is nauw verbonden met het Vorstendom Monaco en zijn Casino.<\/p>\n<p>Eind jaren dertig deden de kroupiers van het Casino van Monte-Carlo een nogal origineel verzoek aan een apotheker uit Monaco, Henri ADAM: een cr\u00e8me tegen voetpijn. Deze kroupiers die urenlang rechtstonden op de tapijten van de speelzaal, hadden een doeltreffend middel nodig om hun pijn te verlichten.<\/p>\n<p>Hij ontwikkelde toen een formule op basis van een verzachtende plant genaamd duizendblad. Het merk AKILE\u00cfNE\u00ae was geboren!<\/p>\n<p>De LABORATOIRES ASEPTA waren het resultaat van de ontmoeting tussen Henri ADAM en Paul LACROIX, die in januari 1942 in Monaco aan het werk gingen door het lot als gevolg van de tweede wereldoorlog. In die tijd werd het oprichtersteam ook aangevuld door Henri MAS, een jeugdvriend van Paul LACROIX.<\/p>\n<p>De start van ASEPTA verliep traag omdat in de naoorlogse periode weinig consumenten belangstelling hadden voor comfortproducten. Paul LACROIX en Henri MAS zijn er echter beetje bij beetje in geslaagd met succes de apotheken aan de C\u00f4te d&#8217;Azur en vervolgens die in Parijs en Straatsburg te bezoeken. Zij zijn er uiteindelijk in geslaagd om in een trage economische context de vraag naar een ongewoon product te cre\u00ebren.<\/p>\n<p>In 1952 werd VITA CITRAL\u00ae door de LABORATOIRES ASEPTA ontwikkeld voor de verzorging van de handen. Dit nieuwe merk zorgde voor een diversificatie van de activiteiten van het Laboratorium en twintig jaar later lanceerde het een nieuw gamma voor de verzorging van haar, nagels en wimpers: ECRINAL\u00ae. De gelaatsverzorging werd niet vergeten met het verschijnen van COUP D&#8217;ECLAT\u00ae in 1977 dankzij de onge\u00ebvenaarde en revolutionaire liftende ampul!<\/p>\n<p>In 1993 innoveerden de laboratoires met de lancering van het eerste voetverzorgingsproduct voor diabetici: AKILDIA.<\/p>\n<p>Vandaag de dag produceren de LABORATOIRES ASEPTA meer dan 6 miljoen \u00e9\u00e9nheden per jaar en heeft het zich met AKILE\u00cfNE\u00ae, SPORTS AKILE\u00cfNE\u00ae en ECRINAL\u00ae gevestigd als leider in de Franse apotheken.<\/p>\n<p>Meer dan 75 jaar na hun oprichting produceren de LABORATOIRES ASEPTA, een onafhankelijk bedrijf dat door de families van de oprichters wordt geleid, in het Prinsdom Monaco, dermo-cosmetische gamma&#8217;s die een internationale reputatie hebben verworven.<\/p>\n<p>&#8220;Kwaliteit en innovatie&#8221; is altijd het motto geweest van het laboratorium, dat dankzij zijn talrijke octrooien en innovaties \u00e9\u00e9n van de dynamische partners is van de moderne dermo-apotheek en cosmetica. Dit is erkend door de talrijke onderscheidingen: Norex Prize (1988), Best Brand Award (1989), Riviera Trade Club (1997), Export Leader (1999), Monaco Business Award (2000), Label Eureka (2005), Troph\u00e9e Club Eco de Monaco (2013) en de Troph\u00e9e Femmes de L&#8217;Economie (2015).<\/p>\n<p>Vandaag tellen de LABORATOIRES ASEPTA meer dan 200 werknemers in een moderne structuur die beantwoordt aan de internationale cosmetische normen. Hun wereldwijde aanwezigheid strekt zich uit over meer dan 60 landen op vijf continenten, dankzij een netwerk van verdelers, versterkt met dochterondernemingen in 5 landen: Duitsland, Belgi\u00eb, Zwitserland, Tunesi\u00eb en Canada.<\/p>\n","protected":false},"excerpt":{"rendered":"<p>De geschiedenis van de LABORATOIRES ASEPTA is nauw verbonden met het Vorstendom Monaco en zijn Casino. Eind jaren dertig deden de kroupiers van het Casino van Monte-Carlo een nogal origineel verzoek aan een apotheker uit Monaco, Henri ADAM: een cr\u00e8me tegen voetpijn. Deze kroupiers die urenlang rechtstonden op de tapijten van de speelzaal, hadden een [&hellip;]<\/p>\n","protected":false},"author":3,"featured_media":839890,"parent":839878,"menu_order":75,"comment_status":"closed","ping_status":"closed","template":"","meta":{"_acf_changed":false,"footnotes":""},"class_list":["post-839888","page","type-page","status-publish","has-post-thumbnail","hentry"],"acf":[],"yoast_head":"<!-- This site is optimized with the Yoast SEO plugin v27.5 - https:\/\/yoast.com\/product\/yoast-seo-wordpress\/ -->\n<title>ASEPTA, 75 JAAR GESCHIEDENIS - Laboratoires ASEPTA Monaco<\/title>\n<meta name=\"robots\" content=\"index, follow, max-snippet:-1, max-image-preview:large, max-video-preview:-1\" \/>\n<link rel=\"canonical\" href=\"https:\/\/www.asepta.com\/nl\/het-laboratorium\/asepta-70-years-of-history-nl\/\" \/>\n<meta property=\"og:locale\" content=\"nl_NL\" \/>\n<meta property=\"og:type\" content=\"article\" \/>\n<meta property=\"og:title\" content=\"ASEPTA, 75 JAAR GESCHIEDENIS - Laboratoires ASEPTA Monaco\" \/>\n<meta property=\"og:description\" content=\"De geschiedenis van de LABORATOIRES ASEPTA is nauw verbonden met het Vorstendom Monaco en zijn Casino. Eind jaren dertig deden de kroupiers van het Casino van Monte-Carlo een nogal origineel verzoek aan een apotheker uit Monaco, Henri ADAM: een cr\u00e8me tegen voetpijn. Deze kroupiers die urenlang rechtstonden op de tapijten van de speelzaal, hadden een [&hellip;]\" \/>\n<meta property=\"og:url\" content=\"https:\/\/www.asepta.com\/nl\/het-laboratorium\/asepta-70-years-of-history-nl\/\" \/>\n<meta property=\"og:site_name\" content=\"Laboratoires ASEPTA Monaco\" \/>\n<meta property=\"article:publisher\" content=\"https:\/\/www.facebook.com\/laboasepta\/\" \/>\n<meta property=\"article:modified_time\" content=\"2022-05-12T10:48:19+00:00\" \/>\n<meta property=\"og:image\" content=\"https:\/\/www.asepta.com\/wp-content\/uploads\/2014\/08\/photo-1950.jpg\" \/>\n\t<meta property=\"og:image:width\" content=\"1950\" \/>\n\t<meta property=\"og:image:height\" content=\"1299\" \/>\n\t<meta property=\"og:image:type\" content=\"image\/jpeg\" \/>\n<meta name=\"twitter:card\" content=\"summary_large_image\" \/>\n<meta name=\"twitter:site\" content=\"@laboasepta\" \/>\n<meta name=\"twitter:label1\" content=\"Geschatte leestijd\" \/>\n\t<meta name=\"twitter:data1\" content=\"2 minuut\" \/>\n<script type=\"application\/ld+json\" class=\"yoast-schema-graph\">{\"@context\":\"https:\\\/\\\/schema.org\",\"@graph\":[{\"@type\":\"WebPage\",\"@id\":\"https:\\\/\\\/www.asepta.com\\\/nl\\\/het-laboratorium\\\/asepta-70-years-of-history-nl\\\/\",\"url\":\"https:\\\/\\\/www.asepta.com\\\/nl\\\/het-laboratorium\\\/asepta-70-years-of-history-nl\\\/\",\"name\":\"ASEPTA, 75 JAAR GESCHIEDENIS - Laboratoires ASEPTA Monaco\",\"isPartOf\":{\"@id\":\"https:\\\/\\\/www.asepta.com\\\/nl\\\/#website\"},\"primaryImageOfPage\":{\"@id\":\"https:\\\/\\\/www.asepta.com\\\/nl\\\/het-laboratorium\\\/asepta-70-years-of-history-nl\\\/#primaryimage\"},\"image\":{\"@id\":\"https:\\\/\\\/www.asepta.com\\\/nl\\\/het-laboratorium\\\/asepta-70-years-of-history-nl\\\/#primaryimage\"},\"thumbnailUrl\":\"https:\\\/\\\/www.asepta.com\\\/wp-content\\\/uploads\\\/2014\\\/08\\\/photo-1950.jpg\",\"datePublished\":\"2022-04-22T07:49:22+00:00\",\"dateModified\":\"2022-05-12T10:48:19+00:00\",\"breadcrumb\":{\"@id\":\"https:\\\/\\\/www.asepta.com\\\/nl\\\/het-laboratorium\\\/asepta-70-years-of-history-nl\\\/#breadcrumb\"},\"inLanguage\":\"nl-NL\",\"potentialAction\":[{\"@type\":\"ReadAction\",\"target\":[\"https:\\\/\\\/www.asepta.com\\\/nl\\\/het-laboratorium\\\/asepta-70-years-of-history-nl\\\/\"]}]},{\"@type\":\"ImageObject\",\"inLanguage\":\"nl-NL\",\"@id\":\"https:\\\/\\\/www.asepta.com\\\/nl\\\/het-laboratorium\\\/asepta-70-years-of-history-nl\\\/#primaryimage\",\"url\":\"https:\\\/\\\/www.asepta.com\\\/wp-content\\\/uploads\\\/2014\\\/08\\\/photo-1950.jpg\",\"contentUrl\":\"https:\\\/\\\/www.asepta.com\\\/wp-content\\\/uploads\\\/2014\\\/08\\\/photo-1950.jpg\",\"width\":1950,\"height\":1299},{\"@type\":\"BreadcrumbList\",\"@id\":\"https:\\\/\\\/www.asepta.com\\\/nl\\\/het-laboratorium\\\/asepta-70-years-of-history-nl\\\/#breadcrumb\",\"itemListElement\":[{\"@type\":\"ListItem\",\"position\":1,\"name\":\"Accueil\",\"item\":\"https:\\\/\\\/www.asepta.com\\\/nl\\\/\"},{\"@type\":\"ListItem\",\"position\":2,\"name\":\"Het Laboratorium\",\"item\":\"https:\\\/\\\/www.asepta.com\\\/nl\\\/het-laboratorium\\\/\"},{\"@type\":\"ListItem\",\"position\":3,\"name\":\"ASEPTA, 75 JAAR GESCHIEDENIS\"}]},{\"@type\":\"WebSite\",\"@id\":\"https:\\\/\\\/www.asepta.com\\\/nl\\\/#website\",\"url\":\"https:\\\/\\\/www.asepta.com\\\/nl\\\/\",\"name\":\"Laboratoires ASEPTA Monaco\",\"description\":\"Sp\u00e9cialistes en Dermo-Cosm\u00e9tiques\",\"potentialAction\":[{\"@type\":\"SearchAction\",\"target\":{\"@type\":\"EntryPoint\",\"urlTemplate\":\"https:\\\/\\\/www.asepta.com\\\/nl\\\/?s={search_term_string}\"},\"query-input\":{\"@type\":\"PropertyValueSpecification\",\"valueRequired\":true,\"valueName\":\"search_term_string\"}}],\"inLanguage\":\"nl-NL\"}]}<\/script>\n<!-- \/ Yoast SEO plugin. -->","yoast_head_json":{"title":"ASEPTA, 75 JAAR GESCHIEDENIS - Laboratoires ASEPTA Monaco","robots":{"index":"index","follow":"follow","max-snippet":"max-snippet:-1","max-image-preview":"max-image-preview:large","max-video-preview":"max-video-preview:-1"},"canonical":"https:\/\/www.asepta.com\/nl\/het-laboratorium\/asepta-70-years-of-history-nl\/","og_locale":"nl_NL","og_type":"article","og_title":"ASEPTA, 75 JAAR GESCHIEDENIS - Laboratoires ASEPTA Monaco","og_description":"De geschiedenis van de LABORATOIRES ASEPTA is nauw verbonden met het Vorstendom Monaco en zijn Casino. Eind jaren dertig deden de kroupiers van het Casino van Monte-Carlo een nogal origineel verzoek aan een apotheker uit Monaco, Henri ADAM: een cr\u00e8me tegen voetpijn. Deze kroupiers die urenlang rechtstonden op de tapijten van de speelzaal, hadden een [&hellip;]","og_url":"https:\/\/www.asepta.com\/nl\/het-laboratorium\/asepta-70-years-of-history-nl\/","og_site_name":"Laboratoires ASEPTA Monaco","article_publisher":"https:\/\/www.facebook.com\/laboasepta\/","article_modified_time":"2022-05-12T10:48:19+00:00","og_image":[{"width":1950,"height":1299,"url":"https:\/\/www.asepta.com\/wp-content\/uploads\/2014\/08\/photo-1950.jpg","type":"image\/jpeg"}],"twitter_card":"summary_large_image","twitter_site":"@laboasepta","twitter_misc":{"Geschatte leestijd":"2 minuut"},"schema":{"@context":"https:\/\/schema.org","@graph":[{"@type":"WebPage","@id":"https:\/\/www.asepta.com\/nl\/het-laboratorium\/asepta-70-years-of-history-nl\/","url":"https:\/\/www.asepta.com\/nl\/het-laboratorium\/asepta-70-years-of-history-nl\/","name":"ASEPTA, 75 JAAR GESCHIEDENIS - Laboratoires ASEPTA Monaco","isPartOf":{"@id":"https:\/\/www.asepta.com\/nl\/#website"},"primaryImageOfPage":{"@id":"https:\/\/www.asepta.com\/nl\/het-laboratorium\/asepta-70-years-of-history-nl\/#primaryimage"},"image":{"@id":"https:\/\/www.asepta.com\/nl\/het-laboratorium\/asepta-70-years-of-history-nl\/#primaryimage"},"thumbnailUrl":"https:\/\/www.asepta.com\/wp-content\/uploads\/2014\/08\/photo-1950.jpg","datePublished":"2022-04-22T07:49:22+00:00","dateModified":"2022-05-12T10:48:19+00:00","breadcrumb":{"@id":"https:\/\/www.asepta.com\/nl\/het-laboratorium\/asepta-70-years-of-history-nl\/#breadcrumb"},"inLanguage":"nl-NL","potentialAction":[{"@type":"ReadAction","target":["https:\/\/www.asepta.com\/nl\/het-laboratorium\/asepta-70-years-of-history-nl\/"]}]},{"@type":"ImageObject","inLanguage":"nl-NL","@id":"https:\/\/www.asepta.com\/nl\/het-laboratorium\/asepta-70-years-of-history-nl\/#primaryimage","url":"https:\/\/www.asepta.com\/wp-content\/uploads\/2014\/08\/photo-1950.jpg","contentUrl":"https:\/\/www.asepta.com\/wp-content\/uploads\/2014\/08\/photo-1950.jpg","width":1950,"height":1299},{"@type":"BreadcrumbList","@id":"https:\/\/www.asepta.com\/nl\/het-laboratorium\/asepta-70-years-of-history-nl\/#breadcrumb","itemListElement":[{"@type":"ListItem","position":1,"name":"Accueil","item":"https:\/\/www.asepta.com\/nl\/"},{"@type":"ListItem","position":2,"name":"Het Laboratorium","item":"https:\/\/www.asepta.com\/nl\/het-laboratorium\/"},{"@type":"ListItem","position":3,"name":"ASEPTA, 75 JAAR GESCHIEDENIS"}]},{"@type":"WebSite","@id":"https:\/\/www.asepta.com\/nl\/#website","url":"https:\/\/www.asepta.com\/nl\/","name":"Laboratoires ASEPTA Monaco","description":"Sp\u00e9cialistes en Dermo-Cosm\u00e9tiques","potentialAction":[{"@type":"SearchAction","target":{"@type":"EntryPoint","urlTemplate":"https:\/\/www.asepta.com\/nl\/?s={search_term_string}"},"query-input":{"@type":"PropertyValueSpecification","valueRequired":true,"valueName":"search_term_string"}}],"inLanguage":"nl-NL"}]}},"_links":{"self":[{"href":"https:\/\/www.asepta.com\/nl\/wp-json\/wp\/v2\/pages\/839888","targetHints":{"allow":["GET"]}}],"collection":[{"href":"https:\/\/www.asepta.com\/nl\/wp-json\/wp\/v2\/pages"}],"about":[{"href":"https:\/\/www.asepta.com\/nl\/wp-json\/wp\/v2\/types\/page"}],"author":[{"embeddable":true,"href":"https:\/\/www.asepta.com\/nl\/wp-json\/wp\/v2\/users\/3"}],"replies":[{"embeddable":true,"href":"https:\/\/www.asepta.com\/nl\/wp-json\/wp\/v2\/comments?post=839888"}],"version-history":[{"count":3,"href":"https:\/\/www.asepta.com\/nl\/wp-json\/wp\/v2\/pages\/839888\/revisions"}],"predecessor-version":[{"id":840018,"href":"https:\/\/www.asepta.com\/nl\/wp-json\/wp\/v2\/pages\/839888\/revisions\/840018"}],"up":[{"embeddable":true,"href":"https:\/\/www.asepta.com\/nl\/wp-json\/wp\/v2\/pages\/839878"}],"wp:featuredmedia":[{"embeddable":true,"href":"https:\/\/www.asepta.com\/nl\/wp-json\/wp\/v2\/media\/839890"}],"wp:attachment":[{"href":"https:\/\/www.asepta.com\/nl\/wp-json\/wp\/v2\/media?parent=839888"}],"curies":[{"name":"wp","href":"https:\/\/api.w.org\/{rel}","templated":true}]}}