{"id":10202,"date":"2014-12-22T17:13:17","date_gmt":"2014-12-22T16:13:17","guid":{"rendered":"http:\/\/asepta.com\/mentions-legales\/"},"modified":"2019-10-15T08:30:09","modified_gmt":"2019-10-15T07:30:09","slug":"mencoes-legais","status":"publish","type":"page","link":"https:\/\/www.asepta.com\/pt-pt\/mencoes-legais\/","title":{"rendered":"MEN\u00c7\u00d5ES LEGAIS"},"content":{"rendered":"<p>IOS LABORAT\u00d3RIOS ASEPTA<\/p>\n<p>Sociedade An\u00f3nima Monegasca com um capital de 1 520 000 \u20ac<\/p>\n<p>Cuja sede se situa em 1-3 avenue Albert II \u2013 Fontvieille \u2013 98000 PRINCIPADO DO M\u00d3NACO<\/p>\n<p>Telefone: +377 92 05 75 51<\/p>\n<p>email: laboratoires@asepta.mc<\/p>\n<p>Inscrita no RCI do M\u00f3naco com o n\u00famero 56 S 00055<\/p>\n<p>N\u00famero Fiscal: FR 06 00000 3102<\/p>\n<p>Dirigente da Sociedade: Anne-Marie NOIR, Diretora Presidente Geral<\/p>\n<p>Diretor de Publica\u00e7\u00e3o : Brice FROMION, Diretor de Exporta\u00e7\u00e3o<\/p>\n<p>O s\u00edtio da web foi concebido e realizado por:<\/p>\n<p>FEDERALL, S.A.R.L. Testa, Fedenucci &#038; Canepari com um capital de 32 000 \u20ac<\/p>\n<p>Cuja sede se situa em 41 Avenue Hector Otto \u2013 Le Patio Palace \u2013 98000 PRINCIPADO DO M\u00d3NACO<\/p>\n<p>Telefone: +377 99 99 99 97<\/p>\n<p>Inscrita no RCI do M\u00f3naco com o n\u00famero 03 S 04144<\/p>\n<p>N\u00famero Fiscal: FR 10 0000 63890<\/p>\n<p>O site \u00e9 hospedado por:<\/p>\n<p>MONACO TELECOM S.A.M.<\/p>\n<p>Sociedade An\u00f3nima Monegasca com um capital de 1 687 640 \u20ac<\/p>\n<p>Cuja sede situada em 25 bd de Suisse &#8211; BP 377 &#8211; 98008 MONACO CEDEX.<br \/>\nTelefone: +377 99 66 33 00<\/p>\n<p>Inscrita no RCI do M\u00f3naco com o n\u00famero 97 S 03277<\/p>\n<p>N\u00famero Fiscal: FR 73 0000 42183<\/p>\n<p>          Propriedade Intelectual<br \/>\nAs diferentes marcas e log\u00f3tipos presentes no site www.asepta.com s\u00e3o marcas de propriedade dos LABORAT\u00d3RIOS ASEPTA. N\u00e3o ser\u00e3o atribu\u00eddos direitos ou licen\u00e7as de utiliza\u00e7\u00e3o de qualquer uma das marcas ou log\u00f3tipos referidos neste site, que, em consequ\u00eancia n\u00e3o podem ser usados sem o pr\u00e9vio consentimento por escrito por parte do propriet\u00e1rio.<\/p>\n<p>N\u00e3o \u00e9 permitida qualquer reprodu\u00e7\u00e3o de documentos publicados no site salvo para fins de informa\u00e7\u00e3o exclusivamente privada. A utiliza\u00e7\u00e3o para fins comerciais \u00e9 expressamente interdita salvo com consentimento por escrito por parte dos LABORAT\u00d3RIOS ASEPTA.<\/p>\n<p>Os LABORAT\u00d3RIOS ASEPTA reservam-se o direito de apresentar queixa contra qualquer viola\u00e7\u00e3o dos seus direitos de propriedade intelectual, nomeadamente atrav\u00e9s de um processo criminal.<\/p>\n<p>          Inform\u00e1tica e Liberdades<br \/>\nEm conformidade com a lei \u00abInform\u00e1tica e Liberdades\u00bb n\u00b078-17 de 6 de janeiro de 1978 e n\u00b0 2004-801 de 6 de agosto 2004, qualquer indiv\u00edduo que tenha deixado suas informa\u00e7\u00f5es de contacto ou outros dados pessoais no site www.asepta.com tem um direito individual \u00e0 oposi\u00e7\u00e3o, acesso e rectifica\u00e7\u00e3o. Pode exercer estes direitos, enviando o seu pedido por email para laboratoires@asepta.mc ou por correio postal para LABORAT\u00d3RIOS ASEPTA &#8211; Servi\u00e7o Jur\u00eddico &#8211; 1-3 avenue Albert II \u2013 BP 649, MC 98013 MONACO CEDEX.<\/p>\n<p>Os LABORAT\u00d3RIOS ASEPTA reservam-se o direito de a qualquer momento modificar, rescindir ou suspender o acesso a todo ou parte do site e n\u00e3o pode ser considerada respons\u00e1vel pelas consequ\u00eancias de tais mudan\u00e7as.<\/p>\n<p>As presentes men\u00e7\u00f5es legais regem-se pela lei francesa e qualquer controv\u00e9rsia ser\u00e1 submetida aos tribunais competentes de Fran\u00e7a.<\/p>\n<p>          Responsabilidade<br \/>\nOs LABORAT\u00d3RIOS ASEPTA n\u00e3o s\u00e3o respons\u00e1veis pela exatid\u00e3o, erros ou omiss\u00f5es contidas no presente site.  As fotografias dos produtos das diferentes gamas dos LABORAT\u00d3RIOS neste site n\u00e3o s\u00e3o contratuais.  N\u00e3o \u00e9 dada nenhuma garantia quanto \u00e0 precis\u00e3o ou totalidade das informa\u00e7\u00f5es publicadas no site Internet online.<\/p>\n<p>Os LABORAT\u00d3RIOS ASEPTA n\u00e3o oferecem nenhuma garantia e n\u00e3o assumem nenhuma responsabilidade que possa resultar do acesso ou utiliza\u00e7\u00e3o do site, incluindo qualquer dano ou v\u00edrus que possam infectar o equipamento inform\u00e1tico do utilizador.<\/p>\n<p>O utilizador concorda em n\u00e3o transmitir neste site qualquer informa\u00e7\u00e3o que possa envolver responsabilidade civil ou criminal. Como tal, compromete-se a n\u00e3o divulgar informa\u00e7\u00f5es ilegais ou contr\u00e1rias \u00e0 ordem p\u00fablica ou difama\u00e7\u00f5es, atrav\u00e9s deste site.<\/p>\n<p>Todos os sites da web exteriores aos LABORAT\u00d3RIOS ASEPTA mencionados e liga\u00e7\u00e3o hipertextual no site www.asepta.com n\u00e3o s\u00e3o da responsabilidade dos LABORAT\u00d3RIOS ASEPTA.  Em consequ\u00eancia, os LABORAT\u00d3RIOS ASEPTA recusam qualquer responsabilidade sobre o seu conte\u00fado. Estas liga\u00e7\u00f5es a outros sites n\u00e3o constituem em caso algum uma aprova\u00e7\u00e3o ou parceria entre os LABORAT\u00d3RIOS ASEPTA e estes sites da web, estando estes sujeitos \u00e0s suas pr\u00f3prias condi\u00e7\u00f5es de utiliza\u00e7\u00e3o e pol\u00edticas de prote\u00e7\u00e3o de privacidade. Al\u00e9m disso, nenhuma pessoa ou empresa est\u00e1 autorizada a inserir um hiperliga\u00e7\u00e3o textual que fa\u00e7a um redirecionamento para o site www.asepta.com sem o consentimento expresso dos LABORAT\u00d3RIOS ASEPTA.<\/p>\n","protected":false},"excerpt":{"rendered":"<p>IOS LABORAT\u00d3RIOS ASEPTA Sociedade An\u00f3nima Monegasca com um capital de 1 520 000 \u20ac Cuja sede se situa em 1-3 avenue Albert II \u2013 Fontvieille \u2013 98000 PRINCIPADO DO M\u00d3NACO Telefone: +377 92 05 75 51 email: laboratoires@asepta.mc Inscrita no RCI do M\u00f3naco com o n\u00famero 56 S 00055 N\u00famero Fiscal: FR 06 00000 3102 [&hellip;]<\/p>\n","protected":false},"author":3,"featured_media":8546,"parent":0,"menu_order":45,"comment_status":"closed","ping_status":"closed","template":"","meta":{"_acf_changed":false,"footnotes":""},"class_list":["post-10202","page","type-page","status-publish","has-post-thumbnail","hentry"],"acf":[],"yoast_head":"<!-- This site is optimized with the Yoast SEO plugin v27.5 - https:\/\/yoast.com\/product\/yoast-seo-wordpress\/ -->\n<title>MEN\u00c7\u00d5ES LEGAIS - Laboratoires ASEPTA Monaco<\/title>\n<meta name=\"robots\" content=\"noindex, nofollow\" \/>\n<meta property=\"og:locale\" content=\"pt_PT\" \/>\n<meta property=\"og:type\" content=\"article\" \/>\n<meta property=\"og:title\" content=\"MEN\u00c7\u00d5ES LEGAIS - Laboratoires ASEPTA Monaco\" \/>\n<meta property=\"og:description\" content=\"IOS LABORAT\u00d3RIOS ASEPTA Sociedade An\u00f3nima Monegasca com um capital de 1 520 000 \u20ac Cuja sede se situa em 1-3 avenue Albert II \u2013 Fontvieille \u2013 98000 PRINCIPADO DO M\u00d3NACO Telefone: +377 92 05 75 51 email: laboratoires@asepta.mc Inscrita no RCI do M\u00f3naco com o n\u00famero 56 S 00055 N\u00famero Fiscal: FR 06 00000 3102 [&hellip;]\" \/>\n<meta property=\"og:url\" content=\"https:\/\/www.asepta.com\/pt-pt\/mencoes-legais\/\" \/>\n<meta property=\"og:site_name\" content=\"Laboratoires ASEPTA Monaco\" \/>\n<meta property=\"article:publisher\" content=\"https:\/\/www.facebook.com\/laboasepta\/\" \/>\n<meta property=\"article:modified_time\" content=\"2019-10-15T07:30:09+00:00\" \/>\n<meta property=\"og:image\" content=\"https:\/\/www.asepta.com\/wp-content\/uploads\/2019\/05\/mediterranean-sea-2742232_1920.jpg\" \/>\n\t<meta property=\"og:image:width\" content=\"1920\" \/>\n\t<meta property=\"og:image:height\" content=\"1440\" \/>\n\t<meta property=\"og:image:type\" content=\"image\/jpeg\" \/>\n<meta name=\"twitter:card\" content=\"summary_large_image\" \/>\n<meta name=\"twitter:site\" content=\"@laboasepta\" \/>\n<meta name=\"twitter:label1\" content=\"Tempo estimado de leitura\" \/>\n\t<meta name=\"twitter:data1\" content=\"4 minutos\" \/>\n<script type=\"application\/ld+json\" class=\"yoast-schema-graph\">{\"@context\":\"https:\\\/\\\/schema.org\",\"@graph\":[{\"@type\":\"WebPage\",\"@id\":\"https:\\\/\\\/www.asepta.com\\\/pt-pt\\\/mencoes-legais\\\/\",\"url\":\"https:\\\/\\\/www.asepta.com\\\/pt-pt\\\/mencoes-legais\\\/\",\"name\":\"MEN\u00c7\u00d5ES LEGAIS - Laboratoires ASEPTA Monaco\",\"isPartOf\":{\"@id\":\"https:\\\/\\\/www.asepta.com\\\/pt-pt\\\/#website\"},\"primaryImageOfPage\":{\"@id\":\"https:\\\/\\\/www.asepta.com\\\/pt-pt\\\/mencoes-legais\\\/#primaryimage\"},\"image\":{\"@id\":\"https:\\\/\\\/www.asepta.com\\\/pt-pt\\\/mencoes-legais\\\/#primaryimage\"},\"thumbnailUrl\":\"https:\\\/\\\/www.asepta.com\\\/wp-content\\\/uploads\\\/2019\\\/05\\\/mediterranean-sea-2742232_1920.jpg\",\"datePublished\":\"2014-12-22T16:13:17+00:00\",\"dateModified\":\"2019-10-15T07:30:09+00:00\",\"breadcrumb\":{\"@id\":\"https:\\\/\\\/www.asepta.com\\\/pt-pt\\\/mencoes-legais\\\/#breadcrumb\"},\"inLanguage\":\"pt-PT\",\"potentialAction\":[{\"@type\":\"ReadAction\",\"target\":[\"https:\\\/\\\/www.asepta.com\\\/pt-pt\\\/mencoes-legais\\\/\"]}]},{\"@type\":\"ImageObject\",\"inLanguage\":\"pt-PT\",\"@id\":\"https:\\\/\\\/www.asepta.com\\\/pt-pt\\\/mencoes-legais\\\/#primaryimage\",\"url\":\"https:\\\/\\\/www.asepta.com\\\/wp-content\\\/uploads\\\/2019\\\/05\\\/mediterranean-sea-2742232_1920.jpg\",\"contentUrl\":\"https:\\\/\\\/www.asepta.com\\\/wp-content\\\/uploads\\\/2019\\\/05\\\/mediterranean-sea-2742232_1920.jpg\",\"width\":1920,\"height\":1440},{\"@type\":\"BreadcrumbList\",\"@id\":\"https:\\\/\\\/www.asepta.com\\\/pt-pt\\\/mencoes-legais\\\/#breadcrumb\",\"itemListElement\":[{\"@type\":\"ListItem\",\"position\":1,\"name\":\"Accueil\",\"item\":\"https:\\\/\\\/www.asepta.com\\\/pt-pt\\\/\"},{\"@type\":\"ListItem\",\"position\":2,\"name\":\"MEN\u00c7\u00d5ES LEGAIS\"}]},{\"@type\":\"WebSite\",\"@id\":\"https:\\\/\\\/www.asepta.com\\\/pt-pt\\\/#website\",\"url\":\"https:\\\/\\\/www.asepta.com\\\/pt-pt\\\/\",\"name\":\"Laboratoires ASEPTA Monaco\",\"description\":\"Sp\u00e9cialistes en Dermo-Cosm\u00e9tiques\",\"potentialAction\":[{\"@type\":\"SearchAction\",\"target\":{\"@type\":\"EntryPoint\",\"urlTemplate\":\"https:\\\/\\\/www.asepta.com\\\/pt-pt\\\/?s={search_term_string}\"},\"query-input\":{\"@type\":\"PropertyValueSpecification\",\"valueRequired\":true,\"valueName\":\"search_term_string\"}}],\"inLanguage\":\"pt-PT\"}]}<\/script>\n<!-- \/ Yoast SEO plugin. -->","yoast_head_json":{"title":"MEN\u00c7\u00d5ES LEGAIS - Laboratoires ASEPTA Monaco","robots":{"index":"noindex","follow":"nofollow"},"og_locale":"pt_PT","og_type":"article","og_title":"MEN\u00c7\u00d5ES LEGAIS - Laboratoires ASEPTA Monaco","og_description":"IOS LABORAT\u00d3RIOS ASEPTA Sociedade An\u00f3nima Monegasca com um capital de 1 520 000 \u20ac Cuja sede se situa em 1-3 avenue Albert II \u2013 Fontvieille \u2013 98000 PRINCIPADO DO M\u00d3NACO Telefone: +377 92 05 75 51 email: laboratoires@asepta.mc Inscrita no RCI do M\u00f3naco com o n\u00famero 56 S 00055 N\u00famero Fiscal: FR 06 00000 3102 [&hellip;]","og_url":"https:\/\/www.asepta.com\/pt-pt\/mencoes-legais\/","og_site_name":"Laboratoires ASEPTA Monaco","article_publisher":"https:\/\/www.facebook.com\/laboasepta\/","article_modified_time":"2019-10-15T07:30:09+00:00","og_image":[{"width":1920,"height":1440,"url":"https:\/\/www.asepta.com\/wp-content\/uploads\/2019\/05\/mediterranean-sea-2742232_1920.jpg","type":"image\/jpeg"}],"twitter_card":"summary_large_image","twitter_site":"@laboasepta","twitter_misc":{"Tempo estimado de leitura":"4 minutos"},"schema":{"@context":"https:\/\/schema.org","@graph":[{"@type":"WebPage","@id":"https:\/\/www.asepta.com\/pt-pt\/mencoes-legais\/","url":"https:\/\/www.asepta.com\/pt-pt\/mencoes-legais\/","name":"MEN\u00c7\u00d5ES LEGAIS - Laboratoires ASEPTA Monaco","isPartOf":{"@id":"https:\/\/www.asepta.com\/pt-pt\/#website"},"primaryImageOfPage":{"@id":"https:\/\/www.asepta.com\/pt-pt\/mencoes-legais\/#primaryimage"},"image":{"@id":"https:\/\/www.asepta.com\/pt-pt\/mencoes-legais\/#primaryimage"},"thumbnailUrl":"https:\/\/www.asepta.com\/wp-content\/uploads\/2019\/05\/mediterranean-sea-2742232_1920.jpg","datePublished":"2014-12-22T16:13:17+00:00","dateModified":"2019-10-15T07:30:09+00:00","breadcrumb":{"@id":"https:\/\/www.asepta.com\/pt-pt\/mencoes-legais\/#breadcrumb"},"inLanguage":"pt-PT","potentialAction":[{"@type":"ReadAction","target":["https:\/\/www.asepta.com\/pt-pt\/mencoes-legais\/"]}]},{"@type":"ImageObject","inLanguage":"pt-PT","@id":"https:\/\/www.asepta.com\/pt-pt\/mencoes-legais\/#primaryimage","url":"https:\/\/www.asepta.com\/wp-content\/uploads\/2019\/05\/mediterranean-sea-2742232_1920.jpg","contentUrl":"https:\/\/www.asepta.com\/wp-content\/uploads\/2019\/05\/mediterranean-sea-2742232_1920.jpg","width":1920,"height":1440},{"@type":"BreadcrumbList","@id":"https:\/\/www.asepta.com\/pt-pt\/mencoes-legais\/#breadcrumb","itemListElement":[{"@type":"ListItem","position":1,"name":"Accueil","item":"https:\/\/www.asepta.com\/pt-pt\/"},{"@type":"ListItem","position":2,"name":"MEN\u00c7\u00d5ES LEGAIS"}]},{"@type":"WebSite","@id":"https:\/\/www.asepta.com\/pt-pt\/#website","url":"https:\/\/www.asepta.com\/pt-pt\/","name":"Laboratoires ASEPTA Monaco","description":"Sp\u00e9cialistes en Dermo-Cosm\u00e9tiques","potentialAction":[{"@type":"SearchAction","target":{"@type":"EntryPoint","urlTemplate":"https:\/\/www.asepta.com\/pt-pt\/?s={search_term_string}"},"query-input":{"@type":"PropertyValueSpecification","valueRequired":true,"valueName":"search_term_string"}}],"inLanguage":"pt-PT"}]}},"_links":{"self":[{"href":"https:\/\/www.asepta.com\/pt-pt\/wp-json\/wp\/v2\/pages\/10202","targetHints":{"allow":["GET"]}}],"collection":[{"href":"https:\/\/www.asepta.com\/pt-pt\/wp-json\/wp\/v2\/pages"}],"about":[{"href":"https:\/\/www.asepta.com\/pt-pt\/wp-json\/wp\/v2\/types\/page"}],"author":[{"embeddable":true,"href":"https:\/\/www.asepta.com\/pt-pt\/wp-json\/wp\/v2\/users\/3"}],"replies":[{"embeddable":true,"href":"https:\/\/www.asepta.com\/pt-pt\/wp-json\/wp\/v2\/comments?post=10202"}],"version-history":[{"count":4,"href":"https:\/\/www.asepta.com\/pt-pt\/wp-json\/wp\/v2\/pages\/10202\/revisions"}],"predecessor-version":[{"id":12049,"href":"https:\/\/www.asepta.com\/pt-pt\/wp-json\/wp\/v2\/pages\/10202\/revisions\/12049"}],"wp:featuredmedia":[{"embeddable":true,"href":"https:\/\/www.asepta.com\/pt-pt\/wp-json\/wp\/v2\/media\/8546"}],"wp:attachment":[{"href":"https:\/\/www.asepta.com\/pt-pt\/wp-json\/wp\/v2\/media?parent=10202"}],"curies":[{"name":"wp","href":"https:\/\/api.w.org\/{rel}","templated":true}]}}