{"id":10207,"date":"2014-08-12T08:51:22","date_gmt":"2014-08-12T07:51:22","guid":{"rendered":"http:\/\/asepta.com\/ou-nous-trouver\/"},"modified":"2022-06-03T11:26:14","modified_gmt":"2022-06-03T10:26:14","slug":"onde-encontra-os-nossos-produtos","status":"publish","type":"page","link":"https:\/\/www.asepta.com\/pt-pt\/onde-encontra-os-nossos-produtos\/","title":{"rendered":"Onde encontra os nossos produtos ?"},"content":{"rendered":"<p>Todos os produtos das gamas AKILE\u00cfNE\u00ae, COUP D\u2019ECLAT\u00ae, D\u2019\u00c2ME NATURE\u00ae, ECRINAL\u00ae et VITA CITRAL\u00ae encontram-se dispon\u00edveis em Fran\u00e7a em farm\u00e1cias, parafarm\u00e1cias e espa\u00e7os de sa\u00fade.<\/p>\n<p>Pode comunicar o n\u00famero ACL (ver na p\u00e1gina do produto em quest\u00e3o) para facilitar a procura de um produto se este estiver indispon\u00edvel.<\/p>\n<p>Para saber as coordenadas do ponto de venda mais pr\u00f3ximo de si em Fran\u00e7a, pode contactar-nos atrav\u00e9s da R\u00fabrica Contacto.<\/p>\n<p>Descubra tamb\u00e9m a nossa presen\u00e7a internacional <a href=\"https:\/\/asepta.com\/pt-pt\/o-laboratorio\/asepta-en-el-mundo\/\">aqui<\/a>.<\/p>\n","protected":false},"excerpt":{"rendered":"<p>Todos os produtos das gamas AKILE\u00cfNE\u00ae, COUP D\u2019ECLAT\u00ae, D\u2019\u00c2ME NATURE\u00ae, ECRINAL\u00ae et VITA CITRAL\u00ae encontram-se dispon\u00edveis em Fran\u00e7a em farm\u00e1cias, parafarm\u00e1cias e espa\u00e7os de sa\u00fade. Pode comunicar o n\u00famero ACL (ver na p\u00e1gina do produto em quest\u00e3o) para facilitar a procura de um produto se este estiver indispon\u00edvel. Para saber as coordenadas do ponto de [&hellip;]<\/p>\n","protected":false},"author":1533,"featured_media":8481,"parent":0,"menu_order":99,"comment_status":"closed","ping_status":"closed","template":"","meta":{"_acf_changed":false,"footnotes":""},"class_list":["post-10207","page","type-page","status-publish","has-post-thumbnail","hentry"],"acf":[],"yoast_head":"<!-- This site is optimized with the Yoast SEO plugin v27.5 - https:\/\/yoast.com\/product\/yoast-seo-wordpress\/ -->\n<title>Onde encontra os nossos produtos ? - Laboratoires ASEPTA Monaco<\/title>\n<meta name=\"robots\" content=\"index, follow, max-snippet:-1, max-image-preview:large, max-video-preview:-1\" \/>\n<link rel=\"canonical\" href=\"https:\/\/www.asepta.com\/pt-pt\/onde-encontra-os-nossos-produtos\/\" \/>\n<meta property=\"og:locale\" content=\"pt_PT\" \/>\n<meta property=\"og:type\" content=\"article\" \/>\n<meta property=\"og:title\" content=\"Onde encontra os nossos produtos ? - Laboratoires ASEPTA Monaco\" \/>\n<meta property=\"og:description\" content=\"Todos os produtos das gamas AKILE\u00cfNE\u00ae, COUP D\u2019ECLAT\u00ae, D\u2019\u00c2ME NATURE\u00ae, ECRINAL\u00ae et VITA CITRAL\u00ae encontram-se dispon\u00edveis em Fran\u00e7a em farm\u00e1cias, parafarm\u00e1cias e espa\u00e7os de sa\u00fade. Pode comunicar o n\u00famero ACL (ver na p\u00e1gina do produto em quest\u00e3o) para facilitar a procura de um produto se este estiver indispon\u00edvel. Para saber as coordenadas do ponto de [&hellip;]\" \/>\n<meta property=\"og:url\" content=\"https:\/\/www.asepta.com\/pt-pt\/onde-encontra-os-nossos-produtos\/\" \/>\n<meta property=\"og:site_name\" content=\"Laboratoires ASEPTA Monaco\" \/>\n<meta property=\"article:publisher\" content=\"https:\/\/www.facebook.com\/laboasepta\/\" \/>\n<meta property=\"article:modified_time\" content=\"2022-06-03T10:26:14+00:00\" \/>\n<meta property=\"og:image\" content=\"https:\/\/www.asepta.com\/wp-content\/uploads\/2019\/05\/localisation.jpg\" \/>\n\t<meta property=\"og:image:width\" content=\"1920\" \/>\n\t<meta property=\"og:image:height\" content=\"1003\" \/>\n\t<meta property=\"og:image:type\" content=\"image\/jpeg\" \/>\n<meta name=\"twitter:card\" content=\"summary_large_image\" \/>\n<meta name=\"twitter:site\" content=\"@laboasepta\" \/>\n<script type=\"application\/ld+json\" class=\"yoast-schema-graph\">{\"@context\":\"https:\\\/\\\/schema.org\",\"@graph\":[{\"@type\":\"WebPage\",\"@id\":\"https:\\\/\\\/www.asepta.com\\\/pt-pt\\\/onde-encontra-os-nossos-produtos\\\/\",\"url\":\"https:\\\/\\\/www.asepta.com\\\/pt-pt\\\/onde-encontra-os-nossos-produtos\\\/\",\"name\":\"Onde encontra os nossos produtos ? - Laboratoires ASEPTA Monaco\",\"isPartOf\":{\"@id\":\"https:\\\/\\\/www.asepta.com\\\/pt-pt\\\/#website\"},\"primaryImageOfPage\":{\"@id\":\"https:\\\/\\\/www.asepta.com\\\/pt-pt\\\/onde-encontra-os-nossos-produtos\\\/#primaryimage\"},\"image\":{\"@id\":\"https:\\\/\\\/www.asepta.com\\\/pt-pt\\\/onde-encontra-os-nossos-produtos\\\/#primaryimage\"},\"thumbnailUrl\":\"https:\\\/\\\/www.asepta.com\\\/wp-content\\\/uploads\\\/2019\\\/05\\\/localisation.jpg\",\"datePublished\":\"2014-08-12T07:51:22+00:00\",\"dateModified\":\"2022-06-03T10:26:14+00:00\",\"breadcrumb\":{\"@id\":\"https:\\\/\\\/www.asepta.com\\\/pt-pt\\\/onde-encontra-os-nossos-produtos\\\/#breadcrumb\"},\"inLanguage\":\"pt-PT\",\"potentialAction\":[{\"@type\":\"ReadAction\",\"target\":[\"https:\\\/\\\/www.asepta.com\\\/pt-pt\\\/onde-encontra-os-nossos-produtos\\\/\"]}]},{\"@type\":\"ImageObject\",\"inLanguage\":\"pt-PT\",\"@id\":\"https:\\\/\\\/www.asepta.com\\\/pt-pt\\\/onde-encontra-os-nossos-produtos\\\/#primaryimage\",\"url\":\"https:\\\/\\\/www.asepta.com\\\/wp-content\\\/uploads\\\/2019\\\/05\\\/localisation.jpg\",\"contentUrl\":\"https:\\\/\\\/www.asepta.com\\\/wp-content\\\/uploads\\\/2019\\\/05\\\/localisation.jpg\",\"width\":1920,\"height\":1003},{\"@type\":\"BreadcrumbList\",\"@id\":\"https:\\\/\\\/www.asepta.com\\\/pt-pt\\\/onde-encontra-os-nossos-produtos\\\/#breadcrumb\",\"itemListElement\":[{\"@type\":\"ListItem\",\"position\":1,\"name\":\"Accueil\",\"item\":\"https:\\\/\\\/www.asepta.com\\\/pt-pt\\\/\"},{\"@type\":\"ListItem\",\"position\":2,\"name\":\"Onde encontra os nossos produtos ?\"}]},{\"@type\":\"WebSite\",\"@id\":\"https:\\\/\\\/www.asepta.com\\\/pt-pt\\\/#website\",\"url\":\"https:\\\/\\\/www.asepta.com\\\/pt-pt\\\/\",\"name\":\"Laboratoires ASEPTA Monaco\",\"description\":\"Sp\u00e9cialistes en Dermo-Cosm\u00e9tiques\",\"potentialAction\":[{\"@type\":\"SearchAction\",\"target\":{\"@type\":\"EntryPoint\",\"urlTemplate\":\"https:\\\/\\\/www.asepta.com\\\/pt-pt\\\/?s={search_term_string}\"},\"query-input\":{\"@type\":\"PropertyValueSpecification\",\"valueRequired\":true,\"valueName\":\"search_term_string\"}}],\"inLanguage\":\"pt-PT\"}]}<\/script>\n<!-- \/ Yoast SEO plugin. -->","yoast_head_json":{"title":"Onde encontra os nossos produtos ? - Laboratoires ASEPTA Monaco","robots":{"index":"index","follow":"follow","max-snippet":"max-snippet:-1","max-image-preview":"max-image-preview:large","max-video-preview":"max-video-preview:-1"},"canonical":"https:\/\/www.asepta.com\/pt-pt\/onde-encontra-os-nossos-produtos\/","og_locale":"pt_PT","og_type":"article","og_title":"Onde encontra os nossos produtos ? - Laboratoires ASEPTA Monaco","og_description":"Todos os produtos das gamas AKILE\u00cfNE\u00ae, COUP D\u2019ECLAT\u00ae, D\u2019\u00c2ME NATURE\u00ae, ECRINAL\u00ae et VITA CITRAL\u00ae encontram-se dispon\u00edveis em Fran\u00e7a em farm\u00e1cias, parafarm\u00e1cias e espa\u00e7os de sa\u00fade. Pode comunicar o n\u00famero ACL (ver na p\u00e1gina do produto em quest\u00e3o) para facilitar a procura de um produto se este estiver indispon\u00edvel. Para saber as coordenadas do ponto de [&hellip;]","og_url":"https:\/\/www.asepta.com\/pt-pt\/onde-encontra-os-nossos-produtos\/","og_site_name":"Laboratoires ASEPTA Monaco","article_publisher":"https:\/\/www.facebook.com\/laboasepta\/","article_modified_time":"2022-06-03T10:26:14+00:00","og_image":[{"width":1920,"height":1003,"url":"https:\/\/www.asepta.com\/wp-content\/uploads\/2019\/05\/localisation.jpg","type":"image\/jpeg"}],"twitter_card":"summary_large_image","twitter_site":"@laboasepta","schema":{"@context":"https:\/\/schema.org","@graph":[{"@type":"WebPage","@id":"https:\/\/www.asepta.com\/pt-pt\/onde-encontra-os-nossos-produtos\/","url":"https:\/\/www.asepta.com\/pt-pt\/onde-encontra-os-nossos-produtos\/","name":"Onde encontra os nossos produtos ? - Laboratoires ASEPTA Monaco","isPartOf":{"@id":"https:\/\/www.asepta.com\/pt-pt\/#website"},"primaryImageOfPage":{"@id":"https:\/\/www.asepta.com\/pt-pt\/onde-encontra-os-nossos-produtos\/#primaryimage"},"image":{"@id":"https:\/\/www.asepta.com\/pt-pt\/onde-encontra-os-nossos-produtos\/#primaryimage"},"thumbnailUrl":"https:\/\/www.asepta.com\/wp-content\/uploads\/2019\/05\/localisation.jpg","datePublished":"2014-08-12T07:51:22+00:00","dateModified":"2022-06-03T10:26:14+00:00","breadcrumb":{"@id":"https:\/\/www.asepta.com\/pt-pt\/onde-encontra-os-nossos-produtos\/#breadcrumb"},"inLanguage":"pt-PT","potentialAction":[{"@type":"ReadAction","target":["https:\/\/www.asepta.com\/pt-pt\/onde-encontra-os-nossos-produtos\/"]}]},{"@type":"ImageObject","inLanguage":"pt-PT","@id":"https:\/\/www.asepta.com\/pt-pt\/onde-encontra-os-nossos-produtos\/#primaryimage","url":"https:\/\/www.asepta.com\/wp-content\/uploads\/2019\/05\/localisation.jpg","contentUrl":"https:\/\/www.asepta.com\/wp-content\/uploads\/2019\/05\/localisation.jpg","width":1920,"height":1003},{"@type":"BreadcrumbList","@id":"https:\/\/www.asepta.com\/pt-pt\/onde-encontra-os-nossos-produtos\/#breadcrumb","itemListElement":[{"@type":"ListItem","position":1,"name":"Accueil","item":"https:\/\/www.asepta.com\/pt-pt\/"},{"@type":"ListItem","position":2,"name":"Onde encontra os nossos produtos ?"}]},{"@type":"WebSite","@id":"https:\/\/www.asepta.com\/pt-pt\/#website","url":"https:\/\/www.asepta.com\/pt-pt\/","name":"Laboratoires ASEPTA Monaco","description":"Sp\u00e9cialistes en Dermo-Cosm\u00e9tiques","potentialAction":[{"@type":"SearchAction","target":{"@type":"EntryPoint","urlTemplate":"https:\/\/www.asepta.com\/pt-pt\/?s={search_term_string}"},"query-input":{"@type":"PropertyValueSpecification","valueRequired":true,"valueName":"search_term_string"}}],"inLanguage":"pt-PT"}]}},"_links":{"self":[{"href":"https:\/\/www.asepta.com\/pt-pt\/wp-json\/wp\/v2\/pages\/10207","targetHints":{"allow":["GET"]}}],"collection":[{"href":"https:\/\/www.asepta.com\/pt-pt\/wp-json\/wp\/v2\/pages"}],"about":[{"href":"https:\/\/www.asepta.com\/pt-pt\/wp-json\/wp\/v2\/types\/page"}],"author":[{"embeddable":true,"href":"https:\/\/www.asepta.com\/pt-pt\/wp-json\/wp\/v2\/users\/1533"}],"replies":[{"embeddable":true,"href":"https:\/\/www.asepta.com\/pt-pt\/wp-json\/wp\/v2\/comments?post=10207"}],"version-history":[{"count":3,"href":"https:\/\/www.asepta.com\/pt-pt\/wp-json\/wp\/v2\/pages\/10207\/revisions"}],"predecessor-version":[{"id":842327,"href":"https:\/\/www.asepta.com\/pt-pt\/wp-json\/wp\/v2\/pages\/10207\/revisions\/842327"}],"wp:featuredmedia":[{"embeddable":true,"href":"https:\/\/www.asepta.com\/pt-pt\/wp-json\/wp\/v2\/media\/8481"}],"wp:attachment":[{"href":"https:\/\/www.asepta.com\/pt-pt\/wp-json\/wp\/v2\/media?parent=10207"}],"curies":[{"name":"wp","href":"https:\/\/api.w.org\/{rel}","templated":true}]}}