{"id":10232,"date":"2014-08-12T08:50:06","date_gmt":"2014-08-12T07:50:06","guid":{"rendered":"http:\/\/asepta.com\/notre-histoire\/"},"modified":"2020-01-21T10:44:51","modified_gmt":"2020-01-21T09:44:51","slug":"asepta-75-anos-de-historia","status":"publish","type":"page","link":"https:\/\/www.asepta.com\/pt-pt\/o-laboratorio\/asepta-75-anos-de-historia\/","title":{"rendered":"ASEPTA : 75 anos de hist\u00f3ria"},"content":{"rendered":"<p>A hist\u00f3ria dos LABORAT\u00d3RIOS ASEPTA encontra-se fortemente ligada ao Principado do M\u00f3naco e mais particularmente ao seu Casino.<\/p>\n<p style=\"text-align: justify;\">No fim dos anos 30, os croupiers do Casino de Monte-Carlo fazem um pedido original a um Farmac\u00eautico: um creme contra as dores nos p\u00e9s. Estes croupiers que podiam ficam ficar horas em p\u00e9 sobre as carpetes da sala de jogos t\u00eam na realidade necessidade de um rem\u00e9dio eficaz para os aliviar.<\/p>\n<p style=\"text-align: justify;\">Henri ADAM que tinha acabado de ceder a sua Farm\u00e1cia Inglesa a Charles CAMPORA e Paul LACROIX, desenvolve de seguida uma f\u00f3rmula baseada numa planta de amolecimento chamada achillea. Em 1947, a marca AKILE\u00cfNE\u00ae \u00e9 arquivada e a saga pode ent\u00e3o come\u00e7ar.<\/p>\n<p>Nessa \u00e9poca, a equipa fundadora \u00e9 tamb\u00e9m completada por Henri MAS, amigo de inf\u00e2ncia de Paul LACROIX.<br \/>\nO arranque da ASEPTA foi lento pois poucos consumidores estavam interessados em produtos de conforto nesse per\u00edodo de p\u00f3s-guerra. No entanto, Paul LACROIX e Henri MAS conseguem angariar gradualmente e com sucesso farm\u00e1cias da C\u00f4te d&#8217;Azur, depois de Paris e de Estrasburgo. Conseguem finalmente criar uma demanda para um produto n\u00e3o habitual num contexto econ\u00f3mico em c\u00e2mara lenta.<\/p>\n<p>Em 1952, a VITA CITRAL\u00ae \u00e9 criada pelos LABORAT\u00d3RIOS ASEPTA e interessa-se pelos cuidados das m\u00e3os. Esta nova marca vem diversificar as atividades do Laborat\u00f3rio que lan\u00e7a 20 anos depois uma nova gama para cuidados da ectoderme (cabelos, unhas e pestanas): ECRINAL\u00ae. Os tratamentos de rosto n\u00e3o s\u00e3o esquecidos com a apari\u00e7\u00e3o do COUP D&#8217;ECLAT\u00ae em 1977 com a inigual\u00e1vel e revolucion\u00e1ria ampola de lifting.<\/p>\n<p>Hoje em dia, os LABORAT\u00d3RIOS ASEPTA produzem mais de 6 milh\u00f5es de unidades por ano e souberam impor-se como l\u00edderes nas farm\u00e1cias francesas para tratamentos podol\u00f3gicos gra\u00e7as \u00e0 AKILE\u00cfNE\u00ae, assim como os tratamentos de unhas com a ECRINAL\u00ae.<\/p>\n<p>Mais de 75 anos ap\u00f3s a sua cria\u00e7\u00e3o, os LABORAT\u00d3RIOS ASEPTA, sempre independentes e dirigidos pelas fam\u00edlias dos fundadores, constituem um grupo fabricante no Principado do M\u00f3naco de in\u00fameras gamas dermocosm\u00e9ticas.<\/p>\n<p style=\"text-align: justify;\">Empregam mais de 200 pessoas numa estrutura moderna regulada pelas normas internacionais de cosm\u00e9tica. A sua presen\u00e7a mundial estende-se a mais de 60 pa\u00edses nos cinco continentes gra\u00e7as a uma rede de distribuidores refor\u00e7ada por filiais em 5 pa\u00edses: Alemanha, B\u00e9lgica, Su\u00ed\u00e7a, Tun\u00edsia e Canad\u00e1.<\/p>\n","protected":false},"excerpt":{"rendered":"<p>A hist\u00f3ria dos LABORAT\u00d3RIOS ASEPTA encontra-se fortemente ligada ao Principado do M\u00f3naco e mais particularmente ao seu Casino. No fim dos anos 30, os croupiers do Casino de Monte-Carlo fazem um pedido original a um Farmac\u00eautico: um creme contra as dores nos p\u00e9s. Estes croupiers que podiam ficam ficar horas em p\u00e9 sobre as carpetes [&hellip;]<\/p>\n","protected":false},"author":1533,"featured_media":5086,"parent":10242,"menu_order":73,"comment_status":"closed","ping_status":"closed","template":"","meta":{"_acf_changed":false,"footnotes":""},"class_list":["post-10232","page","type-page","status-publish","has-post-thumbnail","hentry"],"acf":[],"yoast_head":"<!-- This site is optimized with the Yoast SEO plugin v27.5 - https:\/\/yoast.com\/product\/yoast-seo-wordpress\/ -->\n<title>ASEPTA : 75 anos de hist\u00f3ria - Laboratoires ASEPTA Monaco<\/title>\n<meta name=\"robots\" content=\"index, follow, max-snippet:-1, max-image-preview:large, max-video-preview:-1\" \/>\n<link rel=\"canonical\" href=\"https:\/\/www.asepta.com\/pt-pt\/o-laboratorio\/asepta-75-anos-de-historia\/\" \/>\n<meta property=\"og:locale\" content=\"pt_PT\" \/>\n<meta property=\"og:type\" content=\"article\" \/>\n<meta property=\"og:title\" content=\"ASEPTA : 75 anos de hist\u00f3ria - Laboratoires ASEPTA Monaco\" \/>\n<meta property=\"og:description\" content=\"A hist\u00f3ria dos LABORAT\u00d3RIOS ASEPTA encontra-se fortemente ligada ao Principado do M\u00f3naco e mais particularmente ao seu Casino. No fim dos anos 30, os croupiers do Casino de Monte-Carlo fazem um pedido original a um Farmac\u00eautico: um creme contra as dores nos p\u00e9s. Estes croupiers que podiam ficam ficar horas em p\u00e9 sobre as carpetes [&hellip;]\" \/>\n<meta property=\"og:url\" content=\"https:\/\/www.asepta.com\/pt-pt\/o-laboratorio\/asepta-75-anos-de-historia\/\" \/>\n<meta property=\"og:site_name\" content=\"Laboratoires ASEPTA Monaco\" \/>\n<meta property=\"article:publisher\" content=\"https:\/\/www.facebook.com\/laboasepta\/\" \/>\n<meta property=\"article:modified_time\" content=\"2020-01-21T09:44:51+00:00\" \/>\n<meta property=\"og:image\" content=\"https:\/\/www.asepta.com\/wp-content\/uploads\/2014\/08\/photo-1950.jpg\" \/>\n\t<meta property=\"og:image:width\" content=\"1950\" \/>\n\t<meta property=\"og:image:height\" content=\"1299\" \/>\n\t<meta property=\"og:image:type\" content=\"image\/jpeg\" \/>\n<meta name=\"twitter:card\" content=\"summary_large_image\" \/>\n<meta name=\"twitter:site\" content=\"@laboasepta\" \/>\n<meta name=\"twitter:label1\" content=\"Tempo estimado de leitura\" \/>\n\t<meta name=\"twitter:data1\" content=\"2 minutos\" \/>\n<script type=\"application\/ld+json\" class=\"yoast-schema-graph\">{\"@context\":\"https:\\\/\\\/schema.org\",\"@graph\":[{\"@type\":\"WebPage\",\"@id\":\"https:\\\/\\\/www.asepta.com\\\/pt-pt\\\/o-laboratorio\\\/asepta-75-anos-de-historia\\\/\",\"url\":\"https:\\\/\\\/www.asepta.com\\\/pt-pt\\\/o-laboratorio\\\/asepta-75-anos-de-historia\\\/\",\"name\":\"ASEPTA : 75 anos de hist\u00f3ria - Laboratoires ASEPTA Monaco\",\"isPartOf\":{\"@id\":\"https:\\\/\\\/www.asepta.com\\\/pt-pt\\\/#website\"},\"primaryImageOfPage\":{\"@id\":\"https:\\\/\\\/www.asepta.com\\\/pt-pt\\\/o-laboratorio\\\/asepta-75-anos-de-historia\\\/#primaryimage\"},\"image\":{\"@id\":\"https:\\\/\\\/www.asepta.com\\\/pt-pt\\\/o-laboratorio\\\/asepta-75-anos-de-historia\\\/#primaryimage\"},\"thumbnailUrl\":\"https:\\\/\\\/www.asepta.com\\\/wp-content\\\/uploads\\\/2014\\\/08\\\/photo-1950.jpg\",\"datePublished\":\"2014-08-12T07:50:06+00:00\",\"dateModified\":\"2020-01-21T09:44:51+00:00\",\"breadcrumb\":{\"@id\":\"https:\\\/\\\/www.asepta.com\\\/pt-pt\\\/o-laboratorio\\\/asepta-75-anos-de-historia\\\/#breadcrumb\"},\"inLanguage\":\"pt-PT\",\"potentialAction\":[{\"@type\":\"ReadAction\",\"target\":[\"https:\\\/\\\/www.asepta.com\\\/pt-pt\\\/o-laboratorio\\\/asepta-75-anos-de-historia\\\/\"]}]},{\"@type\":\"ImageObject\",\"inLanguage\":\"pt-PT\",\"@id\":\"https:\\\/\\\/www.asepta.com\\\/pt-pt\\\/o-laboratorio\\\/asepta-75-anos-de-historia\\\/#primaryimage\",\"url\":\"https:\\\/\\\/www.asepta.com\\\/wp-content\\\/uploads\\\/2014\\\/08\\\/photo-1950.jpg\",\"contentUrl\":\"https:\\\/\\\/www.asepta.com\\\/wp-content\\\/uploads\\\/2014\\\/08\\\/photo-1950.jpg\",\"width\":1950,\"height\":1299},{\"@type\":\"BreadcrumbList\",\"@id\":\"https:\\\/\\\/www.asepta.com\\\/pt-pt\\\/o-laboratorio\\\/asepta-75-anos-de-historia\\\/#breadcrumb\",\"itemListElement\":[{\"@type\":\"ListItem\",\"position\":1,\"name\":\"Accueil\",\"item\":\"https:\\\/\\\/www.asepta.com\\\/pt-pt\\\/\"},{\"@type\":\"ListItem\",\"position\":2,\"name\":\"O Laborat\u00f3rio\",\"item\":\"https:\\\/\\\/www.asepta.com\\\/pt-pt\\\/o-laboratorio\\\/\"},{\"@type\":\"ListItem\",\"position\":3,\"name\":\"ASEPTA : 75 anos de hist\u00f3ria\"}]},{\"@type\":\"WebSite\",\"@id\":\"https:\\\/\\\/www.asepta.com\\\/pt-pt\\\/#website\",\"url\":\"https:\\\/\\\/www.asepta.com\\\/pt-pt\\\/\",\"name\":\"Laboratoires ASEPTA Monaco\",\"description\":\"Sp\u00e9cialistes en Dermo-Cosm\u00e9tiques\",\"potentialAction\":[{\"@type\":\"SearchAction\",\"target\":{\"@type\":\"EntryPoint\",\"urlTemplate\":\"https:\\\/\\\/www.asepta.com\\\/pt-pt\\\/?s={search_term_string}\"},\"query-input\":{\"@type\":\"PropertyValueSpecification\",\"valueRequired\":true,\"valueName\":\"search_term_string\"}}],\"inLanguage\":\"pt-PT\"}]}<\/script>\n<!-- \/ Yoast SEO plugin. -->","yoast_head_json":{"title":"ASEPTA : 75 anos de hist\u00f3ria - Laboratoires ASEPTA Monaco","robots":{"index":"index","follow":"follow","max-snippet":"max-snippet:-1","max-image-preview":"max-image-preview:large","max-video-preview":"max-video-preview:-1"},"canonical":"https:\/\/www.asepta.com\/pt-pt\/o-laboratorio\/asepta-75-anos-de-historia\/","og_locale":"pt_PT","og_type":"article","og_title":"ASEPTA : 75 anos de hist\u00f3ria - Laboratoires ASEPTA Monaco","og_description":"A hist\u00f3ria dos LABORAT\u00d3RIOS ASEPTA encontra-se fortemente ligada ao Principado do M\u00f3naco e mais particularmente ao seu Casino. No fim dos anos 30, os croupiers do Casino de Monte-Carlo fazem um pedido original a um Farmac\u00eautico: um creme contra as dores nos p\u00e9s. Estes croupiers que podiam ficam ficar horas em p\u00e9 sobre as carpetes [&hellip;]","og_url":"https:\/\/www.asepta.com\/pt-pt\/o-laboratorio\/asepta-75-anos-de-historia\/","og_site_name":"Laboratoires ASEPTA Monaco","article_publisher":"https:\/\/www.facebook.com\/laboasepta\/","article_modified_time":"2020-01-21T09:44:51+00:00","og_image":[{"width":1950,"height":1299,"url":"https:\/\/www.asepta.com\/wp-content\/uploads\/2014\/08\/photo-1950.jpg","type":"image\/jpeg"}],"twitter_card":"summary_large_image","twitter_site":"@laboasepta","twitter_misc":{"Tempo estimado de leitura":"2 minutos"},"schema":{"@context":"https:\/\/schema.org","@graph":[{"@type":"WebPage","@id":"https:\/\/www.asepta.com\/pt-pt\/o-laboratorio\/asepta-75-anos-de-historia\/","url":"https:\/\/www.asepta.com\/pt-pt\/o-laboratorio\/asepta-75-anos-de-historia\/","name":"ASEPTA : 75 anos de hist\u00f3ria - Laboratoires ASEPTA Monaco","isPartOf":{"@id":"https:\/\/www.asepta.com\/pt-pt\/#website"},"primaryImageOfPage":{"@id":"https:\/\/www.asepta.com\/pt-pt\/o-laboratorio\/asepta-75-anos-de-historia\/#primaryimage"},"image":{"@id":"https:\/\/www.asepta.com\/pt-pt\/o-laboratorio\/asepta-75-anos-de-historia\/#primaryimage"},"thumbnailUrl":"https:\/\/www.asepta.com\/wp-content\/uploads\/2014\/08\/photo-1950.jpg","datePublished":"2014-08-12T07:50:06+00:00","dateModified":"2020-01-21T09:44:51+00:00","breadcrumb":{"@id":"https:\/\/www.asepta.com\/pt-pt\/o-laboratorio\/asepta-75-anos-de-historia\/#breadcrumb"},"inLanguage":"pt-PT","potentialAction":[{"@type":"ReadAction","target":["https:\/\/www.asepta.com\/pt-pt\/o-laboratorio\/asepta-75-anos-de-historia\/"]}]},{"@type":"ImageObject","inLanguage":"pt-PT","@id":"https:\/\/www.asepta.com\/pt-pt\/o-laboratorio\/asepta-75-anos-de-historia\/#primaryimage","url":"https:\/\/www.asepta.com\/wp-content\/uploads\/2014\/08\/photo-1950.jpg","contentUrl":"https:\/\/www.asepta.com\/wp-content\/uploads\/2014\/08\/photo-1950.jpg","width":1950,"height":1299},{"@type":"BreadcrumbList","@id":"https:\/\/www.asepta.com\/pt-pt\/o-laboratorio\/asepta-75-anos-de-historia\/#breadcrumb","itemListElement":[{"@type":"ListItem","position":1,"name":"Accueil","item":"https:\/\/www.asepta.com\/pt-pt\/"},{"@type":"ListItem","position":2,"name":"O Laborat\u00f3rio","item":"https:\/\/www.asepta.com\/pt-pt\/o-laboratorio\/"},{"@type":"ListItem","position":3,"name":"ASEPTA : 75 anos de hist\u00f3ria"}]},{"@type":"WebSite","@id":"https:\/\/www.asepta.com\/pt-pt\/#website","url":"https:\/\/www.asepta.com\/pt-pt\/","name":"Laboratoires ASEPTA Monaco","description":"Sp\u00e9cialistes en Dermo-Cosm\u00e9tiques","potentialAction":[{"@type":"SearchAction","target":{"@type":"EntryPoint","urlTemplate":"https:\/\/www.asepta.com\/pt-pt\/?s={search_term_string}"},"query-input":{"@type":"PropertyValueSpecification","valueRequired":true,"valueName":"search_term_string"}}],"inLanguage":"pt-PT"}]}},"_links":{"self":[{"href":"https:\/\/www.asepta.com\/pt-pt\/wp-json\/wp\/v2\/pages\/10232","targetHints":{"allow":["GET"]}}],"collection":[{"href":"https:\/\/www.asepta.com\/pt-pt\/wp-json\/wp\/v2\/pages"}],"about":[{"href":"https:\/\/www.asepta.com\/pt-pt\/wp-json\/wp\/v2\/types\/page"}],"author":[{"embeddable":true,"href":"https:\/\/www.asepta.com\/pt-pt\/wp-json\/wp\/v2\/users\/1533"}],"replies":[{"embeddable":true,"href":"https:\/\/www.asepta.com\/pt-pt\/wp-json\/wp\/v2\/comments?post=10232"}],"version-history":[{"count":4,"href":"https:\/\/www.asepta.com\/pt-pt\/wp-json\/wp\/v2\/pages\/10232\/revisions"}],"predecessor-version":[{"id":155772,"href":"https:\/\/www.asepta.com\/pt-pt\/wp-json\/wp\/v2\/pages\/10232\/revisions\/155772"}],"up":[{"embeddable":true,"href":"https:\/\/www.asepta.com\/pt-pt\/wp-json\/wp\/v2\/pages\/10242"}],"wp:featuredmedia":[{"embeddable":true,"href":"https:\/\/www.asepta.com\/pt-pt\/wp-json\/wp\/v2\/media\/5086"}],"wp:attachment":[{"href":"https:\/\/www.asepta.com\/pt-pt\/wp-json\/wp\/v2\/media?parent=10232"}],"curies":[{"name":"wp","href":"https:\/\/api.w.org\/{rel}","templated":true}]}}