{"id":10237,"date":"2014-08-12T08:49:56","date_gmt":"2014-08-12T07:49:56","guid":{"rendered":"http:\/\/asepta.com\/notre-engagement\/"},"modified":"2019-07-24T09:45:33","modified_gmt":"2019-07-24T08:45:33","slug":"carta-de-qualidade","status":"publish","type":"page","link":"https:\/\/www.asepta.com\/pt-pt\/o-laboratorio\/carta-de-qualidade\/","title":{"rendered":"Carta de qualidade"},"content":{"rendered":"<p><strong>1. A Seguran\u00e7a Dermatol\u00f3gica<\/strong><br \/>\nOs LABORAT\u00d3RIOS ASEPTA comprometem-se a utilizar apenas ingredientes necess\u00e1rios, para uma toler\u00e2ncia ideal e uma boa efic\u00e1cia. Selecionamos os ativos com melhor desempenho nas doses adaptadas.<\/p>\n<p><strong>2. As Normas<\/strong><br \/>\nOs LABORAT\u00d3RIOS ASEPTA cumprem as regras e normas internacionais atualmente em vigor na ind\u00fastria cosm\u00e9tica.<\/p>\n<p><strong>3. As Patentes<\/strong><br \/>\nTodos os produtos das gamas AKILE\u00cfNE\u00ae, COUP D\u2019ECLAT\u00ae, ECRINAL\u00ae e VITA CITRAL\u00ae s\u00e3o formulados com equipas especialistas em qu\u00edmica e farmac\u00eauticos. As nossas patentes s\u00e3o exclusivas, \u00fanicas e n\u00e3o podem ser comercializadas por laborat\u00f3rios independentes.<\/p>\n<p><strong>4. Os Ativos as Mat\u00e9rias-Primas<\/strong><br \/>\nTodos os ingredientes e diferentes compostos selecionados pelos LABORAT\u00d3RIOS ASEPTA respeitam a seguran\u00e7a dermatol\u00f3gica assim como a efic\u00e1cia biol\u00f3gica. As mat\u00e9rias-primas que comp\u00f5em os nossos produtos s\u00e3o rigorosamente selecionadas e reconhecidas pela sua efic\u00e1cia e inocuidade.<\/p>\n<p><strong>5. A Rastreabilidade<\/strong><br \/>\nOs LABORAT\u00d3RIOS ASEPTA comprometem-se a assumir o controlo rigoroso da origem e qualidade das suas mat\u00e9rias-primas. A rastreabilidade de todos os seus compostos, assim como os produtos finais, \u00e9 exercida numa conformidade ideal.<\/p>\n<p><strong>6. Os Estudos Cl\u00ednicos<\/strong><br \/>\nTodos os produtos dos LABORAT\u00d3RIOS ASEPTA passam por estudos de inocuidade e efic\u00e1cia para respeitarem as regulamenta\u00e7\u00e3o vigente sobre os cosm\u00e9ticos e para servirem melhor os seus utilizadores. S\u00e3o realizados e controlados estudos cl\u00ednicos e dermatol\u00f3gicos por parte de especialistas competentes. Cada produto \u00e9 testado nas suas condi\u00e7\u00f5es reais de utiliza\u00e7\u00e3o.<\/p>\n","protected":false},"excerpt":{"rendered":"<p>1. A Seguran\u00e7a Dermatol\u00f3gica Os LABORAT\u00d3RIOS ASEPTA comprometem-se a utilizar apenas ingredientes necess\u00e1rios, para uma toler\u00e2ncia ideal e uma boa efic\u00e1cia. Selecionamos os ativos com melhor desempenho nas doses adaptadas. 2. As Normas Os LABORAT\u00d3RIOS ASEPTA cumprem as regras e normas internacionais atualmente em vigor na ind\u00fastria cosm\u00e9tica. 3. As Patentes Todos os produtos das [&hellip;]<\/p>\n","protected":false},"author":1533,"featured_media":8426,"parent":10242,"menu_order":67,"comment_status":"closed","ping_status":"closed","template":"","meta":{"_acf_changed":false,"footnotes":""},"class_list":["post-10237","page","type-page","status-publish","has-post-thumbnail","hentry"],"acf":[],"yoast_head":"<!-- This site is optimized with the Yoast SEO plugin v27.5 - https:\/\/yoast.com\/product\/yoast-seo-wordpress\/ -->\n<title>Carta de qualidade - Laboratoires ASEPTA Monaco<\/title>\n<meta name=\"robots\" content=\"index, follow, max-snippet:-1, max-image-preview:large, max-video-preview:-1\" \/>\n<link rel=\"canonical\" href=\"https:\/\/www.asepta.com\/pt-pt\/o-laboratorio\/carta-de-qualidade\/\" \/>\n<meta property=\"og:locale\" content=\"pt_PT\" \/>\n<meta property=\"og:type\" content=\"article\" \/>\n<meta property=\"og:title\" content=\"Carta de qualidade - Laboratoires ASEPTA Monaco\" \/>\n<meta property=\"og:description\" content=\"1. A Seguran\u00e7a Dermatol\u00f3gica Os LABORAT\u00d3RIOS ASEPTA comprometem-se a utilizar apenas ingredientes necess\u00e1rios, para uma toler\u00e2ncia ideal e uma boa efic\u00e1cia. Selecionamos os ativos com melhor desempenho nas doses adaptadas. 2. As Normas Os LABORAT\u00d3RIOS ASEPTA cumprem as regras e normas internacionais atualmente em vigor na ind\u00fastria cosm\u00e9tica. 3. As Patentes Todos os produtos das [&hellip;]\" \/>\n<meta property=\"og:url\" content=\"https:\/\/www.asepta.com\/pt-pt\/o-laboratorio\/carta-de-qualidade\/\" \/>\n<meta property=\"og:site_name\" content=\"Laboratoires ASEPTA Monaco\" \/>\n<meta property=\"article:publisher\" content=\"https:\/\/www.facebook.com\/laboasepta\/\" \/>\n<meta property=\"article:modified_time\" content=\"2019-07-24T08:45:33+00:00\" \/>\n<meta property=\"og:image\" content=\"https:\/\/www.asepta.com\/wp-content\/uploads\/2019\/05\/Asepta-228.jpg\" \/>\n\t<meta property=\"og:image:width\" content=\"1920\" \/>\n\t<meta property=\"og:image:height\" content=\"1146\" \/>\n\t<meta property=\"og:image:type\" content=\"image\/jpeg\" \/>\n<meta name=\"twitter:card\" content=\"summary_large_image\" \/>\n<meta name=\"twitter:site\" content=\"@laboasepta\" \/>\n<meta name=\"twitter:label1\" content=\"Tempo estimado de leitura\" \/>\n\t<meta name=\"twitter:data1\" content=\"1 minuto\" \/>\n<script type=\"application\/ld+json\" class=\"yoast-schema-graph\">{\"@context\":\"https:\\\/\\\/schema.org\",\"@graph\":[{\"@type\":\"WebPage\",\"@id\":\"https:\\\/\\\/www.asepta.com\\\/pt-pt\\\/o-laboratorio\\\/carta-de-qualidade\\\/\",\"url\":\"https:\\\/\\\/www.asepta.com\\\/pt-pt\\\/o-laboratorio\\\/carta-de-qualidade\\\/\",\"name\":\"Carta de qualidade - Laboratoires ASEPTA Monaco\",\"isPartOf\":{\"@id\":\"https:\\\/\\\/www.asepta.com\\\/pt-pt\\\/#website\"},\"primaryImageOfPage\":{\"@id\":\"https:\\\/\\\/www.asepta.com\\\/pt-pt\\\/o-laboratorio\\\/carta-de-qualidade\\\/#primaryimage\"},\"image\":{\"@id\":\"https:\\\/\\\/www.asepta.com\\\/pt-pt\\\/o-laboratorio\\\/carta-de-qualidade\\\/#primaryimage\"},\"thumbnailUrl\":\"https:\\\/\\\/www.asepta.com\\\/wp-content\\\/uploads\\\/2019\\\/05\\\/Asepta-228.jpg\",\"datePublished\":\"2014-08-12T07:49:56+00:00\",\"dateModified\":\"2019-07-24T08:45:33+00:00\",\"breadcrumb\":{\"@id\":\"https:\\\/\\\/www.asepta.com\\\/pt-pt\\\/o-laboratorio\\\/carta-de-qualidade\\\/#breadcrumb\"},\"inLanguage\":\"pt-PT\",\"potentialAction\":[{\"@type\":\"ReadAction\",\"target\":[\"https:\\\/\\\/www.asepta.com\\\/pt-pt\\\/o-laboratorio\\\/carta-de-qualidade\\\/\"]}]},{\"@type\":\"ImageObject\",\"inLanguage\":\"pt-PT\",\"@id\":\"https:\\\/\\\/www.asepta.com\\\/pt-pt\\\/o-laboratorio\\\/carta-de-qualidade\\\/#primaryimage\",\"url\":\"https:\\\/\\\/www.asepta.com\\\/wp-content\\\/uploads\\\/2019\\\/05\\\/Asepta-228.jpg\",\"contentUrl\":\"https:\\\/\\\/www.asepta.com\\\/wp-content\\\/uploads\\\/2019\\\/05\\\/Asepta-228.jpg\",\"width\":1920,\"height\":1146},{\"@type\":\"BreadcrumbList\",\"@id\":\"https:\\\/\\\/www.asepta.com\\\/pt-pt\\\/o-laboratorio\\\/carta-de-qualidade\\\/#breadcrumb\",\"itemListElement\":[{\"@type\":\"ListItem\",\"position\":1,\"name\":\"Accueil\",\"item\":\"https:\\\/\\\/www.asepta.com\\\/pt-pt\\\/\"},{\"@type\":\"ListItem\",\"position\":2,\"name\":\"O Laborat\u00f3rio\",\"item\":\"https:\\\/\\\/www.asepta.com\\\/pt-pt\\\/o-laboratorio\\\/\"},{\"@type\":\"ListItem\",\"position\":3,\"name\":\"Carta de qualidade\"}]},{\"@type\":\"WebSite\",\"@id\":\"https:\\\/\\\/www.asepta.com\\\/pt-pt\\\/#website\",\"url\":\"https:\\\/\\\/www.asepta.com\\\/pt-pt\\\/\",\"name\":\"Laboratoires ASEPTA Monaco\",\"description\":\"Sp\u00e9cialistes en Dermo-Cosm\u00e9tiques\",\"potentialAction\":[{\"@type\":\"SearchAction\",\"target\":{\"@type\":\"EntryPoint\",\"urlTemplate\":\"https:\\\/\\\/www.asepta.com\\\/pt-pt\\\/?s={search_term_string}\"},\"query-input\":{\"@type\":\"PropertyValueSpecification\",\"valueRequired\":true,\"valueName\":\"search_term_string\"}}],\"inLanguage\":\"pt-PT\"}]}<\/script>\n<!-- \/ Yoast SEO plugin. -->","yoast_head_json":{"title":"Carta de qualidade - Laboratoires ASEPTA Monaco","robots":{"index":"index","follow":"follow","max-snippet":"max-snippet:-1","max-image-preview":"max-image-preview:large","max-video-preview":"max-video-preview:-1"},"canonical":"https:\/\/www.asepta.com\/pt-pt\/o-laboratorio\/carta-de-qualidade\/","og_locale":"pt_PT","og_type":"article","og_title":"Carta de qualidade - Laboratoires ASEPTA Monaco","og_description":"1. A Seguran\u00e7a Dermatol\u00f3gica Os LABORAT\u00d3RIOS ASEPTA comprometem-se a utilizar apenas ingredientes necess\u00e1rios, para uma toler\u00e2ncia ideal e uma boa efic\u00e1cia. Selecionamos os ativos com melhor desempenho nas doses adaptadas. 2. As Normas Os LABORAT\u00d3RIOS ASEPTA cumprem as regras e normas internacionais atualmente em vigor na ind\u00fastria cosm\u00e9tica. 3. As Patentes Todos os produtos das [&hellip;]","og_url":"https:\/\/www.asepta.com\/pt-pt\/o-laboratorio\/carta-de-qualidade\/","og_site_name":"Laboratoires ASEPTA Monaco","article_publisher":"https:\/\/www.facebook.com\/laboasepta\/","article_modified_time":"2019-07-24T08:45:33+00:00","og_image":[{"width":1920,"height":1146,"url":"https:\/\/www.asepta.com\/wp-content\/uploads\/2019\/05\/Asepta-228.jpg","type":"image\/jpeg"}],"twitter_card":"summary_large_image","twitter_site":"@laboasepta","twitter_misc":{"Tempo estimado de leitura":"1 minuto"},"schema":{"@context":"https:\/\/schema.org","@graph":[{"@type":"WebPage","@id":"https:\/\/www.asepta.com\/pt-pt\/o-laboratorio\/carta-de-qualidade\/","url":"https:\/\/www.asepta.com\/pt-pt\/o-laboratorio\/carta-de-qualidade\/","name":"Carta de qualidade - Laboratoires ASEPTA Monaco","isPartOf":{"@id":"https:\/\/www.asepta.com\/pt-pt\/#website"},"primaryImageOfPage":{"@id":"https:\/\/www.asepta.com\/pt-pt\/o-laboratorio\/carta-de-qualidade\/#primaryimage"},"image":{"@id":"https:\/\/www.asepta.com\/pt-pt\/o-laboratorio\/carta-de-qualidade\/#primaryimage"},"thumbnailUrl":"https:\/\/www.asepta.com\/wp-content\/uploads\/2019\/05\/Asepta-228.jpg","datePublished":"2014-08-12T07:49:56+00:00","dateModified":"2019-07-24T08:45:33+00:00","breadcrumb":{"@id":"https:\/\/www.asepta.com\/pt-pt\/o-laboratorio\/carta-de-qualidade\/#breadcrumb"},"inLanguage":"pt-PT","potentialAction":[{"@type":"ReadAction","target":["https:\/\/www.asepta.com\/pt-pt\/o-laboratorio\/carta-de-qualidade\/"]}]},{"@type":"ImageObject","inLanguage":"pt-PT","@id":"https:\/\/www.asepta.com\/pt-pt\/o-laboratorio\/carta-de-qualidade\/#primaryimage","url":"https:\/\/www.asepta.com\/wp-content\/uploads\/2019\/05\/Asepta-228.jpg","contentUrl":"https:\/\/www.asepta.com\/wp-content\/uploads\/2019\/05\/Asepta-228.jpg","width":1920,"height":1146},{"@type":"BreadcrumbList","@id":"https:\/\/www.asepta.com\/pt-pt\/o-laboratorio\/carta-de-qualidade\/#breadcrumb","itemListElement":[{"@type":"ListItem","position":1,"name":"Accueil","item":"https:\/\/www.asepta.com\/pt-pt\/"},{"@type":"ListItem","position":2,"name":"O Laborat\u00f3rio","item":"https:\/\/www.asepta.com\/pt-pt\/o-laboratorio\/"},{"@type":"ListItem","position":3,"name":"Carta de qualidade"}]},{"@type":"WebSite","@id":"https:\/\/www.asepta.com\/pt-pt\/#website","url":"https:\/\/www.asepta.com\/pt-pt\/","name":"Laboratoires ASEPTA Monaco","description":"Sp\u00e9cialistes en Dermo-Cosm\u00e9tiques","potentialAction":[{"@type":"SearchAction","target":{"@type":"EntryPoint","urlTemplate":"https:\/\/www.asepta.com\/pt-pt\/?s={search_term_string}"},"query-input":{"@type":"PropertyValueSpecification","valueRequired":true,"valueName":"search_term_string"}}],"inLanguage":"pt-PT"}]}},"_links":{"self":[{"href":"https:\/\/www.asepta.com\/pt-pt\/wp-json\/wp\/v2\/pages\/10237","targetHints":{"allow":["GET"]}}],"collection":[{"href":"https:\/\/www.asepta.com\/pt-pt\/wp-json\/wp\/v2\/pages"}],"about":[{"href":"https:\/\/www.asepta.com\/pt-pt\/wp-json\/wp\/v2\/types\/page"}],"author":[{"embeddable":true,"href":"https:\/\/www.asepta.com\/pt-pt\/wp-json\/wp\/v2\/users\/1533"}],"replies":[{"embeddable":true,"href":"https:\/\/www.asepta.com\/pt-pt\/wp-json\/wp\/v2\/comments?post=10237"}],"version-history":[{"count":2,"href":"https:\/\/www.asepta.com\/pt-pt\/wp-json\/wp\/v2\/pages\/10237\/revisions"}],"predecessor-version":[{"id":11578,"href":"https:\/\/www.asepta.com\/pt-pt\/wp-json\/wp\/v2\/pages\/10237\/revisions\/11578"}],"up":[{"embeddable":true,"href":"https:\/\/www.asepta.com\/pt-pt\/wp-json\/wp\/v2\/pages\/10242"}],"wp:featuredmedia":[{"embeddable":true,"href":"https:\/\/www.asepta.com\/pt-pt\/wp-json\/wp\/v2\/media\/8426"}],"wp:attachment":[{"href":"https:\/\/www.asepta.com\/pt-pt\/wp-json\/wp\/v2\/media?parent=10237"}],"curies":[{"name":"wp","href":"https:\/\/api.w.org\/{rel}","templated":true}]}}